{"id":616,"date":"2015-03-20T14:34:41","date_gmt":"2015-03-20T18:34:41","guid":{"rendered":"https:\/\/humanidades.uprrp.edu\/filosofia\/?page_id=616"},"modified":"2021-03-30T15:33:47","modified_gmt":"2021-03-30T19:33:47","slug":"dialogos-ano-xl-numero-86-julio-2005","status":"publish","type":"page","link":"https:\/\/humanidades.uprrp.edu\/filosofia\/?page_id=616","title":{"rendered":"Di\u00e1logos     A\u00f1o XL     N\u00famero 86    julio, 2005"},"content":{"rendered":"<table style=\"width: 446px;\" border=\"1\" cellspacing=\"0\" cellpadding=\"0\">\n<tbody>\n<tr>\n<td valign=\"top\" width=\"152\">Art\u00edculo<\/td>\n<td valign=\"top\" width=\"152\">Autor<\/td>\n<td valign=\"top\" width=\"142\">P\u00e1ginas<\/td>\n<\/tr>\n<tr>\n<td valign=\"top\" width=\"152\">\u00a0Tecnolog\u00eda y metafis\u00edca de la finitud.<\/td>\n<td valign=\"top\" width=\"152\">Am\u00e1n Rosales Rodr\u00edguez<\/td>\n<td valign=\"top\" width=\"142\">pp. 7-32<\/td>\n<\/tr>\n<tr>\n<td valign=\"top\" width=\"152\">El mundo y la \u00e9tica desde el lenguaje<\/td>\n<td valign=\"top\" width=\"152\">Andr\u00e9s Crelier<\/td>\n<td valign=\"top\" width=\"142\">pp.33-62<\/td>\n<\/tr>\n<tr>\n<td valign=\"top\" width=\"152\">Empirismo, ciencia y filosof\u00eda en <i>La ideolog\u00eda alemana<\/i><\/td>\n<td valign=\"top\" width=\"152\">Georg H. Fromm<\/td>\n<td valign=\"top\" width=\"142\">pp.63-93<\/td>\n<\/tr>\n<tr>\n<td valign=\"top\" width=\"152\">Tractatus 5.54-5.5423: Una relectura<\/td>\n<td valign=\"top\" width=\"152\">Jes\u00fas Padilla G\u00e1lvez<\/td>\n<td valign=\"top\" width=\"142\">pp. 95-128<\/td>\n<\/tr>\n<tr>\n<td valign=\"top\" width=\"152\">Freudian psychoanalysis and socratic Recollection: A comparative study<\/td>\n<td valign=\"top\" width=\"152\">Sherwin Klein<\/td>\n<td valign=\"top\" width=\"142\">pp.129-155<\/td>\n<\/tr>\n<tr>\n<td valign=\"top\" width=\"152\">Conciencia de objetos y conciencia de s\u00ed en Kant<\/td>\n<td valign=\"top\" width=\"152\">\u00c1lvaro L\u00f3pez Fern\u00e1ndez<\/td>\n<td valign=\"top\" width=\"142\">pp. 165-202<\/td>\n<\/tr>\n<tr>\n<td valign=\"top\" width=\"152\">Rese\u00f1as<\/td>\n<td valign=\"top\" width=\"152\"><\/td>\n<td valign=\"top\" width=\"142\">pp. 203-228<\/td>\n<\/tr>\n<tr>\n<td valign=\"top\" width=\"152\">Res\u00famenes sometidos de los trabajos publicados<\/td>\n<td valign=\"top\" width=\"152\"><\/td>\n<td valign=\"top\" width=\"142\">pp. 229-232<\/td>\n<\/tr>\n<\/tbody>\n<\/table>\n","protected":false},"excerpt":{"rendered":"<p>Art\u00edculo Autor P\u00e1ginas \u00a0Tecnolog\u00eda y metafis\u00edca de la finitud. Am\u00e1n Rosales Rodr\u00edguez pp. 7-32 El mundo y la \u00e9tica desde el lenguaje Andr\u00e9s Crelier pp.33-62 Empirismo, ciencia y filosof\u00eda en La ideolog\u00eda alemana Georg H. Fromm pp.63-93 Tractatus 5.54-5.5423: Una relectura Jes\u00fas Padilla G\u00e1lvez pp. 95-128 Freudian psychoanalysis and socratic &#8230;<\/p>\n","protected":false},"author":7,"featured_media":0,"parent":0,"menu_order":0,"comment_status":"closed","ping_status":"closed","template":"","meta":{"footnotes":""},"class_list":["post-616","page","type-page","status-publish","hentry","column","twocol"],"_links":{"self":[{"href":"https:\/\/humanidades.uprrp.edu\/filosofia\/index.php?rest_route=\/wp\/v2\/pages\/616","targetHints":{"allow":["GET"]}}],"collection":[{"href":"https:\/\/humanidades.uprrp.edu\/filosofia\/index.php?rest_route=\/wp\/v2\/pages"}],"about":[{"href":"https:\/\/humanidades.uprrp.edu\/filosofia\/index.php?rest_route=\/wp\/v2\/types\/page"}],"author":[{"embeddable":true,"href":"https:\/\/humanidades.uprrp.edu\/filosofia\/index.php?rest_route=\/wp\/v2\/users\/7"}],"replies":[{"embeddable":true,"href":"https:\/\/humanidades.uprrp.edu\/filosofia\/index.php?rest_route=%2Fwp%2Fv2%2Fcomments&post=616"}],"version-history":[{"count":2,"href":"https:\/\/humanidades.uprrp.edu\/filosofia\/index.php?rest_route=\/wp\/v2\/pages\/616\/revisions"}],"predecessor-version":[{"id":801,"href":"https:\/\/humanidades.uprrp.edu\/filosofia\/index.php?rest_route=\/wp\/v2\/pages\/616\/revisions\/801"}],"wp:attachment":[{"href":"https:\/\/humanidades.uprrp.edu\/filosofia\/index.php?rest_route=%2Fwp%2Fv2%2Fmedia&parent=616"}],"curies":[{"name":"wp","href":"https:\/\/api.w.org\/{rel}","templated":true}]}}