{"id":611,"date":"2015-03-20T14:30:08","date_gmt":"2015-03-20T18:30:08","guid":{"rendered":"https:\/\/humanidades.uprrp.edu\/filosofia\/?page_id=611"},"modified":"2021-03-30T15:33:25","modified_gmt":"2021-03-30T19:33:25","slug":"dialogos-ano-xxxviii-numero-82-julio-2003","status":"publish","type":"page","link":"https:\/\/humanidades.uprrp.edu\/filosofia\/?page_id=611","title":{"rendered":"Di\u00e1logos     A\u00f1o XXXVIII    N\u00famero 82    julio, 2003"},"content":{"rendered":"<table style=\"width: 392px;\" border=\"1\" cellspacing=\"0\" cellpadding=\"0\" align=\"left\">\n<tbody>\n<tr>\n<td valign=\"top\" width=\"152\">Art\u00edculo<\/td>\n<td valign=\"top\" width=\"155\">Autor<\/td>\n<td valign=\"top\" width=\"86\">P\u00e1ginas<\/td>\n<\/tr>\n<tr>\n<td valign=\"top\" width=\"152\">Where are Facts? : A case for internal factual realism<\/td>\n<td valign=\"top\" width=\"155\">Xinli Wang<\/td>\n<td valign=\"top\" width=\"86\">pp. 7-30<\/td>\n<\/tr>\n<tr>\n<td valign=\"top\" width=\"152\">Mental content: Many semantics, one single, project<\/td>\n<td valign=\"top\" width=\"155\">Liza Skidelsky<\/td>\n<td valign=\"top\" width=\"86\">pp. 31-55<\/td>\n<\/tr>\n<tr>\n<td valign=\"top\" width=\"152\">Explicar lo que ocurri\u00f3: una evaluaci\u00f3n de la tesis de la re-enactment of Collingwood y su aplicaci\u00f3n a la explicaci\u00f3n hist\u00f3rica<\/td>\n<td valign=\"top\" width=\"155\">Rosa Belvedresi<\/td>\n<td valign=\"top\" width=\"86\">pp. 57-81<\/td>\n<\/tr>\n<tr>\n<td valign=\"top\" width=\"152\">La paradoja de la esencia en la primera metaf\u00edsica de Ar\u00edstoteles<\/td>\n<td valign=\"top\" width=\"155\">Fabi\u00e1n Mi\u00e9<\/td>\n<td valign=\"top\" width=\"86\">pp. 83-107<\/td>\n<\/tr>\n<tr>\n<td valign=\"top\" width=\"152\">Descartes\u2019Sylogistic proof or the existence and the cogito<\/td>\n<td valign=\"top\" width=\"155\">Stanley Tweyman<\/td>\n<td valign=\"top\" width=\"86\">pp. 109-120<\/p>\n<p>&nbsp;<\/td>\n<\/tr>\n<tr>\n<td valign=\"top\" width=\"152\">Pensamientos sobre el nacimientos de la tragedia de Friedrich Nierzsche: La filosof\u00eda salvaje y el \u00e1nimo musical<\/td>\n<td valign=\"top\" width=\"155\">Walter Murray Cestero<\/td>\n<td valign=\"top\" width=\"86\">pp.121-161<\/td>\n<\/tr>\n<tr>\n<td valign=\"top\" width=\"152\">Sartre, Heidegger y la disoluci\u00f3n de la filosof\u00eda de la subjetividad<\/td>\n<td valign=\"top\" width=\"155\">Jes\u00fas Adr\u00edan Escudero<\/td>\n<td valign=\"top\" width=\"86\">pp.163-190<\/td>\n<\/tr>\n<tr>\n<td valign=\"top\" width=\"152\">Nacionalismo y Filosof\u00eda<\/td>\n<td valign=\"top\" width=\"155\">Marcos Garc\u00eda de la Huerta<\/td>\n<td valign=\"top\" width=\"86\">pp. 191-204<\/p>\n<p>&nbsp;<\/td>\n<\/tr>\n<tr>\n<td valign=\"top\" width=\"152\">Afectividad y disposicionalidad: Michel Henry, Lector de Heidegger<\/td>\n<td valign=\"top\" width=\"155\">Mario Lipsitz<\/td>\n<td valign=\"top\" width=\"86\">\u00a0\u00a0\u00a0\u00a0\u00a0 pp. 205-223<\/td>\n<\/tr>\n<\/tbody>\n<\/table>\n","protected":false},"excerpt":{"rendered":"<p>Art\u00edculo Autor P\u00e1ginas Where are Facts? : A case for internal factual realism Xinli Wang pp. 7-30 Mental content: Many semantics, one single, project Liza Skidelsky pp. 31-55 Explicar lo que ocurri\u00f3: una evaluaci\u00f3n de la tesis de la re-enactment of Collingwood y su aplicaci\u00f3n a la explicaci\u00f3n hist\u00f3rica Rosa &#8230;<\/p>\n","protected":false},"author":7,"featured_media":0,"parent":0,"menu_order":0,"comment_status":"closed","ping_status":"closed","template":"","meta":{"footnotes":""},"class_list":["post-611","page","type-page","status-publish","hentry","column","twocol"],"_links":{"self":[{"href":"https:\/\/humanidades.uprrp.edu\/filosofia\/index.php?rest_route=\/wp\/v2\/pages\/611","targetHints":{"allow":["GET"]}}],"collection":[{"href":"https:\/\/humanidades.uprrp.edu\/filosofia\/index.php?rest_route=\/wp\/v2\/pages"}],"about":[{"href":"https:\/\/humanidades.uprrp.edu\/filosofia\/index.php?rest_route=\/wp\/v2\/types\/page"}],"author":[{"embeddable":true,"href":"https:\/\/humanidades.uprrp.edu\/filosofia\/index.php?rest_route=\/wp\/v2\/users\/7"}],"replies":[{"embeddable":true,"href":"https:\/\/humanidades.uprrp.edu\/filosofia\/index.php?rest_route=%2Fwp%2Fv2%2Fcomments&post=611"}],"version-history":[{"count":3,"href":"https:\/\/humanidades.uprrp.edu\/filosofia\/index.php?rest_route=\/wp\/v2\/pages\/611\/revisions"}],"predecessor-version":[{"id":800,"href":"https:\/\/humanidades.uprrp.edu\/filosofia\/index.php?rest_route=\/wp\/v2\/pages\/611\/revisions\/800"}],"wp:attachment":[{"href":"https:\/\/humanidades.uprrp.edu\/filosofia\/index.php?rest_route=%2Fwp%2Fv2%2Fmedia&parent=611"}],"curies":[{"name":"wp","href":"https:\/\/api.w.org\/{rel}","templated":true}]}}