{"id":605,"date":"2015-03-20T14:22:45","date_gmt":"2015-03-20T18:22:45","guid":{"rendered":"https:\/\/humanidades.uprrp.edu\/filosofia\/?page_id=605"},"modified":"2021-03-30T15:31:27","modified_gmt":"2021-03-30T19:31:27","slug":"dialogos-ano-xxviii-numero-61-enero-1993","status":"publish","type":"page","link":"https:\/\/humanidades.uprrp.edu\/filosofia\/?page_id=605","title":{"rendered":"Di\u00e1logos    A\u00f1o XXVIII    N\u00famero 61   enero, 1993"},"content":{"rendered":"<table style=\"width: 446px;\" border=\"1\" cellspacing=\"0\" cellpadding=\"0\">\n<tbody>\n<tr>\n<td valign=\"top\" width=\"152\">Art\u00edculo<\/td>\n<td valign=\"top\" width=\"152\">Autor<\/td>\n<td valign=\"top\" width=\"142\">P\u00e1ginas<\/td>\n<\/tr>\n<tr>\n<td valign=\"top\" width=\"152\"><a href=\"https:\/\/humanidades.uprrp.edu\/filosofia\/wp-content\/uploads\/2015\/03\/en-trono-al-deseo-carlos-masmela-dialogos61-1993-pp7-24.pdf\">En Torno al Deseo<\/a><\/td>\n<td valign=\"top\" width=\"152\"><a href=\"https:\/\/humanidades.uprrp.edu\/filosofia\/wp-content\/uploads\/2015\/03\/en-trono-al-deseo-carlos-masmela-dialogos61-1993-pp7-24.pdf\">Carlos M\u00e1smela<\/a><\/td>\n<td valign=\"top\" width=\"142\"><a href=\"https:\/\/humanidades.uprrp.edu\/filosofia\/wp-content\/uploads\/2015\/03\/en-trono-al-deseo-carlos-masmela-dialogos61-1993-pp7-24.pdf\">pp. 7-24<\/a><\/td>\n<\/tr>\n<tr>\n<td valign=\"top\" width=\"152\"><a href=\"https:\/\/humanidades.uprrp.edu\/filosofia\/wp-content\/uploads\/2015\/03\/la-tesis-del-la-constitucion-de-los-objetos-y-las-variantes-del-realismo-y-del-idealismo-en-la-critica-de-la-razon-pura-alvaro-lopez-fernandez.pdf\">La Tesis de la Constituci\u00f3n de los Objetos y las Variantes del Realismo y del Idealismo en la <i>Cr\u00edtica de la Raz\u00f3n Pura<\/i><\/a><\/td>\n<td valign=\"top\" width=\"152\"><a href=\"https:\/\/humanidades.uprrp.edu\/filosofia\/wp-content\/uploads\/2015\/03\/la-tesis-del-la-constitucion-de-los-objetos-y-las-variantes-del-realismo-y-del-idealismo-en-la-critica-de-la-razon-pura-alvaro-lopez-fernandez.pdf\">\u00c1lvaro L\u00f3pez Fern\u00e1ndez<\/a><\/td>\n<td valign=\"top\" width=\"142\"><a href=\"https:\/\/humanidades.uprrp.edu\/filosofia\/wp-content\/uploads\/2015\/03\/la-tesis-del-la-constitucion-de-los-objetos-y-las-variantes-del-realismo-y-del-idealismo-en-la-critica-de-la-razon-pura-alvaro-lopez-fernandez.pdf\">pp. 53-84<\/a><\/td>\n<\/tr>\n<tr>\n<td valign=\"top\" width=\"152\"><a href=\"https:\/\/humanidades.uprrp.edu\/filosofia\/wp-content\/uploads\/2015\/03\/freedom-causality-and-the-antinomy-of-teleological-judgement-an-investigation-of-kant-s-resolution-of-two-realms.pdf\">Freedom, Casuality, and the Antimony of Teleological Judgement<\/a><\/td>\n<td valign=\"top\" width=\"152\"><a href=\"https:\/\/humanidades.uprrp.edu\/filosofia\/wp-content\/uploads\/2015\/03\/freedom-causality-and-the-antinomy-of-teleological-judgement-an-investigation-of-kant-s-resolution-of-two-realms.pdf\">Todd May<\/a><\/td>\n<td valign=\"top\" width=\"142\"><a href=\"https:\/\/humanidades.uprrp.edu\/filosofia\/wp-content\/uploads\/2015\/03\/freedom-causality-and-the-antinomy-of-teleological-judgement-an-investigation-of-kant-s-resolution-of-two-realms.pdf\">pp. 85-100<\/a><\/td>\n<\/tr>\n<tr>\n<td valign=\"top\" width=\"152\"><a href=\"https:\/\/humanidades.uprrp.edu\/filosofia\/wp-content\/uploads\/2015\/03\/critical-theory-as-distinct-from-scientific-theory-its-distinctive-features-and-import-kai-nielsen.pdf\">Critical theory as distinct from scientific theory: Its distinctive features and import.<\/a><\/td>\n<td valign=\"top\" width=\"152\"><a href=\"https:\/\/humanidades.uprrp.edu\/filosofia\/wp-content\/uploads\/2015\/03\/critical-theory-as-distinct-from-scientific-theory-its-distinctive-features-and-import-kai-nielsen.pdf\">Kai Nielsen<\/a><\/td>\n<td valign=\"top\" width=\"142\"><a href=\"https:\/\/humanidades.uprrp.edu\/filosofia\/wp-content\/uploads\/2015\/03\/critical-theory-as-distinct-from-scientific-theory-its-distinctive-features-and-import-kai-nielsen.pdf\">pp. 101-124<\/a><\/td>\n<\/tr>\n<tr>\n<td valign=\"top\" width=\"152\"><a href=\"https:\/\/humanidades.uprrp.edu\/filosofia\/wp-content\/uploads\/2015\/03\/organicism-revolution-and-the-origins-of-sociology-roger-paden.pdf\">Organicism, revolution and the origins of sociology.<\/a><\/td>\n<td valign=\"top\" width=\"152\"><a href=\"https:\/\/humanidades.uprrp.edu\/filosofia\/wp-content\/uploads\/2015\/03\/organicism-revolution-and-the-origins-of-sociology-roger-paden.pdf\">Roger Paden<\/a><\/td>\n<td valign=\"top\" width=\"142\"><a href=\"https:\/\/humanidades.uprrp.edu\/filosofia\/wp-content\/uploads\/2015\/03\/organicism-revolution-and-the-origins-of-sociology-roger-paden.pdf\">pp. 125-138<\/a><\/td>\n<\/tr>\n<tr>\n<td valign=\"top\" width=\"152\"><a href=\"https:\/\/humanidades.uprrp.edu\/filosofia\/wp-content\/uploads\/2015\/03\/is-epistemological-foundationalism-untenable-predrag-cicovacki.pdf\">Is epistemological foundationalism untenable?<\/a><\/td>\n<td valign=\"top\" width=\"152\"><a href=\"https:\/\/humanidades.uprrp.edu\/filosofia\/wp-content\/uploads\/2015\/03\/is-epistemological-foundationalism-untenable-predrag-cicovacki.pdf\">Predrag Cicovacki<\/a><\/td>\n<td valign=\"top\" width=\"142\"><a href=\"https:\/\/humanidades.uprrp.edu\/filosofia\/wp-content\/uploads\/2015\/03\/is-epistemological-foundationalism-untenable-predrag-cicovacki.pdf\">139-168<\/a><\/td>\n<\/tr>\n<tr>\n<td valign=\"top\" width=\"152\"><a href=\"https:\/\/humanidades.uprrp.edu\/filosofia\/wp-content\/uploads\/2015\/03\/literatura-reciente-sobre-wittgensteinII-carla-cordua.pdf\">Literatura reciente sobre Wittgenstein, II<\/a><\/td>\n<td valign=\"top\" width=\"152\"><a href=\"https:\/\/humanidades.uprrp.edu\/filosofia\/wp-content\/uploads\/2015\/03\/literatura-reciente-sobre-wittgensteinII-carla-cordua.pdf\">Carla Cordua<\/a><\/td>\n<td valign=\"top\" width=\"142\"><a href=\"https:\/\/humanidades.uprrp.edu\/filosofia\/wp-content\/uploads\/2015\/03\/literatura-reciente-sobre-wittgensteinII-carla-cordua.pdf\">169-193<\/a><\/td>\n<\/tr>\n<tr>\n<td valign=\"top\" width=\"152\"><a href=\"https:\/\/humanidades.uprrp.edu\/filosofia\/wp-content\/uploads\/2015\/03\/resenas.pdf\">Rese\u00f1as<\/a><\/td>\n<td valign=\"top\" width=\"152\"><a href=\"https:\/\/humanidades.uprrp.edu\/filosofia\/wp-content\/uploads\/2015\/03\/resenas.pdf\">\u00a0<\/a><\/td>\n<td valign=\"top\" width=\"142\"><a href=\"https:\/\/humanidades.uprrp.edu\/filosofia\/wp-content\/uploads\/2015\/03\/resenas.pdf\">195-209<\/a><\/td>\n<\/tr>\n<\/tbody>\n<\/table>\n","protected":false},"excerpt":{"rendered":"<p>Art\u00edculo Autor P\u00e1ginas En Torno al Deseo Carlos M\u00e1smela pp. 7-24 La Tesis de la Constituci\u00f3n de los Objetos y las Variantes del Realismo y del Idealismo en la Cr\u00edtica de la Raz\u00f3n Pura \u00c1lvaro L\u00f3pez Fern\u00e1ndez pp. 53-84 Freedom, Casuality, and the Antimony of Teleological Judgement Todd May pp. &#8230;<\/p>\n","protected":false},"author":7,"featured_media":0,"parent":0,"menu_order":0,"comment_status":"closed","ping_status":"closed","template":"","meta":{"footnotes":""},"class_list":["post-605","page","type-page","status-publish","hentry","column","twocol"],"_links":{"self":[{"href":"https:\/\/humanidades.uprrp.edu\/filosofia\/index.php?rest_route=\/wp\/v2\/pages\/605","targetHints":{"allow":["GET"]}}],"collection":[{"href":"https:\/\/humanidades.uprrp.edu\/filosofia\/index.php?rest_route=\/wp\/v2\/pages"}],"about":[{"href":"https:\/\/humanidades.uprrp.edu\/filosofia\/index.php?rest_route=\/wp\/v2\/types\/page"}],"author":[{"embeddable":true,"href":"https:\/\/humanidades.uprrp.edu\/filosofia\/index.php?rest_route=\/wp\/v2\/users\/7"}],"replies":[{"embeddable":true,"href":"https:\/\/humanidades.uprrp.edu\/filosofia\/index.php?rest_route=%2Fwp%2Fv2%2Fcomments&post=605"}],"version-history":[{"count":12,"href":"https:\/\/humanidades.uprrp.edu\/filosofia\/index.php?rest_route=\/wp\/v2\/pages\/605\/revisions"}],"predecessor-version":[{"id":644,"href":"https:\/\/humanidades.uprrp.edu\/filosofia\/index.php?rest_route=\/wp\/v2\/pages\/605\/revisions\/644"}],"wp:attachment":[{"href":"https:\/\/humanidades.uprrp.edu\/filosofia\/index.php?rest_route=%2Fwp%2Fv2%2Fmedia&parent=605"}],"curies":[{"name":"wp","href":"https:\/\/api.w.org\/{rel}","templated":true}]}}