{"id":587,"date":"2015-03-20T13:57:07","date_gmt":"2015-03-20T17:57:07","guid":{"rendered":"https:\/\/humanidades.uprrp.edu\/filosofia\/?page_id=587"},"modified":"2021-03-30T15:06:31","modified_gmt":"2021-03-30T19:06:31","slug":"dialogos-ano-xxi-numero-47-enero-1986","status":"publish","type":"page","link":"https:\/\/humanidades.uprrp.edu\/filosofia\/?page_id=587","title":{"rendered":"Di\u00e1logos    A\u00f1o XXI    N\u00famero 47    enero, 1986"},"content":{"rendered":"<table style=\"width: 487px;\" border=\"1\" cellspacing=\"0\" cellpadding=\"0\">\n<tbody>\n<tr>\n<td valign=\"top\" width=\"235\">Art\u00edculo<\/td>\n<td valign=\"top\" width=\"153\">Autor<\/td>\n<td valign=\"top\" width=\"99\">P\u00e1ginas<\/td>\n<\/tr>\n<tr>\n<td valign=\"top\" width=\"235\">La interpretaci\u00f3n actual del <i>Tractatus <\/i><\/td>\n<td valign=\"top\" width=\"153\">Carla Cordua<\/td>\n<td valign=\"top\" width=\"99\">pp. 7-13<\/td>\n<\/tr>\n<tr>\n<td valign=\"top\" width=\"235\">Naturaleza, origen y significado de los sue\u00f1os en Arist\u00f3teles<\/td>\n<td valign=\"top\" width=\"153\">Angel J. Cappelletti<\/td>\n<td valign=\"top\" width=\"99\">pp. 15-43<\/td>\n<\/tr>\n<tr>\n<td valign=\"top\" width=\"235\">Hume\u2019s concept of time, a co- determinant of his epistemology<\/td>\n<td valign=\"top\" width=\"153\">Howard Seeman<\/td>\n<td valign=\"top\" width=\"99\">pp. 45-68<\/td>\n<\/tr>\n<tr>\n<td valign=\"top\" width=\"235\">The work of art as an unfinished whole<\/td>\n<td valign=\"top\" width=\"153\">Christopher Perricone<\/td>\n<td valign=\"top\" width=\"99\">pp. 69-80<\/td>\n<\/tr>\n<tr>\n<td valign=\"top\" width=\"235\">El concepto Althusseriano de ciencia y su relaci\u00f3n con Bachelard<\/td>\n<td valign=\"top\" width=\"153\">Felix R. Figueros Caban<\/td>\n<td valign=\"top\" width=\"99\">pp. 81- 105<\/td>\n<\/tr>\n<tr>\n<td valign=\"top\" width=\"235\">Conscience and ethical subjectivity<\/td>\n<td valign=\"top\" width=\"153\">William H. Davis<\/td>\n<td valign=\"top\" width=\"99\">pp. 107119<\/td>\n<\/tr>\n<tr>\n<td valign=\"top\" width=\"235\">A key to revisionist thinking on suicide<\/td>\n<td valign=\"top\" width=\"153\">May A. Webber<\/td>\n<td valign=\"top\" width=\"99\">pp. 121-133<\/td>\n<\/tr>\n<tr>\n<td valign=\"top\" width=\"235\">Estudios cr\u00edticos<\/td>\n<td valign=\"top\" width=\"153\">Carla Cordua<\/td>\n<td valign=\"top\" width=\"99\">pp. 135-149<\/td>\n<\/tr>\n<tr>\n<td valign=\"top\" width=\"235\">Los argumentos del Antiplatonismo<\/td>\n<td valign=\"top\" width=\"153\">Guillermo E. Rosado Haddock<\/td>\n<td valign=\"top\" width=\"99\">pp. 151-168<\/td>\n<\/tr>\n<tr>\n<td valign=\"top\" width=\"235\">Jean Largeault y la filosof\u00eda de la naturaleza<\/td>\n<td valign=\"top\" width=\"153\">Miguel Espinoza<\/td>\n<td valign=\"top\" width=\"99\">pp. 169-175<\/td>\n<\/tr>\n<tr>\n<td valign=\"top\" width=\"235\">Rese\u00f1as<\/td>\n<td valign=\"top\" width=\"153\"><\/td>\n<td valign=\"top\" width=\"99\">pp. 177-199<\/td>\n<\/tr>\n<\/tbody>\n<\/table>\n","protected":false},"excerpt":{"rendered":"<p>Art\u00edculo Autor P\u00e1ginas La interpretaci\u00f3n actual del Tractatus Carla Cordua pp. 7-13 Naturaleza, origen y significado de los sue\u00f1os en Arist\u00f3teles Angel J. Cappelletti pp. 15-43 Hume\u2019s concept of time, a co- determinant of his epistemology Howard Seeman pp. 45-68 The work of art as an unfinished whole Christopher Perricone &#8230;<\/p>\n","protected":false},"author":7,"featured_media":0,"parent":0,"menu_order":0,"comment_status":"closed","ping_status":"closed","template":"","meta":{"footnotes":""},"class_list":["post-587","page","type-page","status-publish","hentry","column","twocol"],"_links":{"self":[{"href":"https:\/\/humanidades.uprrp.edu\/filosofia\/index.php?rest_route=\/wp\/v2\/pages\/587","targetHints":{"allow":["GET"]}}],"collection":[{"href":"https:\/\/humanidades.uprrp.edu\/filosofia\/index.php?rest_route=\/wp\/v2\/pages"}],"about":[{"href":"https:\/\/humanidades.uprrp.edu\/filosofia\/index.php?rest_route=\/wp\/v2\/types\/page"}],"author":[{"embeddable":true,"href":"https:\/\/humanidades.uprrp.edu\/filosofia\/index.php?rest_route=\/wp\/v2\/users\/7"}],"replies":[{"embeddable":true,"href":"https:\/\/humanidades.uprrp.edu\/filosofia\/index.php?rest_route=%2Fwp%2Fv2%2Fcomments&post=587"}],"version-history":[{"count":16,"href":"https:\/\/humanidades.uprrp.edu\/filosofia\/index.php?rest_route=\/wp\/v2\/pages\/587\/revisions"}],"predecessor-version":[{"id":799,"href":"https:\/\/humanidades.uprrp.edu\/filosofia\/index.php?rest_route=\/wp\/v2\/pages\/587\/revisions\/799"}],"wp:attachment":[{"href":"https:\/\/humanidades.uprrp.edu\/filosofia\/index.php?rest_route=%2Fwp%2Fv2%2Fmedia&parent=587"}],"curies":[{"name":"wp","href":"https:\/\/api.w.org\/{rel}","templated":true}]}}