{"id":540,"date":"2014-12-22T20:20:59","date_gmt":"2014-12-22T20:20:59","guid":{"rendered":"https:\/\/humanidades.uprrp.edu\/filosofia\/?page_id=540"},"modified":"2025-02-24T16:23:59","modified_gmt":"2025-02-24T20:23:59","slug":"guia-de-procedimientos-graduados","status":"publish","type":"page","link":"https:\/\/humanidades.uprrp.edu\/filosofia\/?page_id=540","title":{"rendered":"Gu\u00eda de procedimientos graduados"},"content":{"rendered":"\n<h2 class=\"wp-block-heading has-vivid-red-color has-text-color has-link-color wp-elements-f9dac06ffa2a64ffe40d449ab5cbdcec\">Informaci\u00f3n general<\/h2>\n\n\n\n<p>Los estudiantes graduados presentan un proyecto o tesis de maestr\u00eda y una disertaci\u00f3n a nivel doctoral como parte de los requisitos del grado del Recinto de R\u00edo Piedras de la Universidad de Puerto Rico. El Degi (Departamento de Estudios Graduados e Investigaci\u00f3n) tiene la responsabilidad de establecer la normativa institucional en cuanto al formato de las tesis, disertaciones y proyectos equivalentes.<a title=\"Certificaci\u00f3n 38\" href=\"http:\/\/http:\/\/senado.uprrp.edu\/Certificaciones\/Cert2012-2013\/CSA-38-2012-2013.pdf\" target=\"_blank\" rel=\"noopener\"> La&nbsp;<em>Gu\u00eda para el establecimiento de procedimientos pertinentes a tesis y proyectos del Recinto de R\u00edo Piedras<\/em>&nbsp;y&nbsp;<em>Formato para las tesis o proyectos de maestr\u00eda y las tesis de doctorado en el Recinto de R\u00edo Piedras ,<\/em>&nbsp;aprobados por el Consejo Asesor de Estudios Graduados e Investigaci\u00f3n el 12 de diciembre de 1997<\/a>, son los documentos que establecen dicha normativa. Estos documentos incluyen los procedimientos espec\u00edficos que deben llevarse a cabo durante el proceso de preparaci\u00f3n de tesis o proyecto, tales como la formaci\u00f3n de Comit\u00e9 de Tesis o Disertaci\u00f3n, presentaci\u00f3n de propuesta, solicitudes de defensa de tesis, entre otros.<\/p>\n\n\n\n<p>El Degi apoya al estudiante en este proceso a trav\u00e9s del&nbsp;<a href=\"http:\/\/graduados.uprrp.edu\/index.php?Itemid=420\" target=\"_blank\" rel=\"noopener\">Comit\u00e9 institucional para la protecci\u00f3n de los seres humanos como sujetos en la investigaci\u00f3n (Cipshi)<\/a>&nbsp;y de la publicaci\u00f3n de tesis, proyectos y disertaciones en el sistema&nbsp;<a href=\"http:\/\/wwwlib.umi.com\/cr\/upuer\/main\/\" target=\"_blank\" rel=\"noopener\">University Microfilms International (UMI)<\/a>. El Degi ofrece anualmente becas para tesis y disertaci\u00f3n que el estudiantado graduado puede solicitar.<\/p>\n\n\n\n<h2 class=\"wp-block-heading has-vivid-red-color has-text-color has-link-color wp-elements-826f22bf0867f5695adddd5d0c2ad96d\">UMI<\/h2>\n\n\n\n<p><a title=\"http:\/\/www.umi.com\/\" href=\"http:\/\/www.umi.com\/\" target=\"_blank\" rel=\"noopener\">University Microfilm International (UMI)<\/a>&nbsp;divulga internacionalmente, de forma electr\u00f3nica, las investigaciones realizadas en las universidades como requisito de los grados conferidos. Desde el 1997, el Degi promueve la publicaci\u00f3n de tesis, proyectos y disertaciones del estudiantado graduado del Recinto de R\u00edo Piedras mediante UMI. El proceso de env\u00edo de trabajos a UMI se completar\u00e1 en papel hasta diciembre de 2009. A partir de enero de 2010 el procedimiento se realizar\u00e1 \u00fanicamente de forma electr\u00f3nica, no se aceptar\u00e1n copias en papel.<\/p>\n\n\n\n<h2 class=\"wp-block-heading has-vivid-red-color has-text-color has-link-color wp-elements-3c041a68a18dc71ad9f3961b876ab8ba\">Pol\u00edticas institucionales<\/h2>\n\n\n\n<p>A continuaci\u00f3n se presenta una lista de las pol\u00edticas institucionales m\u00e1s importantes que aplican a los estudiantes graduados del Recinto:<\/p>\n\n\n\n<h2 class=\"wp-block-heading has-vivid-red-color has-text-color has-link-color wp-elements-1028254fec247408b26e7b964e00a91b\">Reglamentos<\/h2>\n\n\n\n<ul class=\"wp-block-list\">\n<li><a href=\"http:\/\/graduados.uprrp.edu\/images\/pdf\/Reglamento_General_Est_UPR_RP.pdf\" target=\"_blank\" rel=\"noopener\">Reglamento de estudiantes de la Universidad de Puerto Rico, Recinto de R\u00edo Piedras<\/a><\/li>\n\n\n\n<li><a href=\"http:\/\/graduados.uprrp.edu\/images\/pdf\/Reglamento_General_UPR.pdf\" target=\"_blank\" rel=\"noopener\">Reglamento General de la Universidad de Puerto Rico<\/a><\/li>\n<\/ul>\n\n\n\n<h2 class=\"wp-block-heading has-vivid-red-color has-text-color has-link-color wp-elements-eda7beae5b09d37144d4573ba94f90a4\">Normas de los programas graduados<\/h2>\n\n\n\n<ul class=\"wp-block-list\">\n<li><a href=\"http:\/\/graduados.uprrp.edu\/images\/pdf\/Cert_055_1977_78_SA.pdf\" target=\"_blank\" rel=\"noopener\">Certificaci\u00f3n 55 (1977-1978)<\/a>&nbsp;del Senado Acad\u00e9mico<\/li>\n\n\n\n<li><a href=\"http:\/\/graduados.uprrp.edu\/images\/pdf\/Cert_072_1991_92_SA.pdf\" target=\"_blank\" rel=\"noopener\">Certificaci\u00f3n 72 (1991-1992)<\/a>&nbsp;del Senado Acad\u00e9mico<\/li>\n\n\n\n<li>Vigencia de las certificaciones 55 y 72 &#8211;&nbsp;<a href=\"http:\/\/graduados.uprrp.edu\/images\/pdf\/Cir_022_1993_94_R.pdf\" target=\"_blank\" rel=\"noopener\">Circular N\u00fam. 22 (1993-1994)<\/a>&nbsp;de Rector\u00eda<\/li>\n<\/ul>\n\n\n\n<h2 class=\"wp-block-heading has-vivid-red-color has-text-color has-link-color wp-elements-33395b8e320309e078d1a9554454b5dd\">Ayudant\u00edas acad\u00e9micas<\/h2>\n\n\n\n<ul class=\"wp-block-list\">\n<li><a href=\"http:\/\/graduados.uprrp.edu\/images\/pdf\/Cert_135_1988_89_CES.pdf\" target=\"_blank\" rel=\"noopener\">Certificaci\u00f3n 135 (1988-1989)<\/a>&nbsp;del Consejo de Educaci\u00f3n Superior<\/li>\n\n\n\n<li><a href=\"http:\/\/graduados.uprrp.edu\/images\/pdf\/Cert_140_1999_00_JS.pdf\" target=\"_blank\" rel=\"noopener\">Certificaci\u00f3n 140 (1999-2000)<\/a>&nbsp;de la Junta de S\u00edndicos<\/li>\n<\/ul>\n\n\n\n<h2 class=\"wp-block-heading has-vivid-red-color has-text-color has-link-color wp-elements-d58b87ca17263b6adac84ceb3764c379\">Concesi\u00f3n de becas<\/h2>\n\n\n\n<ul class=\"wp-block-list\">\n<li><a href=\"http:\/\/graduados.uprrp.edu\/images\/pdf\/Cert_072_2006_07_JS.pdf\" target=\"_blank\" rel=\"noopener\">Certificaci\u00f3n 72 (2006-2007)<\/a>&nbsp;de la Junta de S\u00edndicos<\/li>\n<\/ul>\n\n\n\n<h2 class=\"wp-block-heading has-vivid-red-color has-text-color has-link-color wp-elements-d65dbaebe152f164568e98649d74a95a\">Progreso acad\u00e9mico<\/h2>\n\n\n\n<ul class=\"wp-block-list\">\n<li>Caducidad de cursos &#8211;&nbsp;<a href=\"http:\/\/graduados.uprrp.edu\/images\/pdf\/Cir_007_1987_88_DAA.pdf\" target=\"_blank\" rel=\"noopener\">Circular N\u00fam. 7 (1986-1987)<\/a>&nbsp;del Decanato de Asuntos Acad\u00e9micos<\/li>\n\n\n\n<li>Carga m\u00ednima de estudios para estudiante regular graduado &#8211;&nbsp;<a href=\"http:\/\/graduados.uprrp.edu\/images\/pdf\/Cert_018_1969_70_SA.pdf\" target=\"_blank\" rel=\"noopener\">Certificaci\u00f3n 18 (1969-1970)<\/a>&nbsp;del Senado Acad\u00e9mico<\/li>\n\n\n\n<li>Convalidaciones y equivalencias &#8211;&nbsp;<a href=\"http:\/\/graduados.uprrp.edu\/images\/pdf\/Cir_005_1994_95_DAA.pdf\" target=\"_blank\" rel=\"noopener\">Circular N\u00fam. 5 (1994-1995)<\/a>&nbsp;del Decanato de Asuntos Acad\u00e9micos<\/li>\n\n\n\n<li>Ex\u00e1menes de aprovechamiento &#8211;&nbsp;<a href=\"http:\/\/graduados.uprrp.edu\/images\/pdf\/Cert_008_A_1973_74_Enm_SA.pdf\" target=\"_blank\" rel=\"noopener\">Certificaci\u00f3n 8-A (1973-1974) enmendada&nbsp;<\/a>del Senado Acad\u00e9mico<\/li>\n\n\n\n<li>Permisos especiales para tomar cursos en otras instituciones universitarias &#8211; Carta del 14 de octubre de 1996 de Administraci\u00f3n Central<\/li>\n\n\n\n<li>Progreso acad\u00e9mico satisfactorio &#8211;&nbsp;<a href=\"http:\/\/graduados.uprrp.edu\/images\/pdf\/Cert_042_1980_81_CES.pdf\" target=\"_blank\" rel=\"noopener\">Certificaci\u00f3n 42 (1980-1981)<\/a>&nbsp;del&nbsp;Consejo de Educaci\u00f3n Superior<\/li>\n\n\n\n<li>Progreso acad\u00e9mico satisfactorio para el otorgamiento de ayudas econ\u00f3micas de la UPR &#8211; Certificaci\u00f3n 54 (2000-2001) de la Junta de S\u00edndicos<\/li>\n<\/ul>\n\n\n\n<h2 class=\"wp-block-heading has-vivid-red-color has-text-color has-link-color wp-elements-b22ecae934028bfce13cff7eff303c3f\">Organizaciones estudiantiles<\/h2>\n\n\n\n<ul class=\"wp-block-list\">\n<li><a href=\"http:\/\/graduados.uprrp.edu\/images\/pdf\/Cert_017_1971_72_CES.pdf\" target=\"_blank\" rel=\"noopener\">Certificaci\u00f3n 17 (1971-1972)<\/a>&nbsp;del Consejo de Educaci\u00f3n Superior<\/li>\n\n\n\n<li><a href=\"http:\/\/graduados.uprrp.edu\/images\/pdf\/Cert_045_1982_83_JU.pdf\" target=\"_blank\" rel=\"noopener\">Certificaci\u00f3n 45 (1982-1983)<\/a>&nbsp;de la Junta Universitaria<\/li>\n<\/ul>\n\n\n\n<p><a href=\"http:\/\/graduados.uprrp.edu\/index.php?option=com_content&amp;view=article&amp;id=97&amp;Itemid=175\">Pol\u00edticas sobre la investigaci\u00f3n<\/a><\/p>\n\n\n\n<h2 class=\"wp-block-heading has-vivid-red-color has-text-color has-link-color wp-elements-f8a043f6e802e613b5f4bc85dfcb7fac\">Otras pol\u00edticas y disposiciones de ley<\/h2>\n\n\n\n<ul class=\"wp-block-list\">\n<li>Admisi\u00f3n diferida &#8211;&nbsp;<a href=\"http:\/\/graduados.uprrp.edu\/images\/pdf\/Cert_026_2003_04_JS.pdf\" target=\"_blank\" rel=\"noopener\">Certificaci\u00f3n 26 (2003-2004)<\/a>&nbsp;de la Junta de S\u00edndicos<\/li>\n\n\n\n<li>American with Dissabilities Act &#8211;&nbsp;<a href=\"http:\/\/www.ada.gov\/pubs\/adastatute08.pdf\" target=\"_blank\" rel=\"noopener\">Ley P\u00fablica 101-336 ADA (en ingl\u00e9s)<\/a><\/li>\n\n\n\n<li>Estudiantes en servicio militar activo &#8211;&nbsp;<a href=\"http:\/\/graduados.uprrp.edu\/images\/pdf\/Cir_023_2002_03_P.pdf\" target=\"_blank\" rel=\"noopener\">Circular No.23 (2002-2003)<\/a>&nbsp;de la Oficina del Presidente<\/li>\n\n\n\n<li>Hostigamiento sexual &#8211;&nbsp;<a href=\"http:\/\/graduados.uprrp.edu\/images\/pdf\/Cir_006_1995_P.pdf\" target=\"_blank\" rel=\"noopener\">Circular N\u00fam. 6 (1995-1996)<\/a>&nbsp;de la Oficina del Presidente<\/li>\n\n\n\n<li>Ley de derechos educativos y de privacidad familiar (FERPA) &#8211;&nbsp;<a href=\"http:\/\/www.ecfr.gov\/cgi-bin\/text-idx?c=ecfr&amp;sid=11975031b82001bed902b3e73f33e604&amp;rgn=div5&amp;view=text&amp;node=34:1.1.1.1.33&amp;idno=34\" target=\"_blank\" rel=\"noopener\">en ingl\u00e9s<\/a><\/li>\n\n\n\n<li>Ley para reglamentar la pr\u00e1ctica de fumar en determinados lugares p\u00fablicos y privados &#8211;&nbsp;<a href=\"http:\/\/graduados.uprrp.edu\/images\/pdf\/Ley_040_03_Ago_1993.pdf\" target=\"_blank\" rel=\"noopener\">(Ley #40 del 3 de agosto de 1993)<\/a><\/li>\n\n\n\n<li>Personas con impedimentos &#8211;&nbsp;<a href=\"http:\/\/graduados.uprrp.edu\/images\/pdf\/Cert_143_2002_03_JS.pdf\" target=\"_blank\" rel=\"noopener\">Certificaci\u00f3n 143 (2002-2003)<\/a>&nbsp;de la Junta de S\u00edndicos<\/li>\n\n\n\n<li>Pol\u00edtica contra la Discriminaci\u00f3n en la UPR &#8211;&nbsp;<a href=\"http:\/\/graduados.uprrp.edu\/images\/pdf\/Cert_058_2004_05_JS.pdf\" target=\"_blank\" rel=\"noopener\">Certificaci\u00f3n 58 (2004-2005)<\/a>&nbsp;de la Junta de S\u00edndicos<\/li>\n\n\n\n<li>Pol\u00edtica de la Universidad de Puerto Rico sobre la procuradur\u00eda estudiantil &#8211;&nbsp;<a href=\"http:\/\/graduados.uprrp.edu\/images\/pdf\/Cert_032_2005_06_JS.pdf\" target=\"_blank\" rel=\"noopener\">Certificaci\u00f3n 32 (2005-2006)<\/a>&nbsp;de la Junta de S\u00edndicos<\/li>\n\n\n\n<li>Pol\u00edtica institucional para viajar a pa\u00edses con restricciones de viaje establecidas por el Gobierno Federal de los Estados Unidos de Am\u00e9rica&nbsp;&#8211;&nbsp;<a href=\"http:\/\/graduados.uprrp.edu\/images\/pdf\/Cir_059_2001_02_JS.pdf\" target=\"_blank\" rel=\"noopener\">Circular N\u00fam. 59 (2001-2002)<\/a>&nbsp;de la Junta de S\u00edndicos<\/li>\n\n\n\n<li>Student Right to Know Act &#8211;&nbsp;<a href=\"http:\/\/graduados.uprrp.edu\/images\/pdf\/Ley_Right_Know.pdf\" target=\"_blank\" rel=\"noopener\">Ley p\u00fablica 101-542<\/a><\/li>\n\n\n\n<li>Uso \u00e9tico y legal de las tecnolog\u00edas de informaci\u00f3n y telecomunicaciones &#8211;&nbsp;<a href=\"http:\/\/graduados.uprrp.edu\/images\/pdf\/Cert_072_1999_00_JS.pdf\" target=\"_blank\" rel=\"noopener\">Certificaci\u00f3n 72 (1999-2000)<\/a>&nbsp;de la Junta de S\u00edndicos<\/li>\n\n\n\n<li>Uso il\u00edcito de drogas, sustancias controladas y abuso de alcohol &#8211;&nbsp;<a href=\"http:\/\/graduados.uprrp.edu\/images\/pdf\/Cert_032_1999_00_JS.pdf\" target=\"_blank\" rel=\"noopener\">Certificaci\u00f3n 32<\/a>&nbsp;y&nbsp;<a href=\"http:\/\/graduados.uprrp.edu\/images\/pdf\/Cert_033_1999_00_JS.pdf\" target=\"_blank\" rel=\"noopener\">Certificaci\u00f3n 33 (1999-2000)<\/a>&nbsp;de la Junta de S\u00edndicos<\/li>\n<\/ul>\n","protected":false},"excerpt":{"rendered":"<p>Informaci\u00f3n general Los estudiantes graduados presentan un proyecto o tesis de maestr\u00eda y una disertaci\u00f3n a nivel doctoral como parte de los requisitos del grado del Recinto de R\u00edo Piedras de la Universidad de Puerto Rico. El Degi (Departamento de Estudios Graduados e Investigaci\u00f3n) tiene la responsabilidad de establecer la &#8230;<\/p>\n","protected":false},"author":7,"featured_media":0,"parent":0,"menu_order":0,"comment_status":"closed","ping_status":"closed","template":"","meta":{"footnotes":""},"class_list":["post-540","page","type-page","status-publish","hentry","column","twocol"],"_links":{"self":[{"href":"https:\/\/humanidades.uprrp.edu\/filosofia\/index.php?rest_route=\/wp\/v2\/pages\/540","targetHints":{"allow":["GET"]}}],"collection":[{"href":"https:\/\/humanidades.uprrp.edu\/filosofia\/index.php?rest_route=\/wp\/v2\/pages"}],"about":[{"href":"https:\/\/humanidades.uprrp.edu\/filosofia\/index.php?rest_route=\/wp\/v2\/types\/page"}],"author":[{"embeddable":true,"href":"https:\/\/humanidades.uprrp.edu\/filosofia\/index.php?rest_route=\/wp\/v2\/users\/7"}],"replies":[{"embeddable":true,"href":"https:\/\/humanidades.uprrp.edu\/filosofia\/index.php?rest_route=%2Fwp%2Fv2%2Fcomments&post=540"}],"version-history":[{"count":4,"href":"https:\/\/humanidades.uprrp.edu\/filosofia\/index.php?rest_route=\/wp\/v2\/pages\/540\/revisions"}],"predecessor-version":[{"id":1262,"href":"https:\/\/humanidades.uprrp.edu\/filosofia\/index.php?rest_route=\/wp\/v2\/pages\/540\/revisions\/1262"}],"wp:attachment":[{"href":"https:\/\/humanidades.uprrp.edu\/filosofia\/index.php?rest_route=%2Fwp%2Fv2%2Fmedia&parent=540"}],"curies":[{"name":"wp","href":"https:\/\/api.w.org\/{rel}","templated":true}]}}