{"id":415,"date":"2014-10-28T15:21:11","date_gmt":"2014-10-28T15:21:11","guid":{"rendered":"https:\/\/humanidades.uprrp.edu\/filosofia\/?page_id=415"},"modified":"2018-10-17T13:52:58","modified_gmt":"2018-10-17T17:52:58","slug":"articulos-revista-dialogo-manfred-kerkhoff","status":"publish","type":"page","link":"https:\/\/humanidades.uprrp.edu\/filosofia\/?page_id=415","title":{"rendered":"Manfred Kerkhoff &#8211; Art\u00edculos y Rese\u00f1as Revista Di\u00e1logo"},"content":{"rendered":"<p>Art\u00edculos<\/p>\n<ul>\n<li><a href=\"https:\/\/humanidades.uprrp.edu\/filosofia\/wp-content\/uploads\/2014\/10\/Tres-ejemplos-de-kairoteologia.-num.-46-1985.pdf\">Tres ejemplos de kairoteologia. num. 46 (1985)<\/a><\/li>\n<li><a href=\"https:\/\/humanidades.uprrp.edu\/filosofia\/wp-content\/uploads\/2014\/10\/Una-ninfa-semi-calva-occasio-christiana-II.-num.-73-1999.pdf\">Una ninfa semi-calva (occasio christiana II). num. 73 (1999)<\/a><\/li>\n<li><a href=\"https:\/\/humanidades.uprrp.edu\/filosofia\/wp-content\/uploads\/2014\/10\/Un-misterio-medieval-la-misiva-de-Manfredo.-num.-84-2003.pdf\">Un misterio medieval; la misiva de Manfredo. num. 84 (2003)<\/a><\/li>\n<li><a href=\"https:\/\/humanidades.uprrp.edu\/filosofia\/wp-content\/uploads\/2014\/10\/Tolma-sobre-la-audacia-en-el-caso-del-tiempo.-num.-80-2002.pdf\">Tolma; sobre la audacia (en el caso del tiempo). num. 80 (2002)<\/a><\/li>\n<li><a href=\"https:\/\/humanidades.uprrp.edu\/filosofia\/wp-content\/uploads\/2014\/10\/Tiempo-de-nacer-tiempo-de-morir-Epicuro-contra-Sofocles.-num.-90-2007.pdf\">Tiempo de nacer, tiempo de morir, Epicuro contra Sofocles. num. 90 (2007)<\/a><\/li>\n<li><a href=\"https:\/\/humanidades.uprrp.edu\/filosofia\/wp-content\/uploads\/2014\/10\/Seis-lecciones-de-kairologia-timing.-num.-52-1998.pdf\">Seis lecciones de kairologia (timing). num. 52 (1998)<\/a><\/li>\n<li><a href=\"https:\/\/humanidades.uprrp.edu\/filosofia\/wp-content\/uploads\/2014\/10\/Religiosidad-y-dialectica-sobre-la-posible-imposibilidad-de-criticar-a-Hegel.-num.-13-1968.pdf\">Religiosidad y dialectica (sobre la posible imposibilidad de criticar a Hegel). num. 13 (1968)<\/a><\/li>\n<li><a href=\"https:\/\/humanidades.uprrp.edu\/filosofia\/wp-content\/uploads\/2014\/10\/Pindaro-poesia-de-la-ocasion-y-poetica-de-la-ocasionalidad.-num.-61-1993.pdf\">Pindaro; poesia de la ocasion y poetica de la ocasionalidad. num. 61 (1993)<\/a><\/li>\n<li><a href=\"https:\/\/humanidades.uprrp.edu\/filosofia\/wp-content\/uploads\/2014\/10\/Paradojas-del-romanticismo.-num.-57-1991.pdf\">Paradojas del romanticismo. num. 57 (1991)<\/a><\/li>\n<li><a href=\"https:\/\/humanidades.uprrp.edu\/filosofia\/wp-content\/uploads\/2014\/10\/Orientacion-sobre-el-pensamiento-de-Mao-tse-tung.-num.-7-1967.pdf\">Orientacion sobre el pensamiento de Mao-tse-tung. num. 7 (1967)<\/a><\/li>\n<li><a href=\"https:\/\/humanidades.uprrp.edu\/filosofia\/wp-content\/uploads\/2014\/10\/Occasio-christiana.-num.-71-1980.pdf\">Occasio christiana. num. 71 (1980)<\/a><\/li>\n<li><a href=\"https:\/\/humanidades.uprrp.edu\/filosofia\/wp-content\/uploads\/2014\/10\/Nietzsche-absconditus-libros-recientes-de-y-sobre-Nietzsche.-num.-67-1996.pdf\">Nietzsche absconditus; libros recientes de y sobre Nietzsche. num. 67 (1996)<\/a><\/li>\n<li><a href=\"https:\/\/humanidades.uprrp.edu\/filosofia\/wp-content\/uploads\/2014\/10\/Las-cuitas-de-Zaratustra-algunas-publicaciones-recientes-sobre-Friedrich-Nietzsche.-num.-55-1990.pdf\">Las cuitas de Zaratustra, algunas publicaciones recientes sobre Friedrich Nietzsche. num. 55 (1990)<\/a><\/li>\n<li><a href=\"https:\/\/humanidades.uprrp.edu\/filosofia\/wp-content\/uploads\/2014\/10\/La-sinfonia-del-destino.-num.-54-1989.pdf\">La sinfonia del destino. num. 54 (1989)<\/a><\/li>\n<li><a href=\"https:\/\/humanidades.uprrp.edu\/filosofia\/wp-content\/uploads\/2014\/10\/La-planificacion-del-tiempo.-num.-32-1978.pdf\">La planificacion del tiempo. num. 32 (1978)<\/a><\/li>\n<li><a href=\"https:\/\/humanidades.uprrp.edu\/filosofia\/wp-content\/uploads\/2014\/10\/La-pauta-del-muro-re-convocaciones-del-pensamiento-de-Jose-Echeverria.-num.-69-1997.pdf\">La pauta del muro; re-convocaciones del pensamiento de Jose Echeverria. num. 69 (1997)<\/a><\/li>\n<li><a href=\"https:\/\/humanidades.uprrp.edu\/filosofia\/wp-content\/uploads\/2014\/10\/La-ocasion-imagen-y-concepto.-num.-78-2001.pdf\">La ocasion; imagen y concepto. num. 78 (2001)<\/a><\/li>\n<li><a href=\"https:\/\/humanidades.uprrp.edu\/filosofia\/wp-content\/uploads\/2014\/10\/La-hora-de-filosofiar.-num.-75-2000.pdf\">La hora de filosofiar. num. 75 (2000)<\/a><\/li>\n<li><a href=\"https:\/\/humanidades.uprrp.edu\/filosofia\/wp-content\/uploads\/2014\/10\/La-instancia-del-instante-Karl-jaspers-1883-1983.-num.-43-1984.pdf\">La instancia del instante (Karl jaspers 1883-1983). num. 43 (1984)<\/a><\/li>\n<li><a href=\"https:\/\/humanidades.uprrp.edu\/filosofia\/wp-content\/uploads\/2014\/10\/La-controversia-de-los-universales-en-la-filosofia-de-J.P.Sartre.-num.-4-1965.pdf\">La controversia de los universales en la filosofia de J.P.Sartre. num. 4 (1965)<\/a><\/li>\n<li><a href=\"https:\/\/humanidades.uprrp.edu\/filosofia\/wp-content\/uploads\/2014\/10\/kant-el-momento-sublime.-num.-52-1988.pdf\">kant-el momento sublime. num. 52 (1988)<\/a><\/li>\n<li><a href=\"https:\/\/humanidades.uprrp.edu\/filosofia\/wp-content\/uploads\/2014\/10\/Kairos-como-primer-principio-el-testimonio-de-Proclo-num.-60-1992.pdf\">Kairos como primer principio (el testimonio de Proclo) num. 60 (1992)<\/a><\/li>\n<li><a href=\"https:\/\/humanidades.uprrp.edu\/filosofia\/wp-content\/uploads\/2014\/10\/kairo-noma-incursiones-materialistas-en-la-kairosofia-contemporanea.-num.-90-2007.pdf\">kairo-noma, incursiones materialistas en la kairosofia contemporanea. num. 90 (2007)<\/a><\/li>\n<li><a href=\"https:\/\/humanidades.uprrp.edu\/filosofia\/wp-content\/uploads\/2014\/10\/Juego-y-reino-del-nino-Nietzsche-y-Heraclito-num.-40-1982.pdf\">Juego y reino del nino (Nietzsche y Heraclito) num. 40 (1982)<\/a><\/li>\n<li><a href=\"https:\/\/humanidades.uprrp.edu\/filosofia\/wp-content\/uploads\/2014\/10\/Jacques-Derrida-in-memoriam.-num.-88-2006.pdf\">Jacques Derrida in memoriam. num. 88 (2006)<\/a><\/li>\n<li><a href=\"https:\/\/humanidades.uprrp.edu\/filosofia\/wp-content\/uploads\/2014\/10\/H\u00f6lderlin-y-la-filosofia.-num.-15-1969.pdf\">H\u00f6lderlin y la filosofia. num. 15 (1969)<\/a><\/li>\n<li><a href=\"https:\/\/humanidades.uprrp.edu\/filosofia\/wp-content\/uploads\/2014\/10\/Hierofanias-una-retrospectiva-de-la-obra-de-Ludwing-Schajowicz.-num.-57-1991.pdf\">Hierofanias, una retrospectiva de la obra de Ludwing Schajowicz. num. 57 (1991)<\/a><\/li>\n<li><a href=\"https:\/\/humanidades.uprrp.edu\/filosofia\/wp-content\/uploads\/2014\/10\/Hegel-sobre-arte-simbolico-e-imaginacion-simbolizante-num.-20-1970.pdf\">Hegel sobre arte simbolico e imaginacion simbolizante num. 20 (1970)<\/a><\/li>\n<li><a href=\"https:\/\/humanidades.uprrp.edu\/filosofia\/wp-content\/uploads\/2014\/10\/Esturctura-metafisica-de-la-muerte.-num.-5-1966.pdf\">Esturctura metafisica de la muerte. num. 5 (1966)<\/a><\/li>\n<li><a href=\"https:\/\/humanidades.uprrp.edu\/filosofia\/wp-content\/uploads\/2014\/10\/Epiphania-y-anamnesis.-num.-11-12-1968.pdf\">Epiphania y anamnesis. num. 11-12 (1968)<\/a><\/li>\n<li><a href=\"https:\/\/humanidades.uprrp.edu\/filosofia\/wp-content\/uploads\/2014\/10\/El-tiempo-sagrado.-num.-35-1980.pdf\">El tiempo sagrado. num. 35 (1980)<\/a><\/li>\n<li><a href=\"https:\/\/humanidades.uprrp.edu\/filosofia\/wp-content\/uploads\/2014\/10\/El-suicidio-estetico-kairotanasia.-num.-31-1978.pdf\">El suicidio estetico (kairotanasia). num. 31 (1978)<\/a><\/li>\n<li><a href=\"https:\/\/humanidades.uprrp.edu\/filosofia\/wp-content\/uploads\/2014\/10\/El-buho-de-Minerva-o-la-filosofia-y-su-tiempo.-num.-84-2004.pdf\">El buho de Minerva o la filosofia y su tiempo. num. 84 (2004)<\/a><\/li>\n<li><a href=\"https:\/\/humanidades.uprrp.edu\/filosofia\/wp-content\/uploads\/2014\/10\/Des-cartar-a-Descartes-consideraciones-ocasionistas-sobre-una-carta-cartesiana.-num.-81-2003.pdf\">Des-cartar a Descartes (consideraciones ocasionistas sobre una carta cartesiana). num. 81 (2003)<\/a><\/li>\n<li><a href=\"https:\/\/humanidades.uprrp.edu\/filosofia\/wp-content\/uploads\/2014\/10\/Del-evento.-num.-62-1993.pdf\">Del evento. num. 62 (1993)<\/a><\/li>\n<li><a href=\"https:\/\/humanidades.uprrp.edu\/filosofia\/wp-content\/uploads\/2014\/10\/Con-ocasion-del-canto-hermoso-Hesiodo-y-los-origenes-de-la-estetica-occidental.-num.-79-2002.pdf\">Con ocasion del canto hermoso, Hesiodo y los origenes de la estetica occidental. num. 79 (2002)<\/a><\/li>\n<li><a href=\"https:\/\/humanidades.uprrp.edu\/filosofia\/wp-content\/uploads\/2014\/10\/Amancia-al-tiempo-o-el-tiempo-de-la-amistad-segun-Aristoteles.-num.-90-2007.pdf\">Amancia al tiempo o el tiempo de la amistad segun Aristoteles. num. 90 (2007)<\/a><\/li>\n<li><a href=\"https:\/\/humanidades.uprrp.edu\/filosofia\/wp-content\/uploads\/2014\/10\/Aspectos-terroristas-en-el-panteismo-de-Nietzsche.-num.-8-9-1967.pdf\">Aspectos terroristas en el panteismo de Nietzsche. num. 8-9 (1967)<\/a><\/li>\n<li><a href=\"https:\/\/humanidades.uprrp.edu\/filosofia\/wp-content\/uploads\/2014\/10\/Acerca-del-concepto-del-tiempo-en-Hegel.-num.-29-30-1977.pdf\">Acerca del concepto del tiempo en Hegel. num. 29-30 (1977)<\/a><\/li>\n<\/ul>\n<p>Rese\u00f1as<\/p>\n<ul>\n<li><a href=\"https:\/\/humanidades.uprrp.edu\/filosofia\/wp-content\/uploads\/2014\/10\/resenas-8-9-julio-diciembre-1967.pdf\">resenas #8-9 julio-diciembre, 1967<\/a><\/li>\n<li><a href=\"https:\/\/humanidades.uprrp.edu\/filosofia\/wp-content\/uploads\/2014\/10\/resenas-13-oct-diciembre-1968.pdf\">resenas #13 oct-diciembre 1968<\/a><\/li>\n<li><a href=\"https:\/\/humanidades.uprrp.edu\/filosofia\/wp-content\/uploads\/2014\/10\/resenas11-12-abril-septiembre-1968.pdf\">resenas#11-12 abril- septiembre 1968<\/a><\/li>\n<\/ul>\n","protected":false},"excerpt":{"rendered":"<p>Art\u00edculos Tres ejemplos de kairoteologia. num. 46 (1985) Una ninfa semi-calva (occasio christiana II). num. 73 (1999) Un misterio medieval; la misiva de Manfredo. num. 84 (2003) Tolma; sobre la audacia (en el caso del tiempo). num. 80 (2002) Tiempo de nacer, tiempo de morir, Epicuro contra Sofocles. num. 90 &#8230;<\/p>\n","protected":false},"author":7,"featured_media":0,"parent":0,"menu_order":0,"comment_status":"closed","ping_status":"closed","template":"","meta":{"footnotes":""},"class_list":["post-415","page","type-page","status-publish","hentry","column","twocol"],"_links":{"self":[{"href":"https:\/\/humanidades.uprrp.edu\/filosofia\/index.php?rest_route=\/wp\/v2\/pages\/415","targetHints":{"allow":["GET"]}}],"collection":[{"href":"https:\/\/humanidades.uprrp.edu\/filosofia\/index.php?rest_route=\/wp\/v2\/pages"}],"about":[{"href":"https:\/\/humanidades.uprrp.edu\/filosofia\/index.php?rest_route=\/wp\/v2\/types\/page"}],"author":[{"embeddable":true,"href":"https:\/\/humanidades.uprrp.edu\/filosofia\/index.php?rest_route=\/wp\/v2\/users\/7"}],"replies":[{"embeddable":true,"href":"https:\/\/humanidades.uprrp.edu\/filosofia\/index.php?rest_route=%2Fwp%2Fv2%2Fcomments&post=415"}],"version-history":[{"count":4,"href":"https:\/\/humanidades.uprrp.edu\/filosofia\/index.php?rest_route=\/wp\/v2\/pages\/415\/revisions"}],"predecessor-version":[{"id":475,"href":"https:\/\/humanidades.uprrp.edu\/filosofia\/index.php?rest_route=\/wp\/v2\/pages\/415\/revisions\/475"}],"wp:attachment":[{"href":"https:\/\/humanidades.uprrp.edu\/filosofia\/index.php?rest_route=%2Fwp%2Fv2%2Fmedia&parent=415"}],"curies":[{"name":"wp","href":"https:\/\/api.w.org\/{rel}","templated":true}]}}