{"id":375,"date":"2014-10-28T13:21:30","date_gmt":"2014-10-28T13:21:30","guid":{"rendered":"https:\/\/humanidades.uprrp.edu\/filosofia\/?page_id=375"},"modified":"2018-10-17T13:52:19","modified_gmt":"2018-10-17T17:52:19","slug":"articulos-revista-dialogos-ludwig-schajowicz","status":"publish","type":"page","link":"https:\/\/humanidades.uprrp.edu\/filosofia\/?page_id=375","title":{"rendered":"Ludwig Schajowicz &#8211; Art\u00edculos Revista Di\u00e1logos"},"content":{"rendered":"<p>Art\u00edculos<\/p>\n<ul>\n<li><a href=\"https:\/\/humanidades.uprrp.edu\/filosofia\/wp-content\/uploads\/2014\/10\/Euripides-y-Nietzsche.-num.-50-1987.pdf\">Euripides y Nietzsche. num. 50 (1987)<\/a><\/li>\n<li><a style=\"font-size: 0.95em; line-height: 1.6em;\" href=\"https:\/\/humanidades.uprrp.edu\/filosofia\/wp-content\/uploads\/2014\/10\/La-trinidad-faustica.-num.-7-1967.pdf\">La trinidad faustica. num. 7 (1967)<\/a><\/li>\n<li><a style=\"font-size: 0.95em; line-height: 1.6em;\" href=\"https:\/\/humanidades.uprrp.edu\/filosofia\/wp-content\/uploads\/2014\/10\/La-fidelidad-a-la-tierra.-num.-1-1964.pdf\">La fidelidad a la tierra. num. 1 (1964)<\/a><\/li>\n<li><a href=\"https:\/\/humanidades.uprrp.edu\/filosofia\/wp-content\/uploads\/2014\/10\/La-experiencia-de-lo-sagrado.-num.-32-1978.pdf\">La experiencia de lo sagrado. num. 32 (1978)<\/a><\/li>\n<li><a href=\"https:\/\/humanidades.uprrp.edu\/filosofia\/wp-content\/uploads\/2014\/10\/El-resurgir-de-la-sofistica.-num.-26-1974.pdf\">El resurgir de la sofistica. num. 26 (1974)<\/a><\/li>\n<li><a href=\"https:\/\/humanidades.uprrp.edu\/filosofia\/wp-content\/uploads\/2014\/10\/filosofar-dialogar.-num.-2-1964.pdf\">filosofar-dialogar. num. 2 (1964)<\/a><\/li>\n<li><a href=\"https:\/\/humanidades.uprrp.edu\/filosofia\/wp-content\/uploads\/2014\/10\/Goethe-y-kleist-lo-dionisiaco-en-su-arte.-num-42.-1983.pdf\">Goethe y kleist, lo dionisiaco en su arte. num 42. (1983)<\/a><\/li>\n<li><a href=\"https:\/\/humanidades.uprrp.edu\/filosofia\/wp-content\/uploads\/2014\/10\/La-destruccion-de-lo-indestructible.-num-28-1975.pdf\">La destruccion de lo indestructible. num 28 (1975)<\/a><\/li>\n<\/ul>\n<p>&nbsp;<\/p>\n<p><a href=\"https:\/\/humanidades.uprrp.edu\/filosofia\/wp-content\/uploads\/2014\/10\/El-resurgir-de-la-sof\u00edstica.-num.-26-1974.pdf\">\u00a0<\/a><\/p>\n","protected":false},"excerpt":{"rendered":"<p>Art\u00edculos Euripides y Nietzsche. num. 50 (1987) La trinidad faustica. num. 7 (1967) La fidelidad a la tierra. num. 1 (1964) La experiencia de lo sagrado. num. 32 (1978) El resurgir de la sofistica. num. 26 (1974) filosofar-dialogar. num. 2 (1964) Goethe y kleist, lo dionisiaco en su arte. num &#8230;<\/p>\n","protected":false},"author":7,"featured_media":0,"parent":0,"menu_order":0,"comment_status":"closed","ping_status":"closed","template":"","meta":{"footnotes":""},"class_list":["post-375","page","type-page","status-publish","hentry","column","twocol"],"_links":{"self":[{"href":"https:\/\/humanidades.uprrp.edu\/filosofia\/index.php?rest_route=\/wp\/v2\/pages\/375","targetHints":{"allow":["GET"]}}],"collection":[{"href":"https:\/\/humanidades.uprrp.edu\/filosofia\/index.php?rest_route=\/wp\/v2\/pages"}],"about":[{"href":"https:\/\/humanidades.uprrp.edu\/filosofia\/index.php?rest_route=\/wp\/v2\/types\/page"}],"author":[{"embeddable":true,"href":"https:\/\/humanidades.uprrp.edu\/filosofia\/index.php?rest_route=\/wp\/v2\/users\/7"}],"replies":[{"embeddable":true,"href":"https:\/\/humanidades.uprrp.edu\/filosofia\/index.php?rest_route=%2Fwp%2Fv2%2Fcomments&post=375"}],"version-history":[{"count":12,"href":"https:\/\/humanidades.uprrp.edu\/filosofia\/index.php?rest_route=\/wp\/v2\/pages\/375\/revisions"}],"predecessor-version":[{"id":479,"href":"https:\/\/humanidades.uprrp.edu\/filosofia\/index.php?rest_route=\/wp\/v2\/pages\/375\/revisions\/479"}],"wp:attachment":[{"href":"https:\/\/humanidades.uprrp.edu\/filosofia\/index.php?rest_route=%2Fwp%2Fv2%2Fmedia&parent=375"}],"curies":[{"name":"wp","href":"https:\/\/api.w.org\/{rel}","templated":true}]}}