{"id":223,"date":"2013-10-29T00:53:15","date_gmt":"2013-10-29T00:53:15","guid":{"rendered":"https:\/\/humanidades.uprrp.edu\/filosofia\/?page_id=223"},"modified":"2025-09-15T09:47:47","modified_gmt":"2025-09-15T13:47:47","slug":"subgraduado","status":"publish","type":"page","link":"https:\/\/humanidades.uprrp.edu\/filosofia\/?page_id=223","title":{"rendered":"Informaci\u00f3n general"},"content":{"rendered":"\n<p>Como disciplina acad\u00e9mica dentro de nuestra Universidad, la Filosof\u00eda representa la tradici\u00f3n de un conocimiento que no es utilitario ni t\u00e9cnico, sino especulativo y cr\u00edtico respecto de los saberes y acciones humanas en general. Debido a su car\u00e1cter cr\u00edtico y universal, la Filosof\u00eda es seguramente la disciplina acad\u00e9mica m\u00e1s integradora de los conocimientos y saberes que se ofrecen en las distintas Facultades.<\/p>\n\n\n\n<p>El Departamento de Filosof\u00eda aspira a desarrollar en sus estudiantes la capacidad para el an\u00e1lisis cr\u00edtico y la investigaci\u00f3n mediante el estudio de las \u00e1reas m\u00e1s importantes de la Filosof\u00eda, as\u00ed como de los\/las fil\u00f3sofos\/as m\u00e1s sobresalientes y representativos\/vas de la disciplina. Para ello ofrecemos aproximadamente ciento treinta y cinco (135) cursos inscritos tanto a nivel subgraduado como graduado.<\/p>\n\n\n\n<p><strong>Empleabilidad<\/strong><\/p>\n\n\n\n<p>&nbsp;&nbsp;&nbsp;&nbsp;&nbsp;&nbsp;&nbsp;&nbsp; Seg\u00fan el <a href=\"https:\/\/www.weforum.org\/publications\/the-future-of-jobs-report-2023\/in-full\/4-skills-outlook\/\">Informe sobre el futuro del empleo del Foro Econ\u00f3mico Mundial (2023<\/a>), las habilidades principales que buscan los empleadores son el pensamiento anal\u00edtico, el pensamiento creativo, la curiosidad y el aprendizaje continuo, todas ellas habilidades que nuestro programa inculca en sus estudiantes. Por tanto, las personas que estudian Filosof\u00eda pueden encontrar empleo en diversas \u00e1reas. A continuaci\u00f3n listamos <a href=\"https:\/\/humanities.uoregon.edu\/philosophy\/undergraduate-programs\/explore-careers\">varias carreras<\/a> relacionadas directamente con la Filosof\u00eda y otras para las cuales ser\u00eda muy \u00fatil contar con estudios en esta disciplina:<\/p>\n\n\n\n<ul class=\"wp-block-list\">\n<li>Academia<\/li>\n\n\n\n<li>Abogac\u00eda<\/li>\n\n\n\n<li>Negocios<\/li>\n\n\n\n<li>Educaci\u00f3n<\/li>\n\n\n\n<li>Salud<\/li>\n\n\n\n<li>Periodismo<\/li>\n\n\n\n<li>Derecho<\/li>\n\n\n\n<li>Literatura<\/li>\n\n\n\n<li>Medios de comunicaci\u00f3n<\/li>\n\n\n\n<li>Trabajo sin fines de lucro<\/li>\n\n\n\n<li>Ciencia<\/li>\n<\/ul>\n\n\n\n<p>Puede encontrar m\u00e1s informaci\u00f3n en los siguientes enlaces:<\/p>\n\n\n\n<ul class=\"wp-block-list\">\n<li><a href=\"https:\/\/www.gmercyu.edu\/academics\/learn\/philosophy-major-jobs\">What Can You Do With a Degree in Philosophy?<\/a> \u2013 Gwynedd Mercy University<\/li>\n\n\n\n<li><a href=\"https:\/\/humanities.uoregon.edu\/philosophy\">What You Can Do with a Degree in Philosophy<\/a> \u2013 University of Oregon<\/li>\n\n\n\n<li><a href=\"https:\/\/blog.up.edu.mx\/universidad-panamericana-en-linea\/por-que-es-importante-estudiar-filosofia\">\u00bfPor qu\u00e9 es importante estudiar Filosof\u00eda en la actualidad?<\/a> \u2013 Universidad Panamericana<\/li>\n\n\n\n<li><a href=\"https:\/\/www.theforage.com\/blog\/careers\/jobs-for-philosophy-majors\">16+ Jobs for Philosophy Majors<\/a> \u2013 The Forage Blog<\/li>\n\n\n\n<li><a href=\"https:\/\/www.weforum.org\/publications\/the-future-of-jobs-report-2023\/in-full\/4-skills-outlook\/\">The Future of Jobs Report 2023<\/a> \u2013 World Economic Forum<\/li>\n\n\n\n<li><a href=\"https:\/\/www.uic.mx\/donde-trabajar-si-estudio-filosofia\/\">En qu\u00e9 puede trabajar alguien que estudia Filosof\u00eda<\/a> \u2013 Universidad Intercontinental<\/li>\n<\/ul>\n\n\n\n<p><\/p>\n","protected":false},"excerpt":{"rendered":"<p>Como disciplina acad\u00e9mica dentro de nuestra Universidad, la Filosof\u00eda representa la tradici\u00f3n de un conocimiento que no es utilitario ni t\u00e9cnico, sino especulativo y cr\u00edtico respecto de los saberes y acciones humanas en general. Debido a su car\u00e1cter cr\u00edtico y universal, la Filosof\u00eda es seguramente la disciplina acad\u00e9mica m\u00e1s integradora &#8230;<\/p>\n","protected":false},"author":7,"featured_media":0,"parent":0,"menu_order":0,"comment_status":"closed","ping_status":"closed","template":"","meta":{"footnotes":""},"class_list":["post-223","page","type-page","status-publish","hentry","column","twocol"],"_links":{"self":[{"href":"https:\/\/humanidades.uprrp.edu\/filosofia\/index.php?rest_route=\/wp\/v2\/pages\/223","targetHints":{"allow":["GET"]}}],"collection":[{"href":"https:\/\/humanidades.uprrp.edu\/filosofia\/index.php?rest_route=\/wp\/v2\/pages"}],"about":[{"href":"https:\/\/humanidades.uprrp.edu\/filosofia\/index.php?rest_route=\/wp\/v2\/types\/page"}],"author":[{"embeddable":true,"href":"https:\/\/humanidades.uprrp.edu\/filosofia\/index.php?rest_route=\/wp\/v2\/users\/7"}],"replies":[{"embeddable":true,"href":"https:\/\/humanidades.uprrp.edu\/filosofia\/index.php?rest_route=%2Fwp%2Fv2%2Fcomments&post=223"}],"version-history":[{"count":17,"href":"https:\/\/humanidades.uprrp.edu\/filosofia\/index.php?rest_route=\/wp\/v2\/pages\/223\/revisions"}],"predecessor-version":[{"id":1305,"href":"https:\/\/humanidades.uprrp.edu\/filosofia\/index.php?rest_route=\/wp\/v2\/pages\/223\/revisions\/1305"}],"wp:attachment":[{"href":"https:\/\/humanidades.uprrp.edu\/filosofia\/index.php?rest_route=%2Fwp%2Fv2%2Fmedia&parent=223"}],"curies":[{"name":"wp","href":"https:\/\/api.w.org\/{rel}","templated":true}]}}