{"id":221,"date":"2013-10-29T00:52:14","date_gmt":"2013-10-29T00:52:14","guid":{"rendered":"https:\/\/humanidades.uprrp.edu\/filosofia\/?page_id=221"},"modified":"2025-02-14T16:18:33","modified_gmt":"2025-02-14T20:18:33","slug":"profesores","status":"publish","type":"page","link":"https:\/\/humanidades.uprrp.edu\/filosofia\/?page_id=221","title":{"rendered":"Facultad y personal"},"content":{"rendered":"\n<h3 class=\"wp-block-heading\">Directora interina<\/h3>\n\n\n<div class=\"wp-block-image\">\n<figure class=\"alignleft size-medium\"><a href=\"https:\/\/humanidades.uprrp.edu\/filosofia\/wp-content\/uploads\/2024\/10\/Dialitza-Colon.png\"><img fetchpriority=\"high\" decoding=\"async\" width=\"200\" height=\"300\" src=\"https:\/\/humanidades.uprrp.edu\/filosofia\/wp-content\/uploads\/2024\/10\/Dialitza-Colon-200x300.png\" alt=\"\" class=\"wp-image-971\" srcset=\"https:\/\/humanidades.uprrp.edu\/filosofia\/wp-content\/uploads\/2024\/10\/Dialitza-Colon-200x300.png 200w, https:\/\/humanidades.uprrp.edu\/filosofia\/wp-content\/uploads\/2024\/10\/Dialitza-Colon-683x1024.png 683w, https:\/\/humanidades.uprrp.edu\/filosofia\/wp-content\/uploads\/2024\/10\/Dialitza-Colon-768x1151.png 768w, https:\/\/humanidades.uprrp.edu\/filosofia\/wp-content\/uploads\/2024\/10\/Dialitza-Colon-700x1049.png 700w, https:\/\/humanidades.uprrp.edu\/filosofia\/wp-content\/uploads\/2024\/10\/Dialitza-Colon-332x498.png 332w, https:\/\/humanidades.uprrp.edu\/filosofia\/wp-content\/uploads\/2024\/10\/Dialitza-Colon.png 834w\" sizes=\"(max-width: 200px) 100vw, 200px\" \/><\/a><\/figure><\/div>\n\n\n<p><\/p>\n\n\n\n<p><strong>Dra. Dialitza Col\u00f3n P\u00e9rez<\/strong><br>Directora Interina y Catedr\u00e1tica Auxiliar<br>Universidad Aut\u00f3noma de Barcelona, PhD. Filosof\u00eda Contempor\u00e1nea, 2012<br>Est\u00e9tica y pol\u00edtica, Filosof\u00eda del Arte<br><a href=\"mailto:dialitza.colon@upr.edu\">dialitza.colon@upr.edu<\/a><br><\/p>\n\n\n\n<p>\u201cMe interesa la relaci\u00f3n entre arte y pol\u00edtica en autores como Jacques Ranci\u00e8re y en las teor\u00edas poscoloniales, adem\u00e1s de estudiar las implicaciones de un pensar sensible.\u201d<\/p>\n\n\n\n<p><br><\/p>\n\n\n\n<hr class=\"wp-block-separator has-alpha-channel-opacity\"\/>\n\n\n\n<h3 class=\"wp-block-heading\"><br>Profesores permanentes<\/h3>\n\n\n<div class=\"wp-block-image\">\n<figure class=\"alignleft size-medium\"><a href=\"https:\/\/humanidades.uprrp.edu\/filosofia\/wp-content\/uploads\/2025\/02\/pierre_baumann_25.jpeg\"><img decoding=\"async\" width=\"220\" height=\"300\" src=\"https:\/\/humanidades.uprrp.edu\/filosofia\/wp-content\/uploads\/2025\/02\/pierre_baumann_25-220x300.jpeg\" alt=\"\" class=\"wp-image-1215\" style=\"object-fit:cover\" srcset=\"https:\/\/humanidades.uprrp.edu\/filosofia\/wp-content\/uploads\/2025\/02\/pierre_baumann_25-220x300.jpeg 220w, https:\/\/humanidades.uprrp.edu\/filosofia\/wp-content\/uploads\/2025\/02\/pierre_baumann_25-332x453.jpeg 332w, https:\/\/humanidades.uprrp.edu\/filosofia\/wp-content\/uploads\/2025\/02\/pierre_baumann_25.jpeg 694w\" sizes=\"(max-width: 220px) 100vw, 220px\" \/><\/a><\/figure><\/div>\n\n\n<p><\/p>\n\n\n\n<p><strong>Dr. Pierre Baumann<br><\/strong>Universidad de Puerto Rico, R\u00edo Piedras, Bachillerato en&nbsp; Filosof\u00eda, 1998<br>The City University of New York, Ph.D. Filosof\u00eda, 2008<br>Filosof\u00eda del lenguaje, L\u00f3gica simb\u00f3lica, Filosof\u00eda del Siglo XX<br><a href=\"mailto:pierre.baumann@upr.edu\">pierre.baumann@upr.edu<\/a><\/p>\n\n\n\n<p><br><\/p>\n\n\n\n<div style=\"height:19px\" aria-hidden=\"true\" class=\"wp-block-spacer\"><\/div>\n\n\n\n<hr class=\"wp-block-separator has-alpha-channel-opacity\"\/>\n\n\n\n<p><\/p>\n\n\n<div class=\"wp-block-image\">\n<figure class=\"alignleft size-full is-resized\"><a href=\"https:\/\/humanidades.uprrp.edu\/filosofia\/wp-content\/uploads\/2024\/10\/EH.jpg\"><img decoding=\"async\" width=\"383\" height=\"512\" src=\"https:\/\/humanidades.uprrp.edu\/filosofia\/wp-content\/uploads\/2024\/10\/EH.jpg\" alt=\"\" class=\"wp-image-974\" style=\"aspect-ratio:0.749003984063745;width:236px;height:auto\" srcset=\"https:\/\/humanidades.uprrp.edu\/filosofia\/wp-content\/uploads\/2024\/10\/EH.jpg 383w, https:\/\/humanidades.uprrp.edu\/filosofia\/wp-content\/uploads\/2024\/10\/EH-224x300.jpg 224w, https:\/\/humanidades.uprrp.edu\/filosofia\/wp-content\/uploads\/2024\/10\/EH-332x444.jpg 332w\" sizes=\"(max-width: 383px) 100vw, 383px\" \/><\/a><\/figure><\/div>\n\n\n<p><\/p>\n\n\n\n<p><strong>Dr. Etienne Helmer<\/strong><br>Universidad Paris IV La Sorbonne, Bachillerato, 1996<br>Universidad Paris I Panth\u00e9on Sorbonne, Maestr\u00eda, 1998<br>Universidad Paris I Panth\u00e9on Sorbonne, PhD. Filosof\u00eda, 2004<br>Filosof\u00eda antigua, Filosof\u00eda plat\u00f3nica, Filosof\u00eda antigua de la econom\u00eda, Filosof\u00eda pol\u00edtica antigua<br><strong>Director de la revista\u00a0<em>Di\u00e1logos<\/em><\/strong><br><a href=\"mailto:etienne.helmer@upr.edu\">etienne.helmer@upr.edu<\/a><\/p>\n\n\n\n<p>\u201cMe dedico al estudio del pensamiento econ\u00f3mico, social y pol\u00edtico de la Grecia antigua, en particular en la filosof\u00eda de Plat\u00f3n, Arist\u00f3teles, los epic\u00fareos y los c\u00ednicos. Tambi\u00e9n investigo temas contempor\u00e1neos como la pobreza y los lugares, a la intersecci\u00f3n de la antropolog\u00eda y la filosof\u00eda.\u201d<\/p>\n\n\n\n<p><a href=\"https:\/\/urrp.academia.edu\/EtienneHelmer\">https:\/\/urrp.academia.edu\/EtienneHelmer<\/a><\/p>\n\n\n\n<p><\/p>\n\n\n\n<hr class=\"wp-block-separator has-alpha-channel-opacity\"\/>\n\n\n<div class=\"wp-block-image\">\n<figure class=\"alignleft size-full is-resized\"><a href=\"https:\/\/humanidades.uprrp.edu\/filosofia\/wp-content\/uploads\/2024\/10\/RdP.jpg\"><img loading=\"lazy\" decoding=\"async\" width=\"387\" height=\"424\" src=\"https:\/\/humanidades.uprrp.edu\/filosofia\/wp-content\/uploads\/2024\/10\/RdP.jpg\" alt=\"\" class=\"wp-image-977\" style=\"width:212px;height:233px\" srcset=\"https:\/\/humanidades.uprrp.edu\/filosofia\/wp-content\/uploads\/2024\/10\/RdP.jpg 387w, https:\/\/humanidades.uprrp.edu\/filosofia\/wp-content\/uploads\/2024\/10\/RdP-274x300.jpg 274w, https:\/\/humanidades.uprrp.edu\/filosofia\/wp-content\/uploads\/2024\/10\/RdP-332x364.jpg 332w\" sizes=\"(max-width: 387px) 100vw, 387px\" \/><\/a><\/figure><\/div>\n\n\n<p><\/p>\n\n\n\n<p><strong>Dr. Ra\u00fal de Pablos Escalante<br><\/strong>Universidad de Puerto Rico, R\u00edo Piedras, Bachillerato en Filosof\u00eda, 2001<br>Complutense de Madrid, Licenciatura de Filosof\u00eda, 2005<br>Universidad Complutense de Madrid, Diploma de Estudios Avanzados (D.E.A.), 2007<br>Universidad Complutense de Madrid, PhD. Filosof\u00eda, 2012<br>Filosof\u00eda Moderna y Contempor\u00e1nea con \u00e9nfasis especial en las Filosof\u00edas de Spinoza y Nietzsche<br><a href=\"mailto:raul.depablos@upr.edu\">raul.depablos@upr.edu<\/a><\/p>\n\n\n\n<p>\u201cTanto en mis investigaciones como en la docencia enfatizo los aspectos \u00e9tico-afectivos de la reflexi\u00f3n filos\u00f3fica.\u201d<\/p>\n\n\n\n<p><a href=\"https:\/\/uprrp.academia.edu\/Ra%C3%BAlEdePablosEscalante\">https:\/\/uprrp.academia.edu\/Ra%C3%BAlEdePablosEscalante<\/a><\/p>\n\n\n\n<p><br><\/p>\n\n\n\n<p><\/p>\n\n\n\n<p><\/p>\n\n\n\n<hr class=\"wp-block-separator has-alpha-channel-opacity\"\/>\n\n\n\n<div class=\"wp-block-media-text alignwide is-stacked-on-mobile\" style=\"grid-template-columns:23% auto\"><figure class=\"wp-block-media-text__media\"><img loading=\"lazy\" decoding=\"async\" width=\"683\" height=\"1024\" src=\"https:\/\/humanidades.uprrp.edu\/filosofia\/wp-content\/uploads\/2025\/01\/anayra-santory-683x1024.png\" alt=\"\" class=\"wp-image-1012 size-full\" srcset=\"https:\/\/humanidades.uprrp.edu\/filosofia\/wp-content\/uploads\/2025\/01\/anayra-santory-683x1024.png 683w, https:\/\/humanidades.uprrp.edu\/filosofia\/wp-content\/uploads\/2025\/01\/anayra-santory-200x300.png 200w, https:\/\/humanidades.uprrp.edu\/filosofia\/wp-content\/uploads\/2025\/01\/anayra-santory-768x1151.png 768w, https:\/\/humanidades.uprrp.edu\/filosofia\/wp-content\/uploads\/2025\/01\/anayra-santory-700x1049.png 700w, https:\/\/humanidades.uprrp.edu\/filosofia\/wp-content\/uploads\/2025\/01\/anayra-santory-332x498.png 332w, https:\/\/humanidades.uprrp.edu\/filosofia\/wp-content\/uploads\/2025\/01\/anayra-santory.png 834w\" sizes=\"(max-width: 683px) 100vw, 683px\" \/><\/figure><div class=\"wp-block-media-text__content\">\n<p><strong>Dra. Anayra O. Santory Jorge<br><\/strong>Indiana University, Bloomington, Ph.D. 1994<br>Filosof\u00eda pol\u00edtica contempor\u00e1nea, Filosof\u00eda social, interacciones entre la filosof\u00eda y las Ciencias Sociales, Antropolog\u00eda Filos\u00f3fica<br><a href=\"mailto:anayra.santory@upr.edu\">anayra.santory@upr.edu<\/a><\/p>\n<\/div><\/div>\n\n\n\n<p><\/p>\n\n\n\n<p><\/p>\n\n\n\n<p><\/p>\n\n\n\n<hr class=\"wp-block-separator has-alpha-channel-opacity\"\/>\n\n\n\n<p><\/p>\n\n\n<div class=\"wp-block-image\">\n<figure class=\"alignleft size-full is-resized\"><a href=\"https:\/\/humanidades.uprrp.edu\/filosofia\/wp-content\/uploads\/2024\/10\/RZ.jpg\"><img loading=\"lazy\" decoding=\"async\" width=\"225\" height=\"300\" src=\"https:\/\/humanidades.uprrp.edu\/filosofia\/wp-content\/uploads\/2024\/10\/RZ.jpg\" alt=\"\" class=\"wp-image-975\" style=\"width:188px;height:251px\"\/><\/a><\/figure><\/div>\n\n\n<p><br><\/p>\n\n\n\n<p><strong>Dra. Roc\u00edo Zambrana<\/strong><br>New School for Social Research, New York, PhD. Filosof\u00eda, 2010.<br>Idealismo alem\u00e1n (en especial Hegel); Marx y Teor\u00eda Critica (en especial Escuela de Frankfurt), Epistemolog\u00eda, pensamiento descolonial y feminismo<br><a href=\"mailto:rocio.zambrana@upr.edu\">rocio.zambrana@upr.edu<\/a><\/p>\n\n\n\n<p>Estudio&nbsp;las bases epist\u00e9micas e hist\u00f3rico-materiales de la modernidad capitalista y su orden sexo-gen\u00e9rico y racial, especialmente desde el&nbsp;pensamiento y la praxis decolonial, particularmente en el contexto del capitalismo financiero en el Caribe.&nbsp;<\/p>\n\n\n\n<p><a href=\"https:\/\/urrp.academia.edu\/Roc%C3%ADoZambrana\">https:\/\/urrp.academia.edu\/Roc%C3%ADoZambrana<\/a><\/p>\n\n\n\n<p><\/p>\n\n\n\n<p><\/p>\n\n\n\n<hr class=\"wp-block-separator has-alpha-channel-opacity\"\/>\n\n\n\n<p><br><\/p>\n\n\n\n<h3 class=\"wp-block-heading\">Colaboradores recurrentes<\/h3>\n\n\n\n<p><strong>Prof. Oscar D\u00e1vila del Valle<br><\/strong>Universidad de Puerto Rico, R\u00edo Piedras, Maestr\u00eda en Filosof\u00eda, 1986<br>Profesor Jubilado, Universidad del Sagrado Coraz\u00f3n<br>Teor\u00eda de la Literatura, Filosof\u00eda de la Educaci\u00f3n, Filosof\u00eda precolombina, Est\u00e9tica, Literatura caribe\u00f1a<\/p>\n\n\n\n<p><strong>Dr. Francisco Jos\u00e9 Ramos<br><\/strong>Universidad Complutense de Madrid, Ph.D. Filosof\u00eda, 1982<br>Catedr\u00e1tico jubilado, UPR, Recinto de R\u00edo Piedras<br>Ontolog\u00eda, \u00c9tica, Est\u00e9tica, Filosof\u00eda y Budismo<\/p>\n\n\n\n<p><strong>Dr. Carlos Rojas Osorio<br><\/strong>Universidad&nbsp; Javeriana, Colombia, Ph.D. Filosof\u00eda, 1981<br>Catedr\u00e1tico jubilado, UPR, Recinto de Humacao<br>Filosof\u00eda&nbsp; (Epistemolog\u00eda, \u00c9tica, Ontolog\u00eda, Est\u00e9tica, filosof\u00eda de la Educaci\u00f3n) Filosof\u00eda (epistemolog\u00eda, fenomenolog\u00eda, metaf\u00edsica, historia de la filosof\u00eda), antropolog\u00eda, sociolog\u00eda, teor\u00eda&nbsp; de la cultura.<\/p>\n\n\n\n<p><strong>Dr. Dennis Alicea<br><\/strong>Brown University, Ph.D. en Filosof\u00eda, 1987<br>Ex rector de la Universidad del Turabo (1993-2018)<br>Filosof\u00eda de la Ciencia, Epistemolog\u00eda, Pragmatismo, Filosof\u00eda Contempor\u00e1nea<\/p>\n\n\n\n<p><strong>Dr. Ra\u00fal Cotto<br><\/strong>Catedr\u00e1tico, Departamento de Ciencia Pol\u00edtica, UPR, Recinto de R\u00edo Piedras<br>Universidad de Massachusetts\/Amherst, Ph.D. Filosof\u00eda Pol\u00edtica y Relaciones&nbsp; Internacionales, 1990<br>Filosof\u00eda Pol\u00edtica, Relaciones Internacionales<\/p>\n\n\n\n<h3 class=\"wp-block-heading\">Colaboradores ocasionales<\/h3>\n\n\n\n<p><strong>Dr. Pablo Garc\u00eda Castillo<br><\/strong>Catedr\u00e1tico de Filosof\u00eda, Universidad de Salamanca<br>Historia de la filosof\u00eda antigua, Historia de la filosof\u00eda Medieval, Renacimiento y Humanismo,&nbsp; Hermen\u00e9utica.<\/p>\n\n\n\n<p><strong>Dr. Eduardo Valsega<br><\/strong>Catedr\u00e1tico Auxiliar, Departamento de Psicolog\u00eda, UPR, Recinto de R\u00edo Piedras<br>Filosof\u00eda pol\u00edtica, Psicoan\u00e1lisis<\/p>\n\n\n\n<p><strong>Dr. Julian Velev<br><\/strong>Catedr\u00e1tico, Departamento de F\u00edsica, UPR, Recinto de R\u00edo Piedras<br>Filosof\u00eda de la Ciencia, F\u00edsica y Filosof\u00eda<\/p>\n\n\n\n<p><strong>Dra. Ada M. Vilar<br><\/strong>Catedr\u00e1tica jubilada, Literatura Comparada, UPR, Recinto de R\u00edo Piedras<br>Filosof\u00eda y literatura, Teor\u00eda literaria<\/p>\n\n\n\n<p><strong>Dr. V\u00edctor R. Castro G\u00f3mez<br><\/strong>Catedr\u00e1tico, Departamento de Lenguas Extranjeras, UPR, Recinto de R\u00edo Piedras<br>Historia de las ideas, Literatura alemana, filolog\u00eda ibero-rom\u00e1nica, Thomas Mann<\/p>\n\n\n\n<p><strong>Dr. Andr\u00e9s Rodr\u00edguez Rubio<br><\/strong>Catedr\u00e1tico jubilado, UPR, Recinto de Bayam\u00f3n<br>Filosof\u00eda, \u00c9tica<\/p>\n\n\n\n<p><strong>Dra. Mar\u00eda del Pilar Montoya<br><\/strong>Catedr\u00e1tica Auxiliar, Departamento de Filosof\u00eda, UPR, Recinto de R\u00edo Piedras<br>Filosof\u00eda Antigua, Plat\u00f3n<\/p>\n\n\n\n<p><strong>Dr. H\u00e9ctor Huyke<br><\/strong>Catedr\u00e1tico jubilado, UPR, Recinto de Mayag\u00fcez<br>Filosof\u00eda contempor\u00e1nea, \u00c9tica, Filosof\u00eda de la tecnolog\u00eda<\/p>\n\n\n\n<p><strong>Dra. Sara Gavrell<br><\/strong>Catedr\u00e1tica Asociada, UPR, Recinto de Mayag\u00fcez<br>Filosof\u00eda, \u00c9tica Animal, \u00c9tica Biom\u00e9dica \u00c9tica del Parto, Teor\u00eda feminista<\/p>\n\n\n\n<p><strong>Dr. Antoine Philippe<\/strong><br>Catedr\u00e1tico, Departamento de Lenguas Extranjeras, UPR, Recinto de R\u00edo Piedras<br>Literatura y Filosof\u00eda francesa contempor\u00e1nea, Teor\u00eda literaria, especialista en Maurice Blanchot<\/p>\n\n\n\n<p><strong>Prof. Luis Hern\u00e1ndez Mergal<br><\/strong>Catedr\u00e1tico Asociado, Conservatorio de M\u00fasica de Puerto Rico<br>MA en Filosof\u00eda, Departamento de Filosof\u00eda, 2006<br>Doctorando, Instituto de Filosof\u00eda, Universidad de Antioquia, Colombia, 2018-presente<\/p>\n\n\n\n<p><strong>Prof. Jorge Graterole Roa<br><\/strong>Instructor, Departamento de Filosof\u00eda, UPR, Recinto de R\u00edo Piedras<br>MA en Filosof\u00eda, Departamento de Filosof\u00eda, 2018<br>Estudiante doctoral, Facultad de Educaci\u00f3n, 2021<\/p>\n\n\n\n<p><strong>Prof. Mario Col\u00f3n Sambol\u00edn<br><\/strong>Instructor, Departamento de Filosof\u00eda, UPR, Recinto de R\u00edo Piedras<br>MA en Filosof\u00eda, Departamento de Filosof\u00eda, 2016<br>Doctorando, Universidad de Salamanca, 2016-presente<\/p>\n","protected":false},"excerpt":{"rendered":"<p>Directora interina Dra. Dialitza Col\u00f3n P\u00e9rezDirectora Interina y Catedr\u00e1tica AuxiliarUniversidad Aut\u00f3noma de Barcelona, PhD. Filosof\u00eda Contempor\u00e1nea, 2012Est\u00e9tica y pol\u00edtica, Filosof\u00eda del Artedialitza.colon@upr.edu \u201cMe interesa la relaci\u00f3n entre arte y pol\u00edtica en autores como Jacques Ranci\u00e8re y en las teor\u00edas poscoloniales, adem\u00e1s de estudiar las implicaciones de un pensar sensible.\u201d Profesores &#8230;<\/p>\n","protected":false},"author":7,"featured_media":0,"parent":0,"menu_order":0,"comment_status":"closed","ping_status":"closed","template":"","meta":{"footnotes":""},"class_list":["post-221","page","type-page","status-publish","hentry","column","twocol"],"_links":{"self":[{"href":"https:\/\/humanidades.uprrp.edu\/filosofia\/index.php?rest_route=\/wp\/v2\/pages\/221","targetHints":{"allow":["GET"]}}],"collection":[{"href":"https:\/\/humanidades.uprrp.edu\/filosofia\/index.php?rest_route=\/wp\/v2\/pages"}],"about":[{"href":"https:\/\/humanidades.uprrp.edu\/filosofia\/index.php?rest_route=\/wp\/v2\/types\/page"}],"author":[{"embeddable":true,"href":"https:\/\/humanidades.uprrp.edu\/filosofia\/index.php?rest_route=\/wp\/v2\/users\/7"}],"replies":[{"embeddable":true,"href":"https:\/\/humanidades.uprrp.edu\/filosofia\/index.php?rest_route=%2Fwp%2Fv2%2Fcomments&post=221"}],"version-history":[{"count":84,"href":"https:\/\/humanidades.uprrp.edu\/filosofia\/index.php?rest_route=\/wp\/v2\/pages\/221\/revisions"}],"predecessor-version":[{"id":1233,"href":"https:\/\/humanidades.uprrp.edu\/filosofia\/index.php?rest_route=\/wp\/v2\/pages\/221\/revisions\/1233"}],"wp:attachment":[{"href":"https:\/\/humanidades.uprrp.edu\/filosofia\/index.php?rest_route=%2Fwp%2Fv2%2Fmedia&parent=221"}],"curies":[{"name":"wp","href":"https:\/\/api.w.org\/{rel}","templated":true}]}}