{"id":219,"date":"2013-10-29T00:51:26","date_gmt":"2013-10-29T00:51:26","guid":{"rendered":"https:\/\/humanidades.uprrp.edu\/filosofia\/?page_id=219"},"modified":"2025-02-24T16:25:39","modified_gmt":"2025-02-24T20:25:39","slug":"servicio","status":"publish","type":"page","link":"https:\/\/humanidades.uprrp.edu\/filosofia\/?page_id=219","title":{"rendered":"Seminario de Filosof\u00eda"},"content":{"rendered":"<div class=\"wp-block-image\">\n<figure class=\"alignleft\"><a href=\"https:\/\/humanidades.uprrp.edu\/filosofia\/wp-content\/uploads\/2021\/06\/Fachada-4-Seminario-e1624981424152.jpg\"><img fetchpriority=\"high\" decoding=\"async\" width=\"300\" height=\"200\" src=\"https:\/\/humanidades.uprrp.edu\/filosofia\/wp-content\/uploads\/2021\/06\/Fachada-4-Seminario-e1624981424152-300x200.jpg\" alt=\"\" class=\"wp-image-849\" srcset=\"https:\/\/humanidades.uprrp.edu\/filosofia\/wp-content\/uploads\/2021\/06\/Fachada-4-Seminario-e1624981424152-300x200.jpg 300w, https:\/\/humanidades.uprrp.edu\/filosofia\/wp-content\/uploads\/2021\/06\/Fachada-4-Seminario-e1624981424152-768x512.jpg 768w, https:\/\/humanidades.uprrp.edu\/filosofia\/wp-content\/uploads\/2021\/06\/Fachada-4-Seminario-e1624981424152-1024x683.jpg 1024w, https:\/\/humanidades.uprrp.edu\/filosofia\/wp-content\/uploads\/2021\/06\/Fachada-4-Seminario-e1624981424152-700x467.jpg 700w, https:\/\/humanidades.uprrp.edu\/filosofia\/wp-content\/uploads\/2021\/06\/Fachada-4-Seminario-e1624981424152-332x221.jpg 332w\" sizes=\"(max-width: 300px) 100vw, 300px\" \/><\/a><\/figure><\/div>\n\n\n<p>Contamos con el <a href=\"http:\/\/humanidades.uprrp.edu\/seminariofilosofia\/\">Seminario Ludwig Schajowicz<\/a>, fundado en 1970. En sus inicios contaba con alrededor de siete mil quinientas (7,500) piezas como parte de su colecci\u00f3n regular y a esta se le han a\u00f1adido por donaci\u00f3n las colecciones del Dr. Esteban Tollinchi (600 piezas), Dr. Manfred Kerkhoff (5,500 piezas) y la del Dr. Ludwig Schajowicz (7,314 piezas) para un total estimado de sobre veinti\u00fan mil (21,000) piezas. Esto nos convierte en la biblioteca especializada (laica) m\u00e1s grande del Caribe y \u00e1reas lim\u00edtrofes. Nuestro acervo bibliogr\u00e1fico es diverso y valioso, por lo cual ser\u00eda justo afirmar que es uno de los mayores activos de la Facultad y de la Universidad, con el buscamos establecer muchos proyectos de cooperaci\u00f3n entre profesores, estudiantes y otras instituciones acad\u00e9micas.<\/p>\n\n\n\n<h2 class=\"wp-block-heading has-vivid-red-color has-text-color has-link-color wp-elements-074b248429cc11f9196fa327387eda25\">Breve nota sobre la historia del Departamento<\/h2>\n\n\n\n<p>Desde 1919 exist\u00eda un Departamento de Filosof\u00eda, incluso antes de la fundaci\u00f3n de la Facultad de Humanidades en 1943. A partir de ese a\u00f1o la unidad se reactiva dentro de la Facultad de Humanidades bajo la direcci\u00f3n de Juan B. Soto. El Seminario de Filosof\u00eda se habilita en 1970 para la investigaci\u00f3n y consulta tanto de profesores como de estudiantes. El Seminario ha sido un espacio importante de investigaci\u00f3n y de encuentro para estimular actividades acad\u00e9micas no restringidas al \u00e1mbito de la filosof\u00eda. Al a\u00f1o siguiente se funda la revista <em>Di\u00e1logos<\/em> que ha servido para divulgar la labor investigativa de profesores, estudiantes y colaboradores de reconocimiento internacional. Inicialmente, la concentraci\u00f3n de Filosof\u00eda se cre\u00f3 en 1947. Si bien no es hasta 1955 que se establecieron las bases para la estructura actual del Departamento bajo la direcci\u00f3n de Ludwig Schajowicz. Para esto se tomaron como modelos acad\u00e9micos otros departamentos de Filosof\u00eda de prestigiosas universidades europeas, estadounidenses y latinoamericanas. Dicha estructura sirvi\u00f3 como plataforma para la creaci\u00f3n del Programa Graduado de Maestr\u00eda en Filosof\u00eda en 1963. Tanto el estudio de la historia de la Filosof\u00eda como de sus \u00e1reas tem\u00e1ticas principales son la base para la formaci\u00f3n y desarrollo del estudiantado que ha tomado la decisi\u00f3n de dedicarse a esta disciplina. Por tal raz\u00f3n, la concentraci\u00f3n de bachillerato se organiz\u00f3 por \u00e1reas hist\u00f3ricas, enfoc\u00e1ndose entonces prioritariamente en las principales corrientes de la filosof\u00eda antigua y moderna, y la maestr\u00eda por \u00e1reas tem\u00e1ticas (Epistemolog\u00eda, Filosof\u00eda de la Ciencia, Metaf\u00edsica, Est\u00e9tica, \u00c9tica, Pol\u00edtica, L\u00f3gica y Filosof\u00eda del Lenguaje).<\/p>\n","protected":false},"excerpt":{"rendered":"<p>Contamos con el Seminario Ludwig Schajowicz, fundado en 1970. En sus inicios contaba con alrededor de siete mil quinientas (7,500) piezas como parte de su colecci\u00f3n regular y a esta se le han a\u00f1adido por donaci\u00f3n las colecciones del Dr. Esteban Tollinchi (600 piezas), Dr. Manfred Kerkhoff (5,500 piezas) y &#8230;<\/p>\n","protected":false},"author":7,"featured_media":0,"parent":0,"menu_order":0,"comment_status":"closed","ping_status":"closed","template":"","meta":{"footnotes":""},"class_list":["post-219","page","type-page","status-publish","hentry","column","twocol"],"_links":{"self":[{"href":"https:\/\/humanidades.uprrp.edu\/filosofia\/index.php?rest_route=\/wp\/v2\/pages\/219","targetHints":{"allow":["GET"]}}],"collection":[{"href":"https:\/\/humanidades.uprrp.edu\/filosofia\/index.php?rest_route=\/wp\/v2\/pages"}],"about":[{"href":"https:\/\/humanidades.uprrp.edu\/filosofia\/index.php?rest_route=\/wp\/v2\/types\/page"}],"author":[{"embeddable":true,"href":"https:\/\/humanidades.uprrp.edu\/filosofia\/index.php?rest_route=\/wp\/v2\/users\/7"}],"replies":[{"embeddable":true,"href":"https:\/\/humanidades.uprrp.edu\/filosofia\/index.php?rest_route=%2Fwp%2Fv2%2Fcomments&post=219"}],"version-history":[{"count":12,"href":"https:\/\/humanidades.uprrp.edu\/filosofia\/index.php?rest_route=\/wp\/v2\/pages\/219\/revisions"}],"predecessor-version":[{"id":1264,"href":"https:\/\/humanidades.uprrp.edu\/filosofia\/index.php?rest_route=\/wp\/v2\/pages\/219\/revisions\/1264"}],"wp:attachment":[{"href":"https:\/\/humanidades.uprrp.edu\/filosofia\/index.php?rest_route=%2Fwp%2Fv2%2Fmedia&parent=219"}],"curies":[{"name":"wp","href":"https:\/\/api.w.org\/{rel}","templated":true}]}}