{"id":1205,"date":"2025-02-13T15:28:43","date_gmt":"2025-02-13T19:28:43","guid":{"rendered":"https:\/\/humanidades.uprrp.edu\/filosofia\/?page_id=1205"},"modified":"2025-02-13T15:28:43","modified_gmt":"2025-02-13T19:28:43","slug":"bachillerato-estudiantes-de-nuevo-ingreso","status":"publish","type":"page","link":"https:\/\/humanidades.uprrp.edu\/filosofia\/?page_id=1205","title":{"rendered":"Bachillerato: Estudiantes de nuevo ingreso"},"content":{"rendered":"\n<h2 class=\"wp-block-heading\">Ruta Tradicional<\/h2>\n\n\n\n<ul class=\"wp-block-list\">\n<li>Llenar <a href=\"https:\/\/admisiones.upr.edu\/\">Solicitud de Admisi\u00f3n<\/a>.<\/li>\n\n\n\n<li>Tomar la <strong>Prueba de Admisi\u00f3n Universitaria<\/strong> (PAA) o el <strong>Scholastic Assessment Test<\/strong> (SAT).<\/li>\n\n\n\n<li>Solicitar el <strong>env\u00edo de sus resultados<\/strong> a la Oficina de Admisiones de la unidad que seleccion\u00f3 como <strong>primera alternativa<\/strong> de estudio.<\/li>\n\n\n\n<li>Gestionar el env\u00edo de una <strong>transcripci\u00f3n de cr\u00e9ditos oficial<\/strong> en su escuela superior.\n<ul class=\"wp-block-list\">\n<li>Estudiantes <strong>educados en el hogar<\/strong> y <strong>estudiantes de escuelas for\u00e1neas<\/strong> pueden encontrar m\u00e1s informaci\u00f3n <a href=\"https:\/\/www.uprrp.edu\/admisiones\/requisitos-de-admision-y-documentos-requeridos\/\">aqu\u00ed<\/a>.<\/li>\n<\/ul>\n<\/li>\n\n\n\n<li>Someter <strong>certificaci\u00f3n de graduaci\u00f3n<\/strong> con el sello de su escuela y la firma requerida y <strong>entregarla en la Oficina de Admisiones <\/strong>del Recinto al cual ha sido admitido.<\/li>\n\n\n\n<li>Solicitudes abiertas hasta <strong>MAYO 2025<\/strong>.<\/li>\n<\/ul>\n\n\n\n<h2 class=\"wp-block-heading\">Ruta No Tradicional<\/h2>\n\n\n\n<ul class=\"wp-block-list\">\n<li>Llenar <a href=\"https:\/\/admisiones.upr.edu\/\">Solicitud de Admisi\u00f3n<\/a>.<\/li>\n\n\n\n<li>Gestionar el env\u00edo de una <strong>transcripci\u00f3n de cr\u00e9ditos oficial<\/strong> en su escuela superior.<\/li>\n\n\n\n<li>Promedio de <strong>2.00<\/strong> o m\u00e1s.<\/li>\n\n\n\n<li>El examen del College Board (PAA o SAT) es <strong>opcional <\/strong>y se utilizar\u00e1 para <strong>ubicaci\u00f3n<\/strong> una vez haya una admisi\u00f3n.<\/li>\n\n\n\n<li>Cumplir con <strong>alguna<\/strong> de las siguientes categor\u00edas:<ul><li>Estudiante con <strong>talentos<\/strong> o <strong>cualidades excepcionales<\/strong>.Estudiante que participa del programa <em><strong>dual enrollment <\/strong><\/em>o de <strong>articulaci\u00f3n universitaria.<\/strong><\/li><\/ul><ul><li>Estudiante proveniente de <strong>escuelas especializadas<\/strong>,<\/li><\/ul><ul><li>Estudiante de <strong>escasos recursos econ\u00f3micos<\/strong> o <strong>comunidades marginadas.<\/strong><\/li><\/ul><ul><li><strong>Diversidad funcional.<\/strong><\/li><\/ul><ul><li><em><strong>First responders <\/strong><\/em>o <strong>primeros respondedores<\/strong>.<\/li><\/ul>\n<ul class=\"wp-block-list\">\n<li>Estudiante adulto.<\/li>\n<\/ul>\n<\/li>\n\n\n\n<li>Solicitudes abiertas hasta <strong>JULIO 2025<\/strong>.<\/li>\n<\/ul>\n\n\n\n<p><strong>\u00cdndice m\u00ednimo de ingreso<\/strong>, Departamento de Filosof\u00eda, 2024: <strong>240<\/strong><\/p>\n\n\n\n<p><strong>Para m\u00e1s informaci\u00f3n, oprima<\/strong> <a href=\"https:\/\/www.uprrp.edu\/admisiones\/requisitos-de-admision-y-documentos-requeridos\/\"><strong>aqu\u00ed<\/strong><\/a>.<\/p>\n\n\n\n<p><\/p>\n","protected":false},"excerpt":{"rendered":"<p>Ruta Tradicional Ruta No Tradicional \u00cdndice m\u00ednimo de ingreso, Departamento de Filosof\u00eda, 2024: 240 Para m\u00e1s informaci\u00f3n, oprima aqu\u00ed.<\/p>\n","protected":false},"author":7,"featured_media":0,"parent":0,"menu_order":0,"comment_status":"closed","ping_status":"closed","template":"","meta":{"footnotes":""},"class_list":["post-1205","page","type-page","status-publish","hentry","column","twocol"],"_links":{"self":[{"href":"https:\/\/humanidades.uprrp.edu\/filosofia\/index.php?rest_route=\/wp\/v2\/pages\/1205","targetHints":{"allow":["GET"]}}],"collection":[{"href":"https:\/\/humanidades.uprrp.edu\/filosofia\/index.php?rest_route=\/wp\/v2\/pages"}],"about":[{"href":"https:\/\/humanidades.uprrp.edu\/filosofia\/index.php?rest_route=\/wp\/v2\/types\/page"}],"author":[{"embeddable":true,"href":"https:\/\/humanidades.uprrp.edu\/filosofia\/index.php?rest_route=\/wp\/v2\/users\/7"}],"replies":[{"embeddable":true,"href":"https:\/\/humanidades.uprrp.edu\/filosofia\/index.php?rest_route=%2Fwp%2Fv2%2Fcomments&post=1205"}],"version-history":[{"count":1,"href":"https:\/\/humanidades.uprrp.edu\/filosofia\/index.php?rest_route=\/wp\/v2\/pages\/1205\/revisions"}],"predecessor-version":[{"id":1206,"href":"https:\/\/humanidades.uprrp.edu\/filosofia\/index.php?rest_route=\/wp\/v2\/pages\/1205\/revisions\/1206"}],"wp:attachment":[{"href":"https:\/\/humanidades.uprrp.edu\/filosofia\/index.php?rest_route=%2Fwp%2Fv2%2Fmedia&parent=1205"}],"curies":[{"name":"wp","href":"https:\/\/api.w.org\/{rel}","templated":true}]}}