{"id":74,"date":"2013-09-27T14:27:58","date_gmt":"2013-09-27T14:27:58","guid":{"rendered":"http:\/\/humanidades.uprrp.edu\/estudioshispanicos\/?page_id=74"},"modified":"2025-02-20T14:44:45","modified_gmt":"2025-02-20T14:44:45","slug":"revista","status":"publish","type":"page","link":"https:\/\/humanidades.uprrp.edu\/estudioshispanicos\/?page_id=74","title":{"rendered":"Revista de Estudios Hisp\u00e1nicos"},"content":{"rendered":"\n<p>La <em>Revista de Estudios Hisp\u00e1nicos<\/em> es del Seminario Federico de On\u00eds, adscrito al Departamento de Estudios Hisp\u00e1nicos de la Facultad de Humanidades, Universidad de Puerto Rico, Recinto de R\u00edo Piedras.<\/p>\n\n\n\n<p>Fundada en 1928 por don Federico de On\u00eds, la constituye una de las publicaciones m\u00e1s longevas en la Facultad de Humanidades. Asimismo, se cotiza con gran prestigio en los estudios de las letras hispanas. En su periodicidad bianual, la revista publica investigaciones literarias, ling\u00fc\u00edsticas y culturales del mundo hisp\u00e1nico, as\u00ed como rese\u00f1as, bibliograf\u00edas y entrevistas. Tambi\u00e9n acepta trabajos en espa\u00f1ol, ingl\u00e9s y portugu\u00e9s.<\/p>\n\n\n\n<p><span style=\"font-family: helvetica; font-size: 14px;\"><a href=\"https:\/\/humanidades.uprrp.edu\/estudioshispanicos\/historia-revista.pdf\">&nbsp;<\/a><\/span><\/p>\n","protected":false},"excerpt":{"rendered":"<p>La Revista de Estudios Hisp\u00e1nicos es del Seminario Federico de On\u00eds, adscrito al Departamento de Estudios Hisp\u00e1nicos de la Facultad de Humanidades, Universidad de Puerto Rico, Recinto de R\u00edo Piedras. Fundada en 1928 por don Federico de On\u00eds, la constituye una de las publicaciones m\u00e1s longevas en la Facultad de Humanidades. Asimismo, se cotiza con gran prestigio en los estudios de las letras hispanas. En su periodicidad bianual, la revista publica investigaciones literarias, ling\u00fc\u00edsticas y culturales del mundo hisp\u00e1nico, as\u00ed<\/p>\n","protected":false},"author":3,"featured_media":0,"parent":0,"menu_order":0,"comment_status":"closed","ping_status":"closed","template":"","meta":{"footnotes":""},"class_list":["post-74","page","type-page","status-publish","hentry"],"_links":{"self":[{"href":"https:\/\/humanidades.uprrp.edu\/estudioshispanicos\/index.php?rest_route=\/wp\/v2\/pages\/74","targetHints":{"allow":["GET"]}}],"collection":[{"href":"https:\/\/humanidades.uprrp.edu\/estudioshispanicos\/index.php?rest_route=\/wp\/v2\/pages"}],"about":[{"href":"https:\/\/humanidades.uprrp.edu\/estudioshispanicos\/index.php?rest_route=\/wp\/v2\/types\/page"}],"author":[{"embeddable":true,"href":"https:\/\/humanidades.uprrp.edu\/estudioshispanicos\/index.php?rest_route=\/wp\/v2\/users\/3"}],"replies":[{"embeddable":true,"href":"https:\/\/humanidades.uprrp.edu\/estudioshispanicos\/index.php?rest_route=%2Fwp%2Fv2%2Fcomments&post=74"}],"version-history":[{"count":6,"href":"https:\/\/humanidades.uprrp.edu\/estudioshispanicos\/index.php?rest_route=\/wp\/v2\/pages\/74\/revisions"}],"predecessor-version":[{"id":581,"href":"https:\/\/humanidades.uprrp.edu\/estudioshispanicos\/index.php?rest_route=\/wp\/v2\/pages\/74\/revisions\/581"}],"wp:attachment":[{"href":"https:\/\/humanidades.uprrp.edu\/estudioshispanicos\/index.php?rest_route=%2Fwp%2Fv2%2Fmedia&parent=74"}],"curies":[{"name":"wp","href":"https:\/\/api.w.org\/{rel}","templated":true}]}}