{"id":668,"date":"2026-01-28T18:45:14","date_gmt":"2026-01-28T18:45:14","guid":{"rendered":"https:\/\/humanidades.uprrp.edu\/estudioshispanicos\/?page_id=668"},"modified":"2026-01-28T19:48:25","modified_gmt":"2026-01-28T19:48:25","slug":"programa-de-grados-combinados","status":"publish","type":"page","link":"https:\/\/humanidades.uprrp.edu\/estudioshispanicos\/?page_id=668","title":{"rendered":"Programas de Grados Combinados"},"content":{"rendered":"\n<p>La ruta acelerada del Programa Combinado BYMDEH provee un dise\u00f1o curricular din\u00e1mico y eficiente que agilizar\u00e1 el cumplimiento con los requisitos de obtenci\u00f3n del grado, a un tiempo que promover\u00e1 la continuidad ininterrumpida de la experiencia acad\u00e9mica del Programa Subgraduado al Graduado, la cual podr\u00e1 completarse en ocho y medio (8.5) a\u00f1os (se reduce de quince [15] a este tiempo al grado sugerido a tiempo completo), con una carga de dieciocho (18) cr\u00e9ditos en cursos subgraduados y una de nueve (9) en cursos graduados por semestre; claro que el estudiante subgraduado puede matricular quince<\/p>\n\n\n\n<p>(15) cr\u00e9ditos en el semestre y completar los seis (6) cr\u00e9ditos restantes del a\u00f1o acad\u00e9mico en el verano.<\/p>\n\n\n\n<p>Durante los primeros seis (6) semestres del Programa Subgraduado, el estudiante completar\u00e1 los ciento ocho (111) cr\u00e9ditos requeridos del bachillerato e iniciar\u00e1 los cr\u00e9ditos graduados de la maestr\u00eda con el \u00fanico curso del bachillerato que le resta en el primer semestre del cuarto a\u00f1o. Completados los veinti\u00fan<\/p>\n\n\n\n<p>(21) cr\u00e9ditos de la maestr\u00eda, el estudiante continuar\u00e1 directamente con los veintisiete (27) cr\u00e9ditos doctorales.<\/p>\n\n\n\n<p>Al cabo del tercer a\u00f1o del bachillerato, el\/la estudiante que opte por el BYMDEH enviar\u00e1 una carta de intenci\u00f3n y solicitud de admisi\u00f3n al\/a la coordinador\/a del PGEH, quien evaluar\u00e1 su expediente subgraduado y certificar\u00e1 el cumplimiento de los requisitos de admisi\u00f3n. De ser favorable, el\/la coordinador\/a le notificar\u00e1 al\/a la estudiante por carta oficial la aprobaci\u00f3n de su admisi\u00f3n al BYMDEH e informar\u00e1 al Registrador y al DEGI de la nueva clasificaci\u00f3n del estudiante a ser anotada en su expediente acad\u00e9mico.<\/p>\n\n\n\n<p>El estudiante matricular\u00e1 los primeros dos (2) cursos de la maestr\u00eda en el primer semestre del cuarto a\u00f1o de estudios subgraduados y completar\u00e1 su bachillerato con la aprobaci\u00f3n del \u00faltimo curso ESHI 6000 que completa los dieciocho (18) cr\u00e9ditos de electivas libres en la sesi\u00f3n de verano de ese a\u00f1o acad\u00e9mico<a href=\"#_ftn1\" id=\"_ftnref1\">[1]<\/a>. En el quinto a\u00f1o acad\u00e9mico, iniciar\u00e1 de inmediato la matr\u00edcula de los cursos doctorales hasta la defensa de la tesis doctoral<a href=\"#_ftn2\" id=\"_ftnref2\">[2]<\/a>. Al cabo de nueve (9) a\u00f1os obtendr\u00e1 la triple titulaci\u00f3n (B.A., M.A. y Ph.D.) con el cumplimiento de ciento cincuenta y nueve (159) cr\u00e9ditos. El alumno en el Programa Combinado BYMDEH que quiera obtener la maestr\u00eda sin haber culminado la secuencia doctoral tendr\u00e1 que cumplir con los tres<\/p>\n\n\n\n<p>(3) cr\u00e9ditos en una electiva graduada y el curso del Ensayo Monogr\u00e1fico de Maestr\u00eda (ESHI 6550) que corresponden a la maestr\u00eda individual revisada.<\/p>\n\n\n\n<p>El estudiante con bachillerato e interesado en ingresar al MYDEH deber\u00e1 solicitar admisi\u00f3n al Programa Graduado de Estudios Hisp\u00e1nicos mediante el formulario electr\u00f3nico en el portal del DEGI (graduados.uprrp.edu). Despu\u00e9s de haber aprobado quince (15) de los veinti\u00fan (21) cr\u00e9ditos de la maestr\u00eda, expresar\u00e1 su intenci\u00f3n de continuar con el doctorado revisado en carta dirigida al\/a la coordinador\/a y lo solicitar\u00e1 igualmente por formulario electr\u00f3nico al DEGI. El alumno que decida obtener su diploma de maestr\u00eda sin haber culminado el Programa Combinado MYDEH tendr\u00e1 que cumplir con los tres (3) cr\u00e9ditos en una electiva graduada y el curso del Ensayo Monogr\u00e1fico de Maestr\u00eda (ESHI 6550) que corresponden a la maestr\u00eda individual revisada.<\/p>\n\n\n\n<h2 class=\"wp-block-heading has-text-align-center has-vivid-red-color has-text-color has-link-color wp-elements-71782febbab6f784be83030fc9730b87\"><strong>Secuencia<\/strong><strong> <\/strong><strong>curricular<\/strong><strong> <\/strong><strong>del<\/strong><strong> <\/strong><strong>BYMDEH<\/strong><strong><\/strong><\/h2>\n\n\n\n<p class=\"has-text-align-center\"><strong>PRIMER A\u00d1O: EDUCACI\u00d3N GENERAL<\/strong><\/p>\n\n\n\n<figure class=\"wp-block-table\"><table class=\"has-fixed-layout\"><tbody><tr><td><strong>Curso<\/strong><strong><\/strong><\/td><td><strong>Curso<\/strong><strong><\/strong><\/td><\/tr><tr><td>ESPA \u2013 Espa\u00f1ol <strong>(seg\u00fan nivel)<\/strong><strong><\/strong><\/td><td>ESPA \u2013 Espa\u00f1ol<\/td><\/tr><tr><td>INGL \u2013 Ingl\u00e9s <strong>(seg\u00fan nivel)<\/strong><strong><\/strong><\/td><td>INGL \u2013 Ingl\u00e9s<\/td><\/tr><tr><td>CISO \u2013 Ciencias Sociales<\/td><td>CISO \u2013 Ciencias Sociales<\/td><\/tr><tr><td>Ciencias Naturales (CIBI o CIFI)<\/td><td>Ciencias Naturales (CIBI o CIFI)<\/td><\/tr><tr><td>HUMA \u2013 Humanidades<\/td><td>HUMA \u2013 Humanidades<\/td><\/tr><tr><td>MATE (FCN)<\/td><td>MUSI o TEAT o ARTE<\/td><\/tr><tr><td><strong>18 crs.<\/strong><\/td><td><strong>18 crs.<\/strong><\/td><\/tr><\/tbody><\/table><\/figure>\n\n\n\n<p class=\"has-text-align-center\"><strong>SEGUNDO A\u00d1O: MEDULARES DE LA FACULTAD DE HUMANIDADES<\/strong><\/p>\n\n\n\n<figure class=\"wp-block-table\"><table class=\"has-fixed-layout\"><tbody><tr><td><strong>Curso<\/strong><strong><\/strong><\/td><td><strong>Curso<\/strong><strong><\/strong><\/td><\/tr><tr><td>INGL<\/td><td>INGL<\/td><\/tr><tr><td>LITE \u2013 Literatura Comparada<\/td><td>Electiva libre (FH)<\/td><\/tr><tr><td>FILO<\/td><td>FILO<\/td><\/tr><tr><td>HIST<\/td><td>HIST<\/td><\/tr><tr><td>MUSI o TEAT o ARTE<\/td><td>MUSI o TEAT o ARTE<\/td><\/tr><tr><td>LEEX (una misma lengua moderna)<\/td><td>LEEX (una misma lengua moderna)<\/td><\/tr><tr><td><strong>18 crs.<\/strong><\/td><td><strong>18 crs.<\/strong><\/td><\/tr><\/tbody><\/table><\/figure>\n\n\n\n<p class=\"has-text-align-center\"><strong>TERCER A\u00d1O: CONCENTRACION EN ESTUDIOS HISP\u00c1NICOS<\/strong><\/p>\n\n\n\n<figure class=\"wp-block-table\"><table class=\"has-fixed-layout\"><tbody><tr><td><strong>Curso<\/strong><strong><\/strong><\/td><td><strong>Curso<\/strong><strong><\/strong><\/td><\/tr><tr><td>ESPA 4009<\/td><td>Electiva libre (FH)<\/td><\/tr><tr><td>ESPA 4115<\/td><td>ESPA (electiva libre en \u00e1rea de \u00e9nfasis)<\/td><\/tr><tr><td>ESPA 4267\/4231\/4232<\/td><td>ESPA (electiva libre en \u00e1rea de \u00e9nfasis)<\/td><\/tr><tr><td>ESPA 4265\/4221\/4222<\/td><td>ESPA (electiva libre en \u00e1rea de \u00e9nfasis)<\/td><\/tr><tr><td>ESPA (Curso de Ling\u00fc\u00edstica)<\/td><td>ESPA (electiva libre en \u00e1rea de \u00e9nfasis)<\/td><\/tr><tr><td>ESPA 5201<\/td><td>ESPA 5101<\/td><\/tr><tr><td><strong>18 crs.<\/strong><\/td><td><strong>18 crs.<\/strong><\/td><\/tr><\/tbody><\/table><\/figure>\n\n\n\n<p class=\"has-text-align-center\"><strong>CUARTO A\u00d1O: CURSOS DE MAESTR\u00cdA<\/strong><\/p>\n\n\n\n<figure class=\"wp-block-table\"><table class=\"has-fixed-layout\"><tbody><tr><td><strong>Curso<\/strong><strong><\/strong><\/td><td><strong>Curso<\/strong><strong><\/strong><\/td><\/tr><tr><td>ESPA 3208\/3291\/3292<\/td><td>ESHI 6000<\/td><\/tr><tr><td>ESHI 6000<\/td><td>ESHI 6000<\/td><\/tr><tr><td>ESHI 6000<\/td><td>ESHI 6000\/8000<\/td><\/tr><tr><td><strong>9 crs.<\/strong><\/td><td><strong>9 crs.<\/strong><\/td><\/tr><tr><td><strong>Verano: <\/strong>ESHI 6000\/8000&nbsp;&nbsp;&nbsp;&nbsp;&nbsp;&nbsp;&nbsp;&nbsp;&nbsp;&nbsp;&nbsp;&nbsp;&nbsp;&nbsp;&nbsp;&nbsp;&nbsp;&nbsp;&nbsp;&nbsp;&nbsp;&nbsp;&nbsp;&nbsp;&nbsp;&nbsp;&nbsp;&nbsp; <strong>3 crs.<\/strong><\/td><td>&nbsp;<\/td><\/tr><\/tbody><\/table><\/figure>\n\n\n\n<p class=\"has-text-align-center\"><strong>QUINTO A\u00d1O: CURSOS DE DOCTORADO<\/strong><\/p>\n\n\n\n<figure class=\"wp-block-table\"><table class=\"has-fixed-layout\"><tbody><tr><td><strong>Curso<\/strong><strong><\/strong><\/td><td><strong>Curso<\/strong><strong><\/strong><\/td><\/tr><tr><td>ESHI 6000<\/td><td>ESHI 8000<\/td><\/tr><tr><td>ESHI 6000\/8000<\/td><td>ESHI 8000<\/td><\/tr><tr><td>ESHI 6000\/8000<\/td><td>ESHI 8000<\/td><\/tr><tr><td><strong>9 crs.<\/strong><\/td><td><strong>9 crs.<\/strong><\/td><\/tr><\/tbody><\/table><\/figure>\n\n\n\n<p class=\"has-text-align-center\"><strong>SEXTO A\u00d1O: <strong>CURSOS DE DOCTORADO<\/strong><\/strong><\/p>\n\n\n\n<figure class=\"wp-block-table\"><table class=\"has-fixed-layout\"><tbody><tr><td><strong>Curso<\/strong><strong><\/strong><\/td><td><strong>Curso<\/strong><strong><\/strong><\/td><\/tr><tr><td>ESHI 8000<\/td><td>ESHI 8890-Examen de Grado<\/td><\/tr><tr><td>Electiva libre 6000\/8000<\/td><td>&nbsp;<\/td><\/tr><tr><td>Electiva libre 6000\/8000<\/td><td>&nbsp;<\/td><\/tr><tr><td><strong>9 crs.<\/strong><\/td><td><strong>0 crs.<\/strong><\/td><\/tr><\/tbody><\/table><\/figure>\n\n\n\n<p class=\"has-text-align-center\"><strong>S\u00c9PTIMO A\u00d1O: <strong>CURSOS DE DOCTORADO<\/strong><\/strong><\/p>\n\n\n\n<figure class=\"wp-block-table\"><table class=\"has-fixed-layout\"><tbody><tr><td><strong>Curso<\/strong><strong><\/strong><\/td><td><strong>Curso<\/strong><strong><\/strong><\/td><\/tr><tr><td>ESHI 8090-Propuesta de Tesis Doctoral<\/td><td>ESHI 8891-Tesis Doctoral<\/td><\/tr><tr><td><strong>3 crs.<\/strong><\/td><td><strong>0 crs.<\/strong><\/td><\/tr><\/tbody><\/table><\/figure>\n\n\n\n<p class=\"has-text-align-center\"><strong>OCTAVO A\u00d1O: <strong>CURSOS DE DOCTORADO<\/strong><\/strong><\/p>\n\n\n\n<figure class=\"wp-block-table\"><table class=\"has-fixed-layout\"><tbody><tr><td><strong>Curso<\/strong><strong><\/strong><\/td><td><strong>Curso<\/strong><strong><\/strong><\/td><\/tr><tr><td>ESHI 8892-Continuaci\u00f3n de Tesis Doctoral<\/td><td>ESHI 8892-Continuaci\u00f3n de Tesis Doctoral<\/td><\/tr><tr><td><strong>0 crs.<\/strong><\/td><td><strong>0 crs.<\/strong><\/td><\/tr><\/tbody><\/table><\/figure>\n\n\n\n<p class=\"has-text-align-center\"><strong>NOVENO A\u00d1O: <strong>CURSOS DE DOCTORADO<\/strong><\/strong><\/p>\n\n\n\n<figure class=\"wp-block-table\"><table class=\"has-fixed-layout\"><tbody><tr><td><strong>Curso<\/strong><strong><\/strong><\/td><\/tr><tr><td>ESHI 8892-Continuaci\u00f3n de Tesis Doctoral<\/td><\/tr><tr><td><strong>0 crs.<\/strong><\/td><\/tr><\/tbody><\/table><\/figure>\n\n\n\n<p><strong>TOTAL DE CR\u00c9DITOS: 159<\/strong><\/p>\n\n\n\n<hr class=\"wp-block-separator has-alpha-channel-opacity\"\/>\n\n\n\n<h2 class=\"wp-block-heading has-text-align-center has-vivid-red-color has-text-color has-link-color wp-elements-df13badab6b2f9aa2ca4b69f74575c8f\"><strong>Secuencia<\/strong><strong> <\/strong><strong>curricular<\/strong><strong> <\/strong><strong>del<\/strong><strong> <\/strong><strong>MYDEH<\/strong><strong><\/strong><\/h2>\n\n\n\n<p class=\"has-text-align-center\"><strong>PRIMER A\u00d1O: MAESTR\u00cdA<\/strong><\/p>\n\n\n\n<figure class=\"wp-block-table\"><table class=\"has-fixed-layout\"><tbody><tr><td><strong>Cursos<\/strong><strong><\/strong><\/td><td><strong>Cursos<\/strong><strong><\/strong><\/td><\/tr><tr><td>ESHI 6000<\/td><td>ESHI 6000<\/td><\/tr><tr><td>ESHI 6000<\/td><td>ESHI 6000\/8000<\/td><\/tr><tr><td>ESHI 6000<\/td><td>ESHI 6000\/8000<\/td><\/tr><tr><td><strong>9 crs.<\/strong><\/td><td><strong>9 crs.<\/strong><\/td><\/tr><\/tbody><\/table><\/figure>\n\n\n\n<p class=\"has-text-align-center\"><strong>SEGUNDO A\u00d1O: DOCTORADO<\/strong><\/p>\n\n\n\n<figure class=\"wp-block-table\"><table class=\"has-fixed-layout\"><tbody><tr><td><strong>Cursos<\/strong><strong><\/strong><\/td><td><strong>Cursos<\/strong><strong><\/strong><\/td><\/tr><tr><td>ESHI 6000<\/td><td>ESHI 8000<\/td><\/tr><tr><td>ESHI 6000\/8000<\/td><td>ESHI 8000<\/td><\/tr><tr><td>ESHI 6000\/8000<\/td><td>ESHI 8000<\/td><\/tr><tr><td><strong>9 crs.<\/strong><\/td><td><strong>9 crs.<\/strong><\/td><\/tr><\/tbody><\/table><\/figure>\n\n\n\n<p class=\"has-text-align-center\"><strong>TERCER A\u00d1O: EXAMEN, PROPUESTA DOCTORALES<\/strong><\/p>\n\n\n\n<figure class=\"wp-block-table\"><table class=\"has-fixed-layout\"><tbody><tr><td><strong>Cursos<\/strong><strong><\/strong><\/td><td><strong>Cursos<\/strong><strong><\/strong><\/td><\/tr><tr><td>ESHI 8000<\/td><td>ESHI 8090-Propuesta de Tesis Doctoral<\/td><\/tr><tr><td>Electiva libre 6000\/8000<\/td><td>&nbsp;<\/td><\/tr><tr><td>ESHI 8890-Examen de Grado<\/td><td>&nbsp;<\/td><\/tr><tr><td><strong>6 crs.<\/strong><\/td><td><strong>3 crs.<\/strong><\/td><\/tr><\/tbody><\/table><\/figure>\n\n\n\n<p class=\"has-text-align-center\"><strong>CUARTO A\u00d1O: TESIS DOCTORAL<\/strong><\/p>\n\n\n\n<figure class=\"wp-block-table\"><table class=\"has-fixed-layout\"><tbody><tr><td><strong>Curso<\/strong><strong><\/strong><\/td><td><strong>Curso<\/strong><strong><\/strong><\/td><\/tr><tr><td>ESHI 8891-Tesis Doctoral<\/td><td>ESHI 8892-Continuaci\u00f3n de Tesis Doctoral<\/td><\/tr><tr><td><strong>0 crs.<\/strong><\/td><td><strong>0 crs.<\/strong><\/td><\/tr><\/tbody><\/table><\/figure>\n\n\n\n<p class=\"has-text-align-center\"><strong>QUINTO A\u00d1O: TESIS DOCTORAL<\/strong><\/p>\n\n\n\n<figure class=\"wp-block-table\"><table class=\"has-fixed-layout\"><tbody><tr><td><strong>Curso<\/strong><strong><\/strong><\/td><td><strong>Curso<\/strong><strong><\/strong><\/td><\/tr><tr><td>ESHI 8892-Continuaci\u00f3n de Tesis Doctoral<\/td><td>ESHI 8892-Continuaci\u00f3n de Tesis Doctoral<\/td><\/tr><tr><td><strong>0 crs.<\/strong><\/td><td><strong>0 crs.<\/strong><\/td><\/tr><\/tbody><\/table><\/figure>\n\n\n\n<p><strong>TOTAL DE CR\u00c9DITOS: 45<\/strong><\/p>\n\n\n\n<hr class=\"wp-block-separator has-alpha-channel-opacity\"\/>\n\n\n\n<p><a href=\"#_ftnref1\" id=\"_ftn1\">[1]<\/a> El alumno que decida obtener su diploma de bachillerato fuera de la ruta acelerada BYMDEH, matricular\u00e1 cualesquiera otros tres cursos subgraduados en los dieciocho (18) cr\u00e9ditos de electivas libres de la Facultad de Humanidades, puesto que solo se le pueden convalidad hasta nueve (9) cr\u00e9ditos de cursos graduados en su expediente subgraduado, y obtendr\u00e1 el Diploma de BA al cabo del segundo semestre del cuarto a\u00f1o de estudios.<\/p>\n\n\n\n<p><a href=\"#_ftnref2\" id=\"_ftn2\">[2]<\/a> El doctorado en el Programa Combinado BYMDEH equivale exactamente al doctorado revisado de veintisiete (27) cr\u00e9ditos.<\/p>\n","protected":false},"excerpt":{"rendered":"<p>La ruta acelerada del Programa Combinado BYMDEH provee un dise\u00f1o curricular din\u00e1mico y eficiente que agilizar\u00e1 el cumplimiento con los requisitos de obtenci\u00f3n del grado, a un tiempo que promover\u00e1 la continuidad ininterrumpida de la experiencia acad\u00e9mica del Programa Subgraduado al Graduado, la cual podr\u00e1 completarse en ocho y medio (8.5) a\u00f1os (se reduce de quince [15] a este tiempo al grado sugerido a tiempo completo), con una carga de dieciocho (18) cr\u00e9ditos en cursos subgraduados y una de nueve<\/p>\n","protected":false},"author":3,"featured_media":0,"parent":0,"menu_order":0,"comment_status":"closed","ping_status":"closed","template":"template-fullwidth.php","meta":{"footnotes":""},"class_list":["post-668","page","type-page","status-publish","hentry"],"_links":{"self":[{"href":"https:\/\/humanidades.uprrp.edu\/estudioshispanicos\/index.php?rest_route=\/wp\/v2\/pages\/668","targetHints":{"allow":["GET"]}}],"collection":[{"href":"https:\/\/humanidades.uprrp.edu\/estudioshispanicos\/index.php?rest_route=\/wp\/v2\/pages"}],"about":[{"href":"https:\/\/humanidades.uprrp.edu\/estudioshispanicos\/index.php?rest_route=\/wp\/v2\/types\/page"}],"author":[{"embeddable":true,"href":"https:\/\/humanidades.uprrp.edu\/estudioshispanicos\/index.php?rest_route=\/wp\/v2\/users\/3"}],"replies":[{"embeddable":true,"href":"https:\/\/humanidades.uprrp.edu\/estudioshispanicos\/index.php?rest_route=%2Fwp%2Fv2%2Fcomments&post=668"}],"version-history":[{"count":5,"href":"https:\/\/humanidades.uprrp.edu\/estudioshispanicos\/index.php?rest_route=\/wp\/v2\/pages\/668\/revisions"}],"predecessor-version":[{"id":674,"href":"https:\/\/humanidades.uprrp.edu\/estudioshispanicos\/index.php?rest_route=\/wp\/v2\/pages\/668\/revisions\/674"}],"wp:attachment":[{"href":"https:\/\/humanidades.uprrp.edu\/estudioshispanicos\/index.php?rest_route=%2Fwp%2Fv2%2Fmedia&parent=668"}],"curies":[{"name":"wp","href":"https:\/\/api.w.org\/{rel}","templated":true}]}}