{"id":560,"date":"2023-09-25T13:59:07","date_gmt":"2023-09-25T13:59:07","guid":{"rendered":"https:\/\/humanidades.uprrp.edu\/estudioshispanicos\/?page_id=560"},"modified":"2024-08-20T17:50:24","modified_gmt":"2024-08-20T17:50:24","slug":"solicitud-de-admision","status":"publish","type":"page","link":"https:\/\/humanidades.uprrp.edu\/estudioshispanicos\/?page_id=560","title":{"rendered":"Solicitud de Admisi\u00f3n"},"content":{"rendered":"\n<p>El&nbsp;<a href=\"http:\/\/graduados.uprrp.edu\/index.php?lang=es\">Decanato de Estudios Graduados e Investigaci\u00f3n<\/a>&nbsp;(DEGI) promueve \u2014entre sus metas\u2014 que los programas de maestr\u00eda y doctorado del Recinto ofrezcan una formaci\u00f3n universitaria de excelencia. Es tambi\u00e9n el encargado de las admisiones a los Programas Graduados de la Universidad de Puerto Rico. Las solicitudes son procesadas a trav\u00e9s de la siguiente p\u00e1gina electr\u00f3nica:<\/p>\n\n\n\n<ul class=\"wp-block-list\">\n<li><a href=\"https:\/\/solicitud.upr.edu\">https:\/\/solicitud.upr.edu<\/a><\/li>\n<\/ul>\n\n\n\n<p>Importante:<\/p>\n\n\n\n<ul class=\"wp-block-list\">\n<li>Toda solicitud debe hacerse creando una cuenta en esa p\u00e1gina electr\u00f3nica.<\/li>\n\n\n\n<li>Debe cumplimentar la solicitud en todos los apartados que tengan asterisco.<\/li>\n\n\n\n<li>Debe enviar la transcripci\u00f3n de cr\u00e9ditos oficial a la siguiente direcci\u00f3n:<\/li>\n<\/ul>\n\n\n\n<p>Decanato de Estudios Graduados e Investigaci\u00f3n<br>18 Ave. Universidad Suite 1801<br>San Juan, PR 00925-2512<\/p>\n","protected":false},"excerpt":{"rendered":"<p>El&nbsp;Decanato de Estudios Graduados e Investigaci\u00f3n&nbsp;(DEGI) promueve \u2014entre sus metas\u2014 que los programas de maestr\u00eda y doctorado del Recinto ofrezcan una formaci\u00f3n universitaria de excelencia. Es tambi\u00e9n el encargado de las admisiones a los Programas Graduados de la Universidad de Puerto Rico. Las solicitudes son procesadas a trav\u00e9s de la siguiente p\u00e1gina electr\u00f3nica: Importante: Decanato de Estudios Graduados e Investigaci\u00f3n18 Ave. Universidad Suite 1801San Juan, PR 00925-2512<\/p>\n","protected":false},"author":3,"featured_media":0,"parent":0,"menu_order":0,"comment_status":"closed","ping_status":"closed","template":"","meta":{"footnotes":""},"class_list":["post-560","page","type-page","status-publish","hentry"],"_links":{"self":[{"href":"https:\/\/humanidades.uprrp.edu\/estudioshispanicos\/index.php?rest_route=\/wp\/v2\/pages\/560","targetHints":{"allow":["GET"]}}],"collection":[{"href":"https:\/\/humanidades.uprrp.edu\/estudioshispanicos\/index.php?rest_route=\/wp\/v2\/pages"}],"about":[{"href":"https:\/\/humanidades.uprrp.edu\/estudioshispanicos\/index.php?rest_route=\/wp\/v2\/types\/page"}],"author":[{"embeddable":true,"href":"https:\/\/humanidades.uprrp.edu\/estudioshispanicos\/index.php?rest_route=\/wp\/v2\/users\/3"}],"replies":[{"embeddable":true,"href":"https:\/\/humanidades.uprrp.edu\/estudioshispanicos\/index.php?rest_route=%2Fwp%2Fv2%2Fcomments&post=560"}],"version-history":[{"count":2,"href":"https:\/\/humanidades.uprrp.edu\/estudioshispanicos\/index.php?rest_route=\/wp\/v2\/pages\/560\/revisions"}],"predecessor-version":[{"id":584,"href":"https:\/\/humanidades.uprrp.edu\/estudioshispanicos\/index.php?rest_route=\/wp\/v2\/pages\/560\/revisions\/584"}],"wp:attachment":[{"href":"https:\/\/humanidades.uprrp.edu\/estudioshispanicos\/index.php?rest_route=%2Fwp%2Fv2%2Fmedia&parent=560"}],"curies":[{"name":"wp","href":"https:\/\/api.w.org\/{rel}","templated":true}]}}