{"id":42,"date":"2013-09-27T14:22:39","date_gmt":"2013-09-27T14:22:39","guid":{"rendered":"http:\/\/humanidades.uprrp.edu\/estudioshispanicos\/?page_id=42"},"modified":"2025-02-20T14:44:13","modified_gmt":"2025-02-20T14:44:13","slug":"historia","status":"publish","type":"page","link":"https:\/\/humanidades.uprrp.edu\/estudioshispanicos\/?page_id=42","title":{"rendered":"Historia"},"content":{"rendered":"\n<p>El Seminario Federico de On\u00eds, adscrito al Departamento de Estudios Hisp\u00e1nicos, es una unidad de apoyo a la investigaci\u00f3n. Se fund\u00f3 en 1953 con una donaci\u00f3n de cuatro mil vol\u00famenes de la biblioteca personal del Dr. Federico de On\u00eds, que constituyen su acervo primario. Igualmente, la unidad se responsabiliza por la preservaci\u00f3n, conservaci\u00f3n, ordenaci\u00f3n y catalogaci\u00f3n de los archivos de Concha Mel\u00e9ndez, Antonio S. Pedreira, Luis Pal\u00e9s Matos y Margot Arce de V\u00e1zquez, adem\u00e1s de los documentos del propio On\u00eds. Dada la importancia de estas colecciones, documentos y archivos especializados, el Seminario Federico de On\u00eds se mantiene como uno de los centros de estudios literarios m\u00e1s importantes del mundo hisp\u00e1nico, evidenciado en cantidad de consultas que constantemente hacen estudiosos locales e internacionales de indiscutible prestigio acad\u00e9mico.<\/p>\n\n\n\n<figure class=\"wp-block-image size-full\"><a href=\"https:\/\/humanidades.uprrp.edu\/estudioshispanicos\/wp-content\/uploads\/2013\/10\/9715861135_4212923c31_c.jpg\"><img loading=\"lazy\" decoding=\"async\" width=\"800\" height=\"534\" src=\"https:\/\/humanidades.uprrp.edu\/estudioshispanicos\/wp-content\/uploads\/2013\/10\/9715861135_4212923c31_c.jpg\" alt=\"\" class=\"wp-image-225\" srcset=\"https:\/\/humanidades.uprrp.edu\/estudioshispanicos\/wp-content\/uploads\/2013\/10\/9715861135_4212923c31_c.jpg 800w, https:\/\/humanidades.uprrp.edu\/estudioshispanicos\/wp-content\/uploads\/2013\/10\/9715861135_4212923c31_c-300x200.jpg 300w\" sizes=\"auto, (max-width: 800px) 100vw, 800px\" \/><\/a><\/figure>\n\n\n\n<h2 class=\"wp-block-heading\">Funci\u00f3n<\/h2>\n\n\n\n<p>Como un centro de investigaci\u00f3n especializado en literaturas y ling\u00fc\u00edstica hisp\u00e1nicas, la biblioteca del Seminario alberga archivos de importancia para el estudio de las literaturas espa\u00f1ola, hispanoamericana y puertorrique\u00f1a. Su vitalidad se reafirma en su uso como centro de investigaciones para profesores, estudiantes graduados e investigadores, dentro y fuera de Puerto Rico. En efecto, el Seminario Federico de On\u00eds es custodio de manuscritos y correspondencia de escritores e intelectuales hisp\u00e1nicos, as\u00ed como de una extensa colecci\u00f3n de recortes de peri\u00f3dicos. La <em>Revista de Estudios Hisp\u00e1nicos<\/em>, su \u00f3rgano de difusi\u00f3n, publica art\u00edculos sobre literaturas y ling\u00fc\u00edstica hisp\u00e1nicas. Tiene circulaci\u00f3n internacional y aparece dos (2) veces al a\u00f1o. Igualmente, el Seminario publica los cuadernos <em>O\u2019Clips<\/em>.<\/p>\n\n\n\n<figure class=\"wp-block-image size-full\"><a href=\"https:\/\/humanidades.uprrp.edu\/estudioshispanicos\/wp-content\/uploads\/2013\/10\/9715860807_5ee13957ed_c-1.jpg\"><img loading=\"lazy\" decoding=\"async\" width=\"800\" height=\"534\" src=\"https:\/\/humanidades.uprrp.edu\/estudioshispanicos\/wp-content\/uploads\/2013\/10\/9715860807_5ee13957ed_c-1.jpg\" alt=\"\" class=\"wp-image-223\" srcset=\"https:\/\/humanidades.uprrp.edu\/estudioshispanicos\/wp-content\/uploads\/2013\/10\/9715860807_5ee13957ed_c-1.jpg 800w, https:\/\/humanidades.uprrp.edu\/estudioshispanicos\/wp-content\/uploads\/2013\/10\/9715860807_5ee13957ed_c-1-300x200.jpg 300w\" sizes=\"auto, (max-width: 800px) 100vw, 800px\" \/><\/a><\/figure>\n\n\n\n<h2 class=\"wp-block-heading\">Misi\u00f3n<\/h2>\n\n\n\n<p>Conforme a los lineamientos expuestos en el Plan Estrat\u00e9gico Visi\u00f3n Universidad 2016, seg\u00fan enmendado el 19 de octubre de 2006, el Recinto de R\u00edo Piedras de la Universidad de Puerto Rico se encuentra comprometido, por mandato de ley, con los preceptos de autonom\u00eda institucional, libertad de c\u00e1tedra e investigaci\u00f3n. Dicho compromiso surge y se fundamenta en la historia del Recinto y de su acervo cultural como bases para el desarrollo y aportaci\u00f3n al sistema educativo de Puerto Rico. Dentro del contemplado contexto, el Seminario de Estudios Hisp\u00e1nicos Federico de On\u00eds goza de los m\u00e1s altos valores institucionales como centro de investigaciones literarias y ling\u00fc\u00edsticas tanto por su longevidad (el segundo m\u00e1s antiguo en el Recinto de R\u00edo Piedras) como por el prestigioso posicionamiento en los estudios hisp\u00e1nicos en Iberoam\u00e9rica y Estados Unidos, lo que le ha hecho acreedor de un gran prestigio en el \u00e1mbito internacional. El Seminario es, en este sentido, uno de los baluartes de mayor consecuencia en la asentida misi\u00f3n de la Universidad de Puerto Rico en pos del desarrollo de la investigaci\u00f3n, en sincron\u00eda con el \u00e1mbito caribe\u00f1o y latinoamericano, y a tenor con la misi\u00f3n expresa de fortalecer el acervo de conocimientos pertinentes a la consolidaci\u00f3n de la nacionalidad puertorrique\u00f1a, su historia, su idioma y cultura, sin apartarse de su integraci\u00f3n con el desarrollo cultural de otros pa\u00edses. Por su inter\u00e9s \u00fanico \u2014dado el inter\u00e9s inicial de su fundador, don Federico de On\u00eds, en integrar la hispanidad diasp\u00f3rica\u2014, el Seminario se sit\u00faa en un \u00e1mbito de estudios particular, centrando sus recursos en los estudios puertorrique\u00f1os, hisp\u00e1nicos y espa\u00f1oles desde su <em>topos<\/em> caribe\u00f1o. En virtud de la vigencia sostenida de sus diversas \u00e1reas de estudio, el Seminario Federico de On\u00eds debe jugar un papel primordial dentro del esquema de acercamiento interfacultativo para el desarrollo de nuevos modos de interacci\u00f3n, colaboraci\u00f3n y creaci\u00f3n de alianzas interdisciplinarias.<\/p>\n","protected":false},"excerpt":{"rendered":"<p>El Seminario Federico de On\u00eds, adscrito al Departamento de Estudios Hisp\u00e1nicos, es una unidad de apoyo a la investigaci\u00f3n. Se fund\u00f3 en 1953 con una donaci\u00f3n de cuatro mil vol\u00famenes de la biblioteca personal del Dr. Federico de On\u00eds, que constituyen su acervo primario. Igualmente, la unidad se responsabiliza por la preservaci\u00f3n, conservaci\u00f3n, ordenaci\u00f3n y catalogaci\u00f3n de los archivos de Concha Mel\u00e9ndez, Antonio S. Pedreira, Luis Pal\u00e9s Matos y Margot Arce de V\u00e1zquez, adem\u00e1s de los documentos del propio On\u00eds.<\/p>\n","protected":false},"author":3,"featured_media":0,"parent":0,"menu_order":0,"comment_status":"closed","ping_status":"closed","template":"","meta":{"footnotes":""},"class_list":["post-42","page","type-page","status-publish","hentry"],"_links":{"self":[{"href":"https:\/\/humanidades.uprrp.edu\/estudioshispanicos\/index.php?rest_route=\/wp\/v2\/pages\/42","targetHints":{"allow":["GET"]}}],"collection":[{"href":"https:\/\/humanidades.uprrp.edu\/estudioshispanicos\/index.php?rest_route=\/wp\/v2\/pages"}],"about":[{"href":"https:\/\/humanidades.uprrp.edu\/estudioshispanicos\/index.php?rest_route=\/wp\/v2\/types\/page"}],"author":[{"embeddable":true,"href":"https:\/\/humanidades.uprrp.edu\/estudioshispanicos\/index.php?rest_route=\/wp\/v2\/users\/3"}],"replies":[{"embeddable":true,"href":"https:\/\/humanidades.uprrp.edu\/estudioshispanicos\/index.php?rest_route=%2Fwp%2Fv2%2Fcomments&post=42"}],"version-history":[{"count":5,"href":"https:\/\/humanidades.uprrp.edu\/estudioshispanicos\/index.php?rest_route=\/wp\/v2\/pages\/42\/revisions"}],"predecessor-version":[{"id":580,"href":"https:\/\/humanidades.uprrp.edu\/estudioshispanicos\/index.php?rest_route=\/wp\/v2\/pages\/42\/revisions\/580"}],"wp:attachment":[{"href":"https:\/\/humanidades.uprrp.edu\/estudioshispanicos\/index.php?rest_route=%2Fwp%2Fv2%2Fmedia&parent=42"}],"curies":[{"name":"wp","href":"https:\/\/api.w.org\/{rel}","templated":true}]}}