{"id":384,"date":"2013-11-15T13:32:39","date_gmt":"2013-11-15T13:32:39","guid":{"rendered":"http:\/\/humanidades.uprrp.edu\/estudioshispanicos\/?page_id=384"},"modified":"2024-08-20T17:49:34","modified_gmt":"2024-08-20T17:49:34","slug":"preguntas-frecuentes","status":"publish","type":"page","link":"https:\/\/humanidades.uprrp.edu\/estudioshispanicos\/?page_id=384","title":{"rendered":"Preguntas Frecuentes"},"content":{"rendered":"<p><span style=\"font-family: helvetica; font-size: 14px;\"><strong>\u00bfQui\u00e9n puede aclararme una duda sobre el Programa?<\/strong><\/span><span style=\"font-family: helvetica; font-size: 14px;\"><img loading=\"lazy\" decoding=\"async\" class=\"size-full wp-image-386 alignright\" src=\"https:\/\/humanidades.uprrp.edu\/estudioshispanicos\/wp-content\/uploads\/2013\/11\/preguntas-frecuentes.gif\" alt=\"preguntas-frecuentes\" width=\"158\" height=\"196\" \/><\/span><br \/>\n<span style=\"font-family: helvetica; font-size: 14px;\">Adem\u00e1s de la informaci\u00f3n de esta p\u00e1gina, puede escribirle al\/la<\/span><br \/>\n<span style=\"font-family: helvetica; font-size: 14px;\">asesor\/a acad\u00e9mico de Estudios Hisp\u00e1nicos o al\/la Director\/a de<\/span><br \/>\n<span style=\"font-family: helvetica; font-size: 14px;\">Departamento. [Para obtener la informaci\u00f3n de contacto pulse <a href=\"https:\/\/humanidades.uprrp.edu\/estudioshispanicos\/?page_id=26\">aqu\u00ed<\/a>.]<\/span><br \/>\n<span style=\"font-family: helvetica; font-size: 14px;\">Tambi\u00e9n puede consultar nuestro blog:<\/span><a href=\"https:\/\/humanidades.uprrp.edu\/estudioshispanicos\/?page_id=74\"><span style=\"font-family: helvetica; font-size: 14px;\"> <span style=\"color: #ff0000;\"><span style=\"color: #ff0000;\">pedreira104.blogspot.com<\/span><\/span><\/span><\/a><\/p>\n<p><span style=\"font-family: helvetica; font-size: 14px;\"><strong>\u00bfNecesito aprobar otros cursos fuera del Departamento para hacer una<\/strong><\/span><br \/>\n<span style=\"font-family: helvetica; font-size: 14px;\"><strong>segunda concentraci\u00f3n?<\/strong><\/span><br \/>\n<span style=\"font-family: helvetica; font-size: 14px;\">No.\u00a0 Los \u00fanicos cursos que se requieren para la segunda concentraci\u00f3n<\/span><br \/>\n<span style=\"font-family: helvetica; font-size: 14px;\">son los 36 cr\u00e9ditos de Estudios Hisp\u00e1nicos.<\/span><\/p>\n<p><span style=\"font-family: helvetica; font-size: 14px;\"><strong>\u00bfPuedo hacer una misma tesina para el Departamento de Estudios<\/strong><\/span><br \/>\n<span style=\"font-family: helvetica; font-size: 14px;\"><strong>Hisp\u00e1nicos y el Programa de Honor?<\/strong><\/span><br \/>\n<span style=\"font-family: helvetica; font-size: 14px;\">S\u00ed, pero debe someter su proyecto en ambos programas y bajo sus<\/span><br \/>\n<span style=\"font-family: helvetica; font-size: 14px;\">respectivas condiciones.<\/span><\/p>\n<p><span style=\"font-family: helvetica; font-size: 14px;\"><strong>\u00bfQu\u00e9 cursos de Estudios Hisp\u00e1nicos requiere el Departamento de<\/strong><\/span><br \/>\n<span style=\"font-family: helvetica; font-size: 14px;\"><strong>Educaci\u00f3n para certificarse como maestro de espa\u00f1ol a nivel<\/strong><\/span><br \/>\n<span style=\"font-family: helvetica; font-size: 14px;\"><strong>secundario?<\/strong><\/span><br \/>\n<span style=\"font-family: helvetica; font-size: 14px;\">Adem\u00e1s de los cursos profesionales de la Facultad de Educaci\u00f3n y los 6<\/span><br \/>\n<span style=\"font-family: helvetica; font-size: 14px;\">cr\u00e9ditos de Historia de Puerto Rico e Historia de Estados Unidos, para<\/span><br \/>\n<span style=\"font-family: helvetica; font-size: 14px;\">solicitar el examen de licenciatura de maestro (PCMAS) debe aprobar<\/span><br \/>\n<span style=\"font-family: helvetica; font-size: 14px;\">con una calificaci\u00f3n de C o m\u00e1s los siguientes cursos de Estudios<\/span><br \/>\n<span style=\"font-family: helvetica; font-size: 14px;\">Hisp\u00e1nicos:<\/span><\/p>\n<p><span style=\"font-family: helvetica; font-size: 14px;\">ESPA 3211\u00a0 Literatura espa\u00f1ola desde el Renacimiento al Barroco<\/span><br \/>\n<span style=\"font-family: helvetica; font-size: 14px;\">(equivalente a ESPA 4009)<\/span><br \/>\n<span style=\"font-family: helvetica; font-size: 14px;\">ESPA 3212\u00a0 Literatura espa\u00f1ola del Barroco a la Modernidad (equivalente a 4115)<\/span><br \/>\n<span style=\"font-family: helvetica; font-size: 14px;\">ESPA 3291\u00a0 Gram\u00e1tica Espa\u00f1ola I<\/span><br \/>\n<span style=\"font-family: helvetica; font-size: 14px;\">ESPA 3292\u00a0 Gram\u00e1tica Espa\u00f1ola II<\/span><br \/>\n<span style=\"font-family: helvetica; font-size: 14px;\">ESPA 4231\u00a0 Literatura Puertorrique\u00f1a I<\/span><br \/>\n<span style=\"font-family: helvetica; font-size: 14px;\">ESPA 4232\u00a0 Literatura Puertorrique\u00f1a II<\/span><br \/>\n<span style=\"font-family: helvetica; font-size: 14px;\">ESPA 4221\u00a0 Literatura Hispanomaericana I<\/span><br \/>\n<span style=\"font-family: helvetica; font-size: 14px;\">ESPA 4222\u00a0 Literatura Hispanoamericana II<\/span><br \/>\n<span style=\"font-family: helvetica; font-size: 14px;\">ESPA 3013\u00a0 Introducci\u00f3n a la Ling\u00fc\u00edstica (compendio)[1]<\/span><\/p>\n<p><span style=\"font-family: helvetica; font-size: 14px;\">[Para un resumen de los requisitos para la licencia pulse <span style=\"color: #ff0000;\"><a href=\"https:\/\/humanidades.uprrp.edu\/estudioshispanicos\/wp-content\/uploads\/2013\/11\/Para-certificarse.pdf\"><span style=\"color: #ff0000;\">aqu\u00ed<\/span><\/a><\/span>.\u00a0 Esta<\/span><br \/>\n<span style=\"font-family: helvetica; font-size: 14px;\">informaci\u00f3n est\u00e1 sujeta a modificaciones, aseg\u00farese de verificar los<\/span><br \/>\n<span style=\"font-family: helvetica; font-size: 14px;\">datos en el Decanato de Asuntos Estudiantiles de la Facultad de<\/span><br \/>\n<span style=\"font-family: helvetica; font-size: 14px;\">Educaci\u00f3n]<\/span><\/p>\n<p><span style=\"font-family: helvetica; font-size: 14px;\">________________________________<\/span><\/p>\n<p><span style=\"font-family: helvetica; font-size: 14px;\">[1] Est\u00e1 bajo consideraci\u00f3n ampliar la opci\u00f3n para estos 3 cr\u00e9ditos a<\/span><br \/>\n<span style=\"font-family: helvetica; font-size: 14px;\">otros cursos de ling\u00fc\u00edstica del Departamento de Estudios Hisp\u00e1nicos.<\/span><\/p>\n","protected":false},"excerpt":{"rendered":"<p>\u00bfQui\u00e9n puede aclararme una duda sobre el Programa? Adem\u00e1s de la informaci\u00f3n de esta p\u00e1gina, puede escribirle al\/la asesor\/a acad\u00e9mico de Estudios Hisp\u00e1nicos o al\/la Director\/a de Departamento. [Para obtener la informaci\u00f3n de contacto pulse aqu\u00ed.] Tambi\u00e9n puede consultar nuestro blog: pedreira104.blogspot.com \u00bfNecesito aprobar otros cursos fuera del Departamento para hacer una segunda concentraci\u00f3n? No.\u00a0 Los \u00fanicos cursos que se requieren para la segunda concentraci\u00f3n son los 36 cr\u00e9ditos de Estudios Hisp\u00e1nicos. \u00bfPuedo hacer una misma tesina para el Departamento<\/p>\n","protected":false},"author":3,"featured_media":0,"parent":0,"menu_order":0,"comment_status":"closed","ping_status":"closed","template":"","meta":{"footnotes":""},"class_list":["post-384","page","type-page","status-publish","hentry"],"_links":{"self":[{"href":"https:\/\/humanidades.uprrp.edu\/estudioshispanicos\/index.php?rest_route=\/wp\/v2\/pages\/384","targetHints":{"allow":["GET"]}}],"collection":[{"href":"https:\/\/humanidades.uprrp.edu\/estudioshispanicos\/index.php?rest_route=\/wp\/v2\/pages"}],"about":[{"href":"https:\/\/humanidades.uprrp.edu\/estudioshispanicos\/index.php?rest_route=\/wp\/v2\/types\/page"}],"author":[{"embeddable":true,"href":"https:\/\/humanidades.uprrp.edu\/estudioshispanicos\/index.php?rest_route=\/wp\/v2\/users\/3"}],"replies":[{"embeddable":true,"href":"https:\/\/humanidades.uprrp.edu\/estudioshispanicos\/index.php?rest_route=%2Fwp%2Fv2%2Fcomments&post=384"}],"version-history":[{"count":4,"href":"https:\/\/humanidades.uprrp.edu\/estudioshispanicos\/index.php?rest_route=\/wp\/v2\/pages\/384\/revisions"}],"predecessor-version":[{"id":583,"href":"https:\/\/humanidades.uprrp.edu\/estudioshispanicos\/index.php?rest_route=\/wp\/v2\/pages\/384\/revisions\/583"}],"wp:attachment":[{"href":"https:\/\/humanidades.uprrp.edu\/estudioshispanicos\/index.php?rest_route=%2Fwp%2Fv2%2Fmedia&parent=384"}],"curies":[{"name":"wp","href":"https:\/\/api.w.org\/{rel}","templated":true}]}}