{"id":34,"date":"2013-09-27T14:21:06","date_gmt":"2013-09-27T14:21:06","guid":{"rendered":"http:\/\/humanidades.uprrp.edu\/estudioshispanicos\/?page_id=34"},"modified":"2025-02-20T14:43:24","modified_gmt":"2025-02-20T14:43:24","slug":"subgraduados","status":"publish","type":"page","link":"https:\/\/humanidades.uprrp.edu\/estudioshispanicos\/?page_id=34","title":{"rendered":"Bachillerato"},"content":{"rendered":"\n<p class=\"has-text-align-center\"><\/p>\n\n\n\n<p><strong>Curr\u00edculo del bachillerato<\/strong><\/p>\n\n\n\n<p>La revisi\u00f3n curricular del nuevo bachillerato en 2008 fue implantada en la Facultad de Humanidades durante el primer semestre del a\u00f1o acad\u00e9mico 2009-2010. La secuencia curricular consta de ciento veintinueve (129) cr\u00e9ditos distribuidos en los siguientes componentes:<\/p>\n\n\n\n<ul class=\"wp-block-list\">\n<li>Educaci\u00f3n general<\/li>\n\n\n\n<li>Concentraci\u00f3n<\/li>\n\n\n\n<li>Electivas dirigidas y libres<\/li>\n<\/ul>\n\n\n\n<p><\/p>\n\n\n\n<p class=\"has-text-align-left\">La secuencia curricular del bachillerato <em>revisado<\/em> en Estudios Hisp\u00e1nicos es la siguiente:<\/p>\n\n\n\n<h3 class=\"wp-block-heading has-text-align-center\"><strong>Educaci\u00f3n general<\/strong><\/h3>\n\n\n\n<figure class=\"wp-block-table\"><table><tbody><tr><td><strong>Curso<\/strong><strong><\/strong><\/td><td><strong>Curso<\/strong><strong><\/strong><\/td><td>&nbsp;<\/td><\/tr><tr><td>ESPA \u2013 Espa\u00f1ol <strong>(seg\u00fan nivel)<\/strong><strong><\/strong><\/td><td>ESPA \u2013 Espa\u00f1ol<\/td><td>&nbsp;<\/td><\/tr><tr><td>INGL \u2013 Ingl\u00e9s <strong>(seg\u00fan nivel)<\/strong><strong><\/strong><\/td><td>INGL \u2013 Ingl\u00e9s<\/td><td>&nbsp;<\/td><\/tr><tr><td>CISO \u2013 Ciencias Sociales<\/td><td>CISO \u2013 Ciencias Sociales<\/td><td>&nbsp;<\/td><\/tr><tr><td>Ciencias Naturales (CIBI o CIFI)<\/td><td>Ciencias Naturales (CIBI o CIFI)<\/td><td>&nbsp;<\/td><\/tr><tr><td>HUMA \u2013 Humanidades<\/td><td>HUMA \u2013 Humanidades<\/td><td>&nbsp;<\/td><\/tr><tr><td>Pensamiento L\u00f3gico Matem\u00e1tico<\/td><td colspan=\"2\">&nbsp;<\/td><\/tr><tr><td>**M\u00fasica o Teatro o Arte<\/td><td colspan=\"2\">&nbsp;<\/td><\/tr><tr><td><strong>Subtotal crs.<\/strong><strong><\/strong><\/td><td colspan=\"2\"><strong>36<\/strong><\/td><\/tr><\/tbody><\/table><\/figure>\n\n\n\n<h3 class=\"wp-block-heading has-text-align-center\"><strong>Medulares de la Facultad de Humanidades<\/strong><\/h3>\n\n\n\n<figure class=\"wp-block-table has-small-font-size\"><table><tbody><tr><td><strong>Curso<\/strong><strong><\/strong><\/td><td><strong>Curso<\/strong><strong><\/strong><\/td><\/tr><tr><td>*INGL \u2013 Ingl\u00e9s (Fac. Humanidades) <strong>(Prueba de ubicaci\u00f3n)<\/strong><strong><\/strong><\/td><td>*INGL \u2013 Ingl\u00e9s (Fac. Humanidades)<\/td><\/tr><tr><td>*LITE \u2013 Literatura Comparada<\/td><td>*LITE \u2013 Literatura Comparada<\/td><\/tr><tr><td>FILO \u2013 Filosof\u00eda<\/td><td>FILO \u2013 Filosof\u00eda<\/td><\/tr><tr><td>HIST \u2013 Historia<\/td><td>HIST \u2013 Historia<\/td><\/tr><tr><td>Lengua Extranjera en una misma lengua<\/td><td>Lengua Extranjera en una misma lengua<\/td><\/tr><tr><td>**M\u00fasica o Teatro o Arte<\/td><td>**M\u00fasica o Teatro o Arte<\/td><\/tr><tr><td>**M\u00fasica o Teatro o Arte<\/td><td>**M\u00fasica o Teatro o Arte<\/td><\/tr><tr><td>Electiva de Facultad (libres)<\/td><td>Electiva de Facultad (libres)<\/td><\/tr><tr><td>Electiva de Facultad (libres)<\/td><td>Electiva de Facultad (libres)<\/td><\/tr><tr><td><strong>Subtotal crs.<\/strong><strong><\/strong><\/td><td><strong>39<\/strong><\/td><\/tr><\/tbody><\/table><figcaption class=\"wp-element-caption\">* Suman 9 crs. de los cuales 6 crs. deber\u00e1n tomarse en cursos de LITERATURA de EDUCACI\u00d3N GENERAL de la Facultad de Humanidades. Ver listado.<br>** El estudiante tomar\u00e1 3 crs. en MUSI, 3 crs. en TEAT y 3 crs. en ARTE o HART<\/figcaption><\/figure>\n\n\n\n<p><\/p>\n\n\n\n<h3 class=\"wp-block-heading has-text-align-center\"><strong>Concentraci\u00f3n en Estudios Hisp\u00e1nicos<\/strong><\/h3>\n\n\n\n<figure class=\"wp-block-table\"><table><tbody><tr><td><strong>Curso<\/strong><strong><\/strong><\/td><td><strong>Codificaci\u00f3n<\/strong><strong><\/strong><\/td><td><strong>Crs.<\/strong><strong><\/strong><\/td><\/tr><tr><td><strong>Medulares de concentraci\u00f3n<\/strong><strong><\/strong><\/td><td>&nbsp;<\/td><td>&nbsp;<\/td><\/tr><tr><td>***Debates de la literatura espa\u00f1ola: Edad Media al Renacimiento<\/td><td>ESPA 4009<\/td><td>3<\/td><\/tr><tr><td>***Debates de la literatura espa\u00f1ola: Barroco a Vanguardias<\/td><td>ESPA 4115<\/td><td>3<\/td><\/tr><tr><td>Literatura puertorrique\u00f1a &#8211; compendio (ESPA 4267) o Introducci\u00f3n a la literatura puertorrique\u00f1a I \u00f3 II (ESPA 4231 \u00f3 4232)<\/td><td>ESPA<\/td><td>3<\/td><\/tr><tr><td>Literatura hispanoamericana \u2013 compendio (ESPA 4265) o Introducci\u00f3n a la literatura hispanoamericana I \u00f3 II (ESPA 4221 \u00f3 4222)<\/td><td>ESPA<\/td><td>3<\/td><\/tr><tr><td>Curso a escoger del \u00e1rea de ling\u00fc\u00edstica<\/td><td>ESPA<\/td><td>3<\/td><\/tr><tr><td>Seminario de m\u00e9todos de investigaci\u00f3n y redacci\u00f3n de la tesina (ESPA 4887)\/<strong>M\u00e9todos de Investigaci\u00f3n (ESPA&nbsp;5XXX)<\/strong>**** o Seminario de investigaci\u00f3n ling\u00fc\u00edstica (ESPA 4066)*****<\/td><td>ESPA<\/td><td>3<\/td><\/tr><tr><td>Curso a escoger del \u00e1rea de redacci\u00f3n o creaci\u00f3n literaria<\/td><td>ESPA<\/td><td>3<\/td><\/tr><tr><td><strong>Subtotal crs.<\/strong><strong><\/strong><\/td><td>&nbsp;<\/td><td><strong>21<\/strong><strong><\/strong><\/td><\/tr><tr><td><strong>\u00c1REA DE \u00c9NFASIS: el estudiante seleccionar\u00e1 libremente entre los cursos de<\/strong><strong><\/strong> <strong>todas las \u00e1reas de \u00e9nfasis.<\/strong><strong><\/strong><\/td><td>&nbsp;<\/td><td>&nbsp;<\/td><\/tr><tr><td>Introducci\u00f3n a la teor\u00eda literaria\/<strong>Teor\u00eda Literaria<\/strong> o Electiva en ESPA*****<\/td><td>ESPA 4886\/  <br><strong>ESPA 5XXX<\/strong> ESPA<\/td><td>3<\/td><\/tr><tr><td>Electiva en ESPA<\/td><td>ESPA<\/td><td>3<\/td><\/tr><tr><td>Electiva en ESPA<\/td><td>ESPA<\/td><td>3<\/td><\/tr><tr><td>Electiva en ESPA<\/td><td>ESPA<\/td><td>3<\/td><\/tr><tr><td>Electiva en ESPA<\/td><td>ESPA<\/td><td>3<\/td><\/tr><tr><td><strong>Subtotal crs. \u00e1rea de \u00e9nfasis<\/strong><strong><\/strong><\/td><td>&nbsp;<\/td><td><strong>15<\/strong><strong><\/strong><\/td><\/tr><tr><td><strong>Total crs. concentraci\u00f3n<\/strong><strong><\/strong><\/td><td>&nbsp;<\/td><td><strong>36<\/strong><strong><\/strong><\/td><\/tr><\/tbody><\/table><\/figure>\n\n\n\n<h3 class=\"wp-block-heading has-text-align-center\"><strong>Electivas libres<\/strong><\/h3>\n\n\n\n<figure class=\"wp-block-table\"><table><tbody><tr><td><strong>Curso<\/strong><strong><\/strong><\/td><td><strong>Crs.<\/strong><strong><\/strong><\/td><\/tr><tr><td>&nbsp;<\/td><td>&nbsp;<\/td><\/tr><tr><td>&nbsp;<\/td><td>&nbsp;<\/td><\/tr><tr><td>&nbsp;<\/td><td>&nbsp;<\/td><\/tr><tr><td>&nbsp;<\/td><td>&nbsp;<\/td><\/tr><tr><td>&nbsp;<\/td><td>&nbsp;<\/td><\/tr><tr><td>&nbsp;<\/td><td>&nbsp;<\/td><\/tr><tr><td><strong>Subtotal crs.<\/strong><strong><\/strong><\/td><td><strong>18<\/strong><\/td><\/tr><\/tbody><\/table><\/figure>\n","protected":false},"excerpt":{"rendered":"<p>Curr\u00edculo del bachillerato La revisi\u00f3n curricular del nuevo bachillerato en 2008 fue implantada en la Facultad de Humanidades durante el primer semestre del a\u00f1o acad\u00e9mico 2009-2010. La secuencia curricular consta de ciento veintinueve (129) cr\u00e9ditos distribuidos en los siguientes componentes: La secuencia curricular del bachillerato revisado en Estudios Hisp\u00e1nicos es la siguiente: Educaci\u00f3n general Curso Curso &nbsp; ESPA \u2013 Espa\u00f1ol (seg\u00fan nivel) ESPA \u2013 Espa\u00f1ol &nbsp; INGL \u2013 Ingl\u00e9s (seg\u00fan nivel) INGL \u2013 Ingl\u00e9s &nbsp; CISO \u2013 Ciencias Sociales CISO<\/p>\n","protected":false},"author":3,"featured_media":0,"parent":0,"menu_order":0,"comment_status":"closed","ping_status":"closed","template":"","meta":{"footnotes":""},"class_list":["post-34","page","type-page","status-publish","hentry"],"_links":{"self":[{"href":"https:\/\/humanidades.uprrp.edu\/estudioshispanicos\/index.php?rest_route=\/wp\/v2\/pages\/34","targetHints":{"allow":["GET"]}}],"collection":[{"href":"https:\/\/humanidades.uprrp.edu\/estudioshispanicos\/index.php?rest_route=\/wp\/v2\/pages"}],"about":[{"href":"https:\/\/humanidades.uprrp.edu\/estudioshispanicos\/index.php?rest_route=\/wp\/v2\/types\/page"}],"author":[{"embeddable":true,"href":"https:\/\/humanidades.uprrp.edu\/estudioshispanicos\/index.php?rest_route=\/wp\/v2\/users\/3"}],"replies":[{"embeddable":true,"href":"https:\/\/humanidades.uprrp.edu\/estudioshispanicos\/index.php?rest_route=%2Fwp%2Fv2%2Fcomments&post=34"}],"version-history":[{"count":15,"href":"https:\/\/humanidades.uprrp.edu\/estudioshispanicos\/index.php?rest_route=\/wp\/v2\/pages\/34\/revisions"}],"predecessor-version":[{"id":598,"href":"https:\/\/humanidades.uprrp.edu\/estudioshispanicos\/index.php?rest_route=\/wp\/v2\/pages\/34\/revisions\/598"}],"wp:attachment":[{"href":"https:\/\/humanidades.uprrp.edu\/estudioshispanicos\/index.php?rest_route=%2Fwp%2Fv2%2Fmedia&parent=34"}],"curies":[{"name":"wp","href":"https:\/\/api.w.org\/{rel}","templated":true}]}}