{"id":32,"date":"2013-09-27T14:20:33","date_gmt":"2013-09-27T14:20:33","guid":{"rendered":"http:\/\/humanidades.uprrp.edu\/estudioshispanicos\/?page_id=32"},"modified":"2025-02-20T14:43:18","modified_gmt":"2025-02-20T14:43:18","slug":"asociacion-de-estudiantes-de-estudios-hispanicos","status":"publish","type":"page","link":"https:\/\/humanidades.uprrp.edu\/estudioshispanicos\/?page_id=32","title":{"rendered":"Asociaci\u00f3n de Estudiantes de Estudios Hisp\u00e1nicos"},"content":{"rendered":"<p><span style=\"font-family: helvetica; font-size: 14px;\"><a href=\"https:\/\/humanidades.uprrp.edu\/estudioshispanicos\/wp-content\/uploads\/2013\/10\/Tres-graduados.jpg\"><img loading=\"lazy\" decoding=\"async\" class=\"alignnone size-full wp-image-382\" src=\"https:\/\/humanidades.uprrp.edu\/estudioshispanicos\/wp-content\/uploads\/2013\/10\/Tres-graduados.jpg\" alt=\"Tres graduados\" width=\"2048\" height=\"2048\" srcset=\"https:\/\/humanidades.uprrp.edu\/estudioshispanicos\/wp-content\/uploads\/2013\/10\/Tres-graduados.jpg 2048w, https:\/\/humanidades.uprrp.edu\/estudioshispanicos\/wp-content\/uploads\/2013\/10\/Tres-graduados-150x150.jpg 150w, https:\/\/humanidades.uprrp.edu\/estudioshispanicos\/wp-content\/uploads\/2013\/10\/Tres-graduados-300x300.jpg 300w, https:\/\/humanidades.uprrp.edu\/estudioshispanicos\/wp-content\/uploads\/2013\/10\/Tres-graduados-1024x1024.jpg 1024w, https:\/\/humanidades.uprrp.edu\/estudioshispanicos\/wp-content\/uploads\/2013\/10\/Tres-graduados-175x175.jpg 175w, https:\/\/humanidades.uprrp.edu\/estudioshispanicos\/wp-content\/uploads\/2013\/10\/Tres-graduados-85x85.jpg 85w\" sizes=\"auto, (max-width: 2048px) 100vw, 2048px\" \/><\/a><\/span><\/p>\n<p><span style=\"font-family: helvetica; font-size: 14px;\">\u00a0<\/span><\/p>\n\n\n<p>La Asociaci\u00f3n de Estudiantes de Estudios Hisp\u00e1nicos (AEEH) se compone, principalmente, de alumnos\/as de primera y segunda concentraciones en Estudios Hisp\u00e1nicos a nivel subgraduado. Se re\u00fane bisemanalmente con el prop\u00f3sito de planificar actividades relacionadas con el ambiente literario (lecturas de poes\u00eda, trueque literario, foros de cine); difundir e informar a los estudiantes sobre las actividades del Departamento y servir de enlace con otras asociaciones estudiantiles y Facultades.<\/p>\n\n\n\n<p>Si le interesa participar de nuestras reuniones o recibir informaci\u00f3n acerca de la AEEH y sus actividades, nos puede escribir a nuestro correo electr\u00f3nico:&nbsp;<a href=\"mailto:aeeh.upr@gmail.com\">aeeh.upr@gmail.com<\/a>.<\/p>\n","protected":false},"excerpt":{"rendered":"<p>\u00a0 La Asociaci\u00f3n de Estudiantes de Estudios Hisp\u00e1nicos (AEEH) se compone, principalmente, de alumnos\/as de primera y segunda concentraciones en Estudios Hisp\u00e1nicos a nivel subgraduado. Se re\u00fane bisemanalmente con el prop\u00f3sito de planificar actividades relacionadas con el ambiente literario (lecturas de poes\u00eda, trueque literario, foros de cine); difundir e informar a los estudiantes sobre las actividades del Departamento y servir de enlace con otras asociaciones estudiantiles y Facultades. Si le interesa participar de nuestras reuniones o recibir informaci\u00f3n acerca de<\/p>\n","protected":false},"author":3,"featured_media":0,"parent":0,"menu_order":0,"comment_status":"closed","ping_status":"closed","template":"","meta":{"footnotes":""},"class_list":["post-32","page","type-page","status-publish","hentry"],"_links":{"self":[{"href":"https:\/\/humanidades.uprrp.edu\/estudioshispanicos\/index.php?rest_route=\/wp\/v2\/pages\/32","targetHints":{"allow":["GET"]}}],"collection":[{"href":"https:\/\/humanidades.uprrp.edu\/estudioshispanicos\/index.php?rest_route=\/wp\/v2\/pages"}],"about":[{"href":"https:\/\/humanidades.uprrp.edu\/estudioshispanicos\/index.php?rest_route=\/wp\/v2\/types\/page"}],"author":[{"embeddable":true,"href":"https:\/\/humanidades.uprrp.edu\/estudioshispanicos\/index.php?rest_route=\/wp\/v2\/users\/3"}],"replies":[{"embeddable":true,"href":"https:\/\/humanidades.uprrp.edu\/estudioshispanicos\/index.php?rest_route=%2Fwp%2Fv2%2Fcomments&post=32"}],"version-history":[{"count":6,"href":"https:\/\/humanidades.uprrp.edu\/estudioshispanicos\/index.php?rest_route=\/wp\/v2\/pages\/32\/revisions"}],"predecessor-version":[{"id":577,"href":"https:\/\/humanidades.uprrp.edu\/estudioshispanicos\/index.php?rest_route=\/wp\/v2\/pages\/32\/revisions\/577"}],"wp:attachment":[{"href":"https:\/\/humanidades.uprrp.edu\/estudioshispanicos\/index.php?rest_route=%2Fwp%2Fv2%2Fmedia&parent=32"}],"curies":[{"name":"wp","href":"https:\/\/api.w.org\/{rel}","templated":true}]}}