{"id":28,"date":"2013-09-27T14:20:03","date_gmt":"2013-09-27T14:20:03","guid":{"rendered":"http:\/\/humanidades.uprrp.edu\/estudioshispanicos\/?page_id=28"},"modified":"2025-02-20T14:42:48","modified_gmt":"2025-02-20T14:42:48","slug":"facultad","status":"publish","type":"page","link":"https:\/\/humanidades.uprrp.edu\/estudioshispanicos\/?page_id=28","title":{"rendered":"Facultad"},"content":{"rendered":"\n<p><strong>Emilio Ricardo B\u00e1ez Rivera<\/strong><br>Catedr\u00e1tico<br>Literatura hispanoamericana colonial;<br>autobiograf\u00eda espiritual femenina;<br>literatura m\u00edstica europea e hispanoamericana.<br>Ph. D., Universidad de Sevilla, 2005<\/p>\n\n\n\n<p><strong>Rafael Alberto Bernabe Riefkohl<\/strong><br>Investigador<br>Sociolog\u00eda y literatura puertorrique\u00f1a;<br>cultura e identidad; pol\u00edtica y literatura del Caribe;<br>literatura, nacionalismo y debates culturales.<br>Ph. D., State University of New York, 1989<\/p>\n\n\n\n<p><strong>Sunny Cabrera Salcedo<\/strong><br>Catedr\u00e1tica<br>Ling\u00fc\u00edstica hisp\u00e1nica; socioling\u00fc\u00edstica;<br>dialectolog\u00eda del espa\u00f1ol; antropolog\u00eda ling\u00fc\u00edstica;<br>lexicograf\u00eda espa\u00f1ola; adquisici\u00f3n del espa\u00f1ol como lengua materna.<br>Ph. D., University of Massachusetts, Amherst 1999<\/p>\n\n\n\n<p><strong>Sof\u00eda Irene Cardona Colom<\/strong><br>Catedr\u00e1tica y escritora<br>Literatura espa\u00f1ola contempor\u00e1nea;<br>narrativa y representaciones del siglo XX;<br>creaci\u00f3n literaria (narrativa y poes\u00eda);<br>Actualidad Cultural Espa\u00f1ola<br>Ph. D., University of Massachusetts, Amherst 1988<\/p>\n\n\n\n<p><strong>Mar\u00eda In\u00e9s Castro Ferrer<\/strong><br>Catedr\u00e1tica<br>Ling\u00fc\u00edstica hisp\u00e1nica; pragm\u00e1tica; an\u00e1lisis del discurso;<br>adquisici\u00f3n del espa\u00f1ol como lengua extranjera;<br>ling\u00fc\u00edstica del corpus.<br>Ph. D., Universidad de Puerto Rico, 2002<\/p>\n\n\n\n<p><strong>Fernando Alfonso Feli\u00fa Matilla<\/strong><br>Catedr\u00e1tico<br>Literatura puertorrique\u00f1a, siglos XIX y XX;<br>narrativa puertorrique\u00f1a de fines del siglo XIX y<br>principios del XX; literatura y periodismo;<br>narrativa del exilio espa\u00f1ol de 1936.<br>Ph. D., University of California, 1994<\/p>\n\n\n\n<p><strong>Rosa Elisa Guzzardo Tamargo<\/strong><br>Catedr\u00e1tica<br>Ling\u00fc\u00edstica hisp\u00e1nica; psicoling\u00fc\u00edstica, biling\u00fcismo,<br>adquisici\u00f3n de segundas lenguas.<br>Ph. D. The Pennsylvania State Univesity, 2012<\/p>\n\n\n\n<p><strong>Mar\u00eda Luisa Lugo Acevedo<\/strong><br>Catedr\u00e1tica<br>Literatura espa\u00f1ola y literatura aljamiada del Siglo de Oro;<br>orientalismo en la literatura espa\u00f1ola;<br>identidad cultural en las literaturas espa\u00f1ola y puertorrique\u00f1a.<br>Ph. D., Universidad de Puerto Rico, 1995<\/p>\n\n\n\n<p><strong>Doris Evelyn Mart\u00ednez Vizcarrondo<\/strong><br>Catedr\u00e1tica<br>Ling\u00fc\u00edstica, an\u00e1lisis del discurso.<br>Ph. D., Universidad Aut\u00f3noma de Madrid, 1998<\/p>\n\n\n\n<p><strong>Mar\u00eda Teresa Narv\u00e1ez C\u00f3rdova<\/strong><br>Catedr\u00e1tica<br>Literatura espa\u00f1ola y aljamiada del Siglo de Oro;<br>misticismo comparado; poes\u00eda del Siglo de Oro.<br>Ph. D., Universidad de Puerto Rico, 1988<\/p>\n\n\n\n<p><strong>Miguel \u00c1ngel N\u00e1ter Maldonado<\/strong><br>Catedr\u00e1tico<br>Literatura hispanoamericana (teatro, narrativa y poes\u00eda);<br>literatura puertorrique\u00f1a; creaci\u00f3n literaria (poes\u00eda).<br>Ph. D., Universidad de Puerto Rico, 2002<\/p>\n\n\n\n<p><strong>Juan Otero Garab\u00eds<\/strong><br>Catedr\u00e1tico<br>Literatura puertorrique\u00f1a; literatura caribe\u00f1a;<br>estudios culturales; m\u00fasica popular.<br>Ph. D.\u00a0 Harvard University, 1998<\/p>\n\n\n\n<p><strong>Luis Alfredo Ortiz L\u00f3pez<\/strong><br>Catedr\u00e1tico<br>Ling\u00fc\u00edstica hisp\u00e1nica; socioling\u00fc\u00edstica variacionista;<br>contacto y adquisici\u00f3n de lenguas (L2) y metodolog\u00eda ling\u00fc\u00edstica.<br>Ph. D., University of New Mexico, 1996<\/p>\n\n\n\n<p><strong>Carmen Ivette P\u00e9rez Mar\u00edn<\/strong><br>Catedr\u00e1tica<br>Literatura hispanoamericana y espa\u00f1ola.<br>Ph. D.\u00a0 Harvard University, 1990<\/p>\n\n\n\n<p><strong>M\u00e9lanie P\u00e9rez Ortiz<\/strong><br>Catedr\u00e1tica<br>Literatura puertorrique\u00f1a del siglo XIX y contempor\u00e1nea;<br>literatura y esfera p\u00fablica,<br>estudios culturales, estudios de g\u00e9nero.<br>Ph. D. Stanford University, 1999<\/p>\n\n\n\n<p><strong>Pamela Phillips<\/strong><br>Catedr\u00e1tica<br>Literatura espa\u00f1ola de los siglos XVIII, XIX y XX;<br>literatura de viajes; literatura y ciudad; literatura y paisaje.<br>Ph. D. Washington University, St. Louis 1997<\/p>\n\n\n\n<p><strong>Zaira O. Rivera Casillas<\/strong><br>Catedr\u00e1tica<br>Redacci\u00f3n y estilo, literatura puertorrique\u00f1a y caribe\u00f1a;<br>raza y estudios culturales.<br>Ph. D. \u00a0University of Massachusetts, Amherst 2003<\/p>\n","protected":false},"excerpt":{"rendered":"<p>Emilio Ricardo B\u00e1ez RiveraCatedr\u00e1ticoLiteratura hispanoamericana colonial;autobiograf\u00eda espiritual femenina;literatura m\u00edstica europea e hispanoamericana.Ph. D., Universidad de Sevilla, 2005 Rafael Alberto Bernabe RiefkohlInvestigadorSociolog\u00eda y literatura puertorrique\u00f1a;cultura e identidad; pol\u00edtica y literatura del Caribe;literatura, nacionalismo y debates culturales.Ph. D., State University of New York, 1989 Sunny Cabrera SalcedoCatedr\u00e1ticaLing\u00fc\u00edstica hisp\u00e1nica; socioling\u00fc\u00edstica;dialectolog\u00eda del espa\u00f1ol; antropolog\u00eda ling\u00fc\u00edstica;lexicograf\u00eda espa\u00f1ola; adquisici\u00f3n del espa\u00f1ol como lengua materna.Ph. D., University of Massachusetts, Amherst 1999 Sof\u00eda Irene Cardona ColomCatedr\u00e1tica y escritoraLiteratura espa\u00f1ola contempor\u00e1nea;narrativa y representaciones del siglo XX;creaci\u00f3n literaria (narrativa y<\/p>\n","protected":false},"author":3,"featured_media":0,"parent":0,"menu_order":0,"comment_status":"closed","ping_status":"open","template":"","meta":{"footnotes":""},"class_list":["post-28","page","type-page","status-publish","hentry"],"_links":{"self":[{"href":"https:\/\/humanidades.uprrp.edu\/estudioshispanicos\/index.php?rest_route=\/wp\/v2\/pages\/28","targetHints":{"allow":["GET"]}}],"collection":[{"href":"https:\/\/humanidades.uprrp.edu\/estudioshispanicos\/index.php?rest_route=\/wp\/v2\/pages"}],"about":[{"href":"https:\/\/humanidades.uprrp.edu\/estudioshispanicos\/index.php?rest_route=\/wp\/v2\/types\/page"}],"author":[{"embeddable":true,"href":"https:\/\/humanidades.uprrp.edu\/estudioshispanicos\/index.php?rest_route=\/wp\/v2\/users\/3"}],"replies":[{"embeddable":true,"href":"https:\/\/humanidades.uprrp.edu\/estudioshispanicos\/index.php?rest_route=%2Fwp%2Fv2%2Fcomments&post=28"}],"version-history":[{"count":18,"href":"https:\/\/humanidades.uprrp.edu\/estudioshispanicos\/index.php?rest_route=\/wp\/v2\/pages\/28\/revisions"}],"predecessor-version":[{"id":575,"href":"https:\/\/humanidades.uprrp.edu\/estudioshispanicos\/index.php?rest_route=\/wp\/v2\/pages\/28\/revisions\/575"}],"wp:attachment":[{"href":"https:\/\/humanidades.uprrp.edu\/estudioshispanicos\/index.php?rest_route=%2Fwp%2Fv2%2Fmedia&parent=28"}],"curies":[{"name":"wp","href":"https:\/\/api.w.org\/{rel}","templated":true}]}}