{"id":26,"date":"2013-09-27T14:19:56","date_gmt":"2013-09-27T14:19:56","guid":{"rendered":"http:\/\/humanidades.uprrp.edu\/estudioshispanicos\/?page_id=26"},"modified":"2025-02-20T14:41:35","modified_gmt":"2025-02-20T14:41:35","slug":"administracion","status":"publish","type":"page","link":"https:\/\/humanidades.uprrp.edu\/estudioshispanicos\/?page_id=26","title":{"rendered":"Administraci\u00f3n"},"content":{"rendered":"\n<p><strong>Dr. Emilio Ricardo B\u00e1ez Rivera<\/strong><br>Director y asesor acad\u00e9mico del Departamento<br>(787) 764-0000, extensi\u00f3n 89494<br><a href=\"mailto:emilio.baez3@upr.edu\">emilio.baez3@upr.edu<\/a><\/p>\n\n\n\n<p><strong>Sally Rodr\u00edguez L\u00f3pez<\/strong><br>Asistente administrativa IV del Departamento<br>(787) 764-0000, extensi\u00f3n 89471<br><a href=\"mailto:sally.rodriguez@upr.edu\">sally.rodriguez@upr.edu<\/a><br><a href=\"mailto:%20estudios.hispanicos@upr.edu\">estudios.hispanicos@upr.edu<\/a><\/p>\n\n\n\n<p><strong>Dra. Mar\u00eda Luisa Lugo Acevedo<\/strong><br>Coordinadora y asesora acad\u00e9mica del Programa Graduado<br>(787) 764-0000, extensi\u00f3n 89504<br><a href=\"mailto:pgeh.rrp@upr.edu\">pgeh.rrp@upr.edu<\/a><br><a href=\"mailto:maria.lugo2@upr.edu\">maria.lugo2@upr.edu<\/a><\/p>\n\n\n\n<p><strong>Ana Mildred B\u00e1ez Ayala<\/strong><br>Secretaria administrativa IV del Programa Graduado<br>(787) 764-0000, extensi\u00f3n 89495<br><a href=\"mailto:%20anamildred.baez@upr.edu\">anamildred.baez@upr.edu<\/a><\/p>\n\n\n\n<p><strong>Dr. Miguel \u00c1ngel N\u00e1ter<\/strong><br>Director del Seminario Federico de On\u00eds<br>(787) 764-0000, extensi\u00f3n 89510<br><a href=\"mailto:miguel.nater1@upr.edu\">miguel.nater1@upr.edu<\/a><\/p>\n\n\n\n<p><strong>Dr. Mario Oscar Ayala Santiago<\/strong><br>Auxiliar de investigaci\u00f3n II del Seminario Federico de On\u00eds<br>(787) 764-0000, extensi\u00f3n 89509<br><a href=\"mailto:%20mario.ayala@upr.edu\">mario.ayala@upr.edu<\/a><\/p>\n\n\n\n<p><\/p>\n\n\n\n<p><\/p>\n","protected":false},"excerpt":{"rendered":"<p>Dr. Emilio Ricardo B\u00e1ez RiveraDirector y asesor acad\u00e9mico del Departamento(787) 764-0000, extensi\u00f3n 89494emilio.baez3@upr.edu Sally Rodr\u00edguez L\u00f3pezAsistente administrativa IV del Departamento(787) 764-0000, extensi\u00f3n 89471sally.rodriguez@upr.eduestudios.hispanicos@upr.edu Dra. Mar\u00eda Luisa Lugo AcevedoCoordinadora y asesora acad\u00e9mica del Programa Graduado(787) 764-0000, extensi\u00f3n 89504pgeh.rrp@upr.edumaria.lugo2@upr.edu Ana Mildred B\u00e1ez AyalaSecretaria administrativa IV del Programa Graduado(787) 764-0000, extensi\u00f3n 89495anamildred.baez@upr.edu Dr. Miguel \u00c1ngel N\u00e1terDirector del Seminario Federico de On\u00eds(787) 764-0000, extensi\u00f3n 89510miguel.nater1@upr.edu Dr. Mario Oscar Ayala SantiagoAuxiliar de investigaci\u00f3n II del Seminario Federico de On\u00eds(787) 764-0000, extensi\u00f3n 89509mario.ayala@upr.edu<\/p>\n","protected":false},"author":3,"featured_media":0,"parent":0,"menu_order":0,"comment_status":"closed","ping_status":"open","template":"","meta":{"footnotes":""},"class_list":["post-26","page","type-page","status-publish","hentry"],"_links":{"self":[{"href":"https:\/\/humanidades.uprrp.edu\/estudioshispanicos\/index.php?rest_route=\/wp\/v2\/pages\/26","targetHints":{"allow":["GET"]}}],"collection":[{"href":"https:\/\/humanidades.uprrp.edu\/estudioshispanicos\/index.php?rest_route=\/wp\/v2\/pages"}],"about":[{"href":"https:\/\/humanidades.uprrp.edu\/estudioshispanicos\/index.php?rest_route=\/wp\/v2\/types\/page"}],"author":[{"embeddable":true,"href":"https:\/\/humanidades.uprrp.edu\/estudioshispanicos\/index.php?rest_route=\/wp\/v2\/users\/3"}],"replies":[{"embeddable":true,"href":"https:\/\/humanidades.uprrp.edu\/estudioshispanicos\/index.php?rest_route=%2Fwp%2Fv2%2Fcomments&post=26"}],"version-history":[{"count":41,"href":"https:\/\/humanidades.uprrp.edu\/estudioshispanicos\/index.php?rest_route=\/wp\/v2\/pages\/26\/revisions"}],"predecessor-version":[{"id":573,"href":"https:\/\/humanidades.uprrp.edu\/estudioshispanicos\/index.php?rest_route=\/wp\/v2\/pages\/26\/revisions\/573"}],"wp:attachment":[{"href":"https:\/\/humanidades.uprrp.edu\/estudioshispanicos\/index.php?rest_route=%2Fwp%2Fv2%2Fmedia&parent=26"}],"curies":[{"name":"wp","href":"https:\/\/api.w.org\/{rel}","templated":true}]}}