{"id":24,"date":"2013-09-27T14:19:33","date_gmt":"2013-09-27T14:19:33","guid":{"rendered":"http:\/\/humanidades.uprrp.edu\/estudioshispanicos\/?page_id=24"},"modified":"2026-01-28T20:08:47","modified_gmt":"2026-01-28T20:08:47","slug":"sobre-nosotros","status":"publish","type":"page","link":"https:\/\/humanidades.uprrp.edu\/estudioshispanicos\/","title":{"rendered":""},"content":{"rendered":"\n<p class=\"has-vivid-red-color has-text-color has-link-color wp-elements-0b1b653497f668a82dd7e42cd35c81f4\"><strong>Visi\u00f3n de los Programas Subgraduado y Graduado<\/strong><\/p>\n\n\n\n<p>La visi\u00f3n del Programa Subgraduado de Estudios Hisp\u00e1nicos es la exposici\u00f3n de los estudiantes a un programa acad\u00e9mico de excelencia, con un curr\u00edculo diverso e interdisciplinario que atienda la variedad de literaturas e idiom\u00e1ticas que componen el mundo hispano desde una perspectiva interdisciplinaria.<\/p>\n\n\n\n<p>La visi\u00f3n del Programa Graduado de Estudios Hisp\u00e1nicos radica en contribuir con el desarrollo de las capacidades intelectuales de acad\u00e9micos, profesores, maestros y escritores que se dediquen a las artes literarias, el estudio de la lengua espa\u00f1ola y la ling\u00fc\u00edstica hisp\u00e1nica, en el contexto puertorrique\u00f1o y el entorno global. El PGEH est\u00e1 comprometido con los estudios graduados de m\u00e1s alta calidad, la investigaci\u00f3n y la docencia dentro del \u00e1rea de los Estudios Hisp\u00e1nicos.<\/p>\n\n\n\n<p class=\"has-vivid-red-color has-text-color has-link-color wp-elements-c86eb3da352fb2a59c543c55333d83fd\"><strong>Misi\u00f3n de los Programas Subgraduado y Graduado<\/strong><\/p>\n\n\n\n<p>La misi\u00f3n del Programa Subgraduado del Departamento de Estudios Hisp\u00e1nicos es formar a estudiantes capacitados para apreciar y entender la diversidad de la lengua y las literaturas del mundo hisp\u00e1nico mediante el estudio riguroso de fen\u00f3menos literarios, culturales y ling\u00fc\u00edsticos de Espa\u00f1a, \u00c1frica, Filipinas, Hispanoam\u00e9rica, Puerto Rico y sus respectivas di\u00e1sporas, as\u00ed\u0301 como de las perspectivas te\u00f3ricas que apoyen el estudio de dichas \u00e1reas atendiendo a las necesidades educativas que conlleva el aprendizaje presencial, hibrido y a distancia.<\/p>\n\n\n\n<p>Los egresados de la concentraci\u00f3n podr\u00e1n desempe\u00f1arse en el campo de la ense\u00f1anza, la publicidad y las comunicaciones, y la edici\u00f3n de textos, igual que proseguir estudios graduados en la disciplina literaria o ling\u00fc\u00edstica y en otros tipos de estudios literarios (espa\u00f1ol, ingl\u00e9s, etc.), otras \u00e1reas acad\u00e9micas (historia, por ejemplo) o en escuelas profesionales (Derecho, Comunicaciones, Ciencias de la Informaci\u00f3n y Bibliotecolog\u00eda, Administraci\u00f3n y Gesti\u00f3n Cultural, Administraci\u00f3n de las Artes o Planificaci\u00f3n).<\/p>\n\n\n\n<figure class=\"wp-block-embed alignleft is-type-video is-provider-youtube wp-block-embed-youtube wp-embed-aspect-16-9 wp-has-aspect-ratio\"><div class=\"wp-block-embed__wrapper\">\n<iframe loading=\"lazy\" title=\"Programa Graduado de Estudios Hisp\u00e1nicos, Facultad de Humanidades - UPR-Recinto de R\u00edo Piedras\" width=\"785\" height=\"442\" src=\"https:\/\/www.youtube.com\/embed\/poPVO_A4I6M?feature=oembed\" frameborder=\"0\" allow=\"accelerometer; autoplay; clipboard-write; encrypted-media; gyroscope; picture-in-picture; web-share\" referrerpolicy=\"strict-origin-when-cross-origin\" allowfullscreen><\/iframe>\n<\/div><\/figure>\n\n\n\n<p>La misi\u00f3n de la maestr\u00eda y el doctorado en Estudios Hisp\u00e1nicos es formar a estudiantes con destrezas de an\u00e1lisis literario y ling\u00fc\u00edstico a partir del conocimiento general en las \u00e1reas de ling\u00fc\u00edstica aplicada el estudio de la lengua espa\u00f1ola y de sus literaturas espa\u00f1ola, hispanoamericana y puertorrique\u00f1a, a base de los conceptos te\u00f3ricos de estas disciplinas desde una perspectiva interdisciplinaria. Se combinan los m\u00e9todos reconocidos del proceso de investigaci\u00f3n con los avances tecnol\u00f3gicos; adem\u00e1s, nuestros egresados estar\u00e1n preparados para seguir estudios doctorales en lengua o en literatura, entre otras ramas afines.<\/p>\n\n\n\n<p>Es un programa acad\u00e9mico de excelencia, con un curr\u00edculo pertinente, diverso e interdisciplinario, que atienda tanto a la formaci\u00f3n de investigadores como a estudiantes de otras \u00e1reas del saber y que funcione como un espacio de convergencia e interacci\u00f3n con la comunidad y otras instituciones acad\u00e9micas y culturales<\/p>\n\n\n\n<p class=\"has-vivid-red-color has-text-color has-link-color wp-elements-5ea11d4e378665e1ff302fb6ca3a0f58\"><strong>Perspectivas de empleo o de estudios graduados<\/strong><\/p>\n\n\n\n<p>La concentraci\u00f3n en Estudios Hisp\u00e1nicos posibilita que sus egresados entren al mundo laboral en los siguientes campos: la ense\u00f1anza en distintos niveles (cuando aprueban los cursos para la Certificaci\u00f3n de personal docente del Departamento de Educaci\u00f3n), las comunicaciones, la traducci\u00f3n, el trabajo en editoriales, entre otros.<\/p>\n\n\n\n<p>El egresado de un Bachillerato en Estudios Hisp\u00e1nicos es un potencial estudiante graduado en una multiplicidad de campos del conocimiento como el Derecho, la Sociolog\u00eda, las Ciencias y Tecnolog\u00edas de la Informaci\u00f3n, la Patolog\u00eda y Terapia del Lenguaje, la Historia, la Planificaci\u00f3n, la Educaci\u00f3n, la Literatura, la Ling\u00fc\u00edstica y la Traducci\u00f3n.<\/p>\n\n\n\n<div class=\"wp-block-columns is-layout-flex wp-container-core-columns-is-layout-9d6595d7 wp-block-columns-is-layout-flex\">\n<div class=\"wp-block-column is-layout-flow wp-block-column-is-layout-flow\">\n<div style=\"height:18px\" aria-hidden=\"true\" class=\"wp-block-spacer\"><\/div>\n\n\n<div class=\"wp-block-image\">\n<figure class=\"alignright size-large is-resized\"><a href=\"https:\/\/www.uprrp.edu\/\"><img loading=\"lazy\" decoding=\"async\" width=\"1024\" height=\"210\" src=\"https:\/\/humanidades.uprrp.edu\/estudioshispanicos\/wp-content\/uploads\/2026\/01\/logo-letras-uprrp-rojas-y-negras-1024x210.png\" alt=\"\" class=\"wp-image-677\" style=\"width:200px;height:auto\" srcset=\"https:\/\/humanidades.uprrp.edu\/estudioshispanicos\/wp-content\/uploads\/2026\/01\/logo-letras-uprrp-rojas-y-negras-1024x210.png 1024w, https:\/\/humanidades.uprrp.edu\/estudioshispanicos\/wp-content\/uploads\/2026\/01\/logo-letras-uprrp-rojas-y-negras-300x62.png 300w, https:\/\/humanidades.uprrp.edu\/estudioshispanicos\/wp-content\/uploads\/2026\/01\/logo-letras-uprrp-rojas-y-negras-768x158.png 768w, https:\/\/humanidades.uprrp.edu\/estudioshispanicos\/wp-content\/uploads\/2026\/01\/logo-letras-uprrp-rojas-y-negras-1536x316.png 1536w, https:\/\/humanidades.uprrp.edu\/estudioshispanicos\/wp-content\/uploads\/2026\/01\/logo-letras-uprrp-rojas-y-negras.png 1582w\" sizes=\"auto, (max-width: 1024px) 100vw, 1024px\" \/><\/a><\/figure><\/div><\/div>\n\n\n\n<div class=\"wp-block-column is-layout-flow wp-block-column-is-layout-flow\">\n<figure class=\"wp-block-image size-large is-resized\"><a href=\"https:\/\/humanidades.uprrp.edu\/\"><img loading=\"lazy\" decoding=\"async\" width=\"1024\" height=\"1024\" src=\"https:\/\/humanidades.uprrp.edu\/estudioshispanicos\/wp-content\/uploads\/2026\/01\/logo-humanidades-300x300-1-1024x1024.png\" alt=\"\" class=\"wp-image-676\" style=\"width:159px;height:auto\" srcset=\"https:\/\/humanidades.uprrp.edu\/estudioshispanicos\/wp-content\/uploads\/2026\/01\/logo-humanidades-300x300-1-1024x1024.png 1024w, https:\/\/humanidades.uprrp.edu\/estudioshispanicos\/wp-content\/uploads\/2026\/01\/logo-humanidades-300x300-1-300x300.png 300w, https:\/\/humanidades.uprrp.edu\/estudioshispanicos\/wp-content\/uploads\/2026\/01\/logo-humanidades-300x300-1-150x150.png 150w, https:\/\/humanidades.uprrp.edu\/estudioshispanicos\/wp-content\/uploads\/2026\/01\/logo-humanidades-300x300-1-768x768.png 768w, https:\/\/humanidades.uprrp.edu\/estudioshispanicos\/wp-content\/uploads\/2026\/01\/logo-humanidades-300x300-1-175x175.png 175w, https:\/\/humanidades.uprrp.edu\/estudioshispanicos\/wp-content\/uploads\/2026\/01\/logo-humanidades-300x300-1-85x85.png 85w, https:\/\/humanidades.uprrp.edu\/estudioshispanicos\/wp-content\/uploads\/2026\/01\/logo-humanidades-300x300-1.png 1250w\" sizes=\"auto, (max-width: 1024px) 100vw, 1024px\" \/><\/a><\/figure>\n<\/div>\n<\/div>\n","protected":false},"excerpt":{"rendered":"<p>Visi\u00f3n de los Programas Subgraduado y Graduado La visi\u00f3n del Programa Subgraduado de Estudios Hisp\u00e1nicos es la exposici\u00f3n de los estudiantes a un programa acad\u00e9mico de excelencia, con un curr\u00edculo diverso e interdisciplinario que atienda la variedad de literaturas e idiom\u00e1ticas que componen el mundo hispano desde una perspectiva interdisciplinaria. La visi\u00f3n del Programa Graduado de Estudios Hisp\u00e1nicos radica en contribuir con el desarrollo de las capacidades intelectuales de acad\u00e9micos, profesores, maestros y escritores que se dediquen a las artes<\/p>\n","protected":false},"author":3,"featured_media":0,"parent":0,"menu_order":0,"comment_status":"closed","ping_status":"open","template":"","meta":{"footnotes":""},"class_list":["post-24","page","type-page","status-publish","hentry"],"_links":{"self":[{"href":"https:\/\/humanidades.uprrp.edu\/estudioshispanicos\/index.php?rest_route=\/wp\/v2\/pages\/24","targetHints":{"allow":["GET"]}}],"collection":[{"href":"https:\/\/humanidades.uprrp.edu\/estudioshispanicos\/index.php?rest_route=\/wp\/v2\/pages"}],"about":[{"href":"https:\/\/humanidades.uprrp.edu\/estudioshispanicos\/index.php?rest_route=\/wp\/v2\/types\/page"}],"author":[{"embeddable":true,"href":"https:\/\/humanidades.uprrp.edu\/estudioshispanicos\/index.php?rest_route=\/wp\/v2\/users\/3"}],"replies":[{"embeddable":true,"href":"https:\/\/humanidades.uprrp.edu\/estudioshispanicos\/index.php?rest_route=%2Fwp%2Fv2%2Fcomments&post=24"}],"version-history":[{"count":54,"href":"https:\/\/humanidades.uprrp.edu\/estudioshispanicos\/index.php?rest_route=\/wp\/v2\/pages\/24\/revisions"}],"predecessor-version":[{"id":680,"href":"https:\/\/humanidades.uprrp.edu\/estudioshispanicos\/index.php?rest_route=\/wp\/v2\/pages\/24\/revisions\/680"}],"wp:attachment":[{"href":"https:\/\/humanidades.uprrp.edu\/estudioshispanicos\/index.php?rest_route=%2Fwp%2Fv2%2Fmedia&parent=24"}],"curies":[{"name":"wp","href":"https:\/\/api.w.org\/{rel}","templated":true}]}}