{"id":192,"date":"2013-10-15T14:10:35","date_gmt":"2013-10-15T14:10:35","guid":{"rendered":"http:\/\/humanidades.uprrp.edu\/estudioshispanicos\/?page_id=192"},"modified":"2025-02-21T19:45:21","modified_gmt":"2025-02-21T19:45:21","slug":"maestria","status":"publish","type":"page","link":"https:\/\/humanidades.uprrp.edu\/estudioshispanicos\/?page_id=192","title":{"rendered":"Maestr\u00eda"},"content":{"rendered":"\n<p class=\"has-text-align-center\">La maestr\u00eda (M.A.)&nbsp;<em>revisada<\/em>&nbsp;con especialidad en Estudios Hisp\u00e1nicos ofrece una formaci\u00f3n integral human\u00edstica por medio del estudio riguroso de los Estudios Hisp\u00e1nicos desde su creaci\u00f3n en 1927. Cuenta con cursos en las siguientes \u00e1reas de \u00e9nfasis: literaturas espa\u00f1ola, hispanoamericana y puertorrique\u00f1a, as\u00ed como ling\u00fc\u00edstica del espa\u00f1ol. No existe una secuencia curricular. El \u00fanico curso medular es el de Ensayo Monogr\u00e1fico Publicable (ESHI 6550).<\/p>\n\n\n\n<p><strong>Requisitos de admisi\u00f3n:<\/strong><\/p>\n\n\n\n<ul class=\"wp-block-list\">\n<li>Grado de bachillerato (B.A.) o equivalente de una universidad o colegio universitario acreditado.<\/li>\n\n\n\n<li>Conocimiento oral y escrito de los idiomas espa\u00f1ol e ingl\u00e9s.<\/li>\n\n\n\n<li>Capacidad de an\u00e1lisis cr\u00edtico.<\/li>\n\n\n\n<li>\u00cdndice acad\u00e9mico general m\u00ednimo de 3.00 en escala de 4.00.<\/li>\n<\/ul>\n\n\n\n<p><strong>Procedimiento de la solicitud:<\/strong><\/p>\n\n\n\n<ul class=\"wp-block-list\">\n<li>Rellenar la\u00a0<strong>solicitud en l\u00ednea<\/strong>, abriendo una cuenta en la siguiente direcci\u00f3n electr\u00f3nica:\u00a0<a href=\"https:\/\/solicitud.upr.edu\/\">https:\/\/solicitud.upr.edu<\/a>. Todos los renglones con asterisco son obligatorios.<\/li>\n\n\n\n<li>Subir (<em>up-load<\/em>) la\u00a0<strong>transcripci\u00f3n de cr\u00e9ditos<\/strong>, aunque no sea oficial.<\/li>\n\n\n\n<li>Proveer los correos electr\u00f3nicos de las\u00a0<strong>dos (2)<\/strong>\u00a0personas que le escribir\u00e1n las\u00a0<strong>cartas de recomendaci\u00f3n<\/strong>.<\/li>\n\n\n\n<li>Subir (<em>up-load<\/em>) su\u00a0<strong>carta de intenci\u00f3n<\/strong>\u00a0detallada sobre su inter\u00e9s en los Estudios Hisp\u00e1nicos.<\/li>\n\n\n\n<li>Enviar\u00a0<strong>dos (2) transcripciones oficiales<\/strong>\u00a0a la siguiente direcci\u00f3n, a la atenci\u00f3n de la Sra. Mar\u00eda Castro:<\/li>\n<\/ul>\n\n\n\n<p>Decanato de Estudios Graduados e Investigaci\u00f3n<br>18 Ave. Universidad Suite 1801<br>San Juan, PR 00925-2512<\/p>\n\n\n\n<p><strong>Otros requisitos de admisi\u00f3n<\/strong><\/p>\n\n\n\n<p>El Comit\u00e9 Graduado determinar\u00e1, al evaluar el expediente, si al solicitante se le requerir\u00e1 alg\u00fan correquisito.<\/p>\n\n\n\n<p><strong>Requisitos de graduaci\u00f3n:<\/strong><\/p>\n\n\n\n<ul class=\"wp-block-list\">\n<li>Veintisiete (27) cr\u00e9ditos graduados: dieciocho (18) cr\u00e9ditos en cursos de especialidad (ESHI), seis (6) cr\u00e9ditos en electivas libres graduadas y tres (3) cr\u00e9ditos de Ensayo Monogr\u00e1fico Publicable (ESHI 6550).<\/li>\n\n\n\n<li>\u00cdndice acad\u00e9mico m\u00ednimo de 3.00.<\/li>\n<\/ul>\n\n\n\n<p><strong>Secuencia curricular<\/strong><\/p>\n\n\n\n<p>La secuencia curricular de la maestr\u00eda&nbsp;<em>revisada<\/em>&nbsp;con especialidad en Estudios Hisp\u00e1nicos por a\u00f1o de estudio de un alumno a tiempo completo es la siguiente:<\/p>\n\n\n\n<p><strong>PRIMER A\u00d1O<\/strong><strong><\/strong><\/p>\n\n\n\n<figure class=\"wp-block-table\"><table class=\"has-fixed-layout\"><tbody><tr><td colspan=\"2\">PRIMER SEMESTRE<\/td><td colspan=\"2\">SEGUNDO SEMESTRE<\/td><\/tr><tr><td>ESHI 6000<\/td><td>3<\/td><td>ESHI 6000<\/td><td>3<\/td><\/tr><tr><td>ESHI 6000<\/td><td>3<\/td><td>ESHI 6000\/8000<\/td><td>3<\/td><\/tr><tr><td>ESHI 6000<\/td><td>3<\/td><td>ESHI 6000\/8000<\/td><td>3<\/td><\/tr><tr><td><strong>Total cr\u00e9ditos<\/strong><\/td><td><strong>9<\/strong><\/td><td><strong>Total cr\u00e9ditos:<\/strong><\/td><td><strong>9<\/strong><\/td><\/tr><\/tbody><\/table><\/figure>\n\n\n\n<p><strong>SEGUNDO A\u00d1O<\/strong><strong><\/strong><\/p>\n\n\n\n<figure class=\"wp-block-table\"><table class=\"has-fixed-layout\"><tbody><tr><td colspan=\"2\">PRIMER SEMESTRE<\/td><\/tr><tr><td>Electiva libre graduada<\/td><td>3<\/td><\/tr><tr><td>Electiva libre graduada<\/td><td>3<\/td><\/tr><tr><td>ESHI 6550-Ensayo Monogr\u00e1fico Publicable<\/td><td>3<\/td><\/tr><tr><td><strong>Total cr\u00e9ditos<\/strong><\/td><td><strong>9<\/strong><\/td><\/tr><\/tbody><\/table><\/figure>\n\n\n\n<p class=\"has-text-align-center\"><strong>Total de cr\u00e9ditos: 27<\/strong><\/p>\n\n\n\n<p><\/p>\n","protected":false},"excerpt":{"rendered":"<p>La maestr\u00eda (M.A.)&nbsp;revisada&nbsp;con especialidad en Estudios Hisp\u00e1nicos ofrece una formaci\u00f3n integral human\u00edstica por medio del estudio riguroso de los Estudios Hisp\u00e1nicos desde su creaci\u00f3n en 1927. Cuenta con cursos en las siguientes \u00e1reas de \u00e9nfasis: literaturas espa\u00f1ola, hispanoamericana y puertorrique\u00f1a, as\u00ed como ling\u00fc\u00edstica del espa\u00f1ol. No existe una secuencia curricular. El \u00fanico curso medular es el de Ensayo Monogr\u00e1fico Publicable (ESHI 6550). Requisitos de admisi\u00f3n: Procedimiento de la solicitud: Decanato de Estudios Graduados e Investigaci\u00f3n18 Ave. Universidad Suite 1801San Juan,<\/p>\n","protected":false},"author":3,"featured_media":0,"parent":0,"menu_order":0,"comment_status":"closed","ping_status":"closed","template":"","meta":{"footnotes":""},"class_list":["post-192","page","type-page","status-publish","hentry"],"_links":{"self":[{"href":"https:\/\/humanidades.uprrp.edu\/estudioshispanicos\/index.php?rest_route=\/wp\/v2\/pages\/192","targetHints":{"allow":["GET"]}}],"collection":[{"href":"https:\/\/humanidades.uprrp.edu\/estudioshispanicos\/index.php?rest_route=\/wp\/v2\/pages"}],"about":[{"href":"https:\/\/humanidades.uprrp.edu\/estudioshispanicos\/index.php?rest_route=\/wp\/v2\/types\/page"}],"author":[{"embeddable":true,"href":"https:\/\/humanidades.uprrp.edu\/estudioshispanicos\/index.php?rest_route=\/wp\/v2\/users\/3"}],"replies":[{"embeddable":true,"href":"https:\/\/humanidades.uprrp.edu\/estudioshispanicos\/index.php?rest_route=%2Fwp%2Fv2%2Fcomments&post=192"}],"version-history":[{"count":13,"href":"https:\/\/humanidades.uprrp.edu\/estudioshispanicos\/index.php?rest_route=\/wp\/v2\/pages\/192\/revisions"}],"predecessor-version":[{"id":629,"href":"https:\/\/humanidades.uprrp.edu\/estudioshispanicos\/index.php?rest_route=\/wp\/v2\/pages\/192\/revisions\/629"}],"wp:attachment":[{"href":"https:\/\/humanidades.uprrp.edu\/estudioshispanicos\/index.php?rest_route=%2Fwp%2Fv2%2Fmedia&parent=192"}],"curies":[{"name":"wp","href":"https:\/\/api.w.org\/{rel}","templated":true}]}}