{"id":148,"date":"2013-09-27T17:02:20","date_gmt":"2013-09-27T17:02:20","guid":{"rendered":"http:\/\/humanidades.uprrp.edu\/estudioshispanicos\/?page_id=148"},"modified":"2025-02-20T14:39:23","modified_gmt":"2025-02-20T14:39:23","slug":"sobre-nosotros-2","status":"publish","type":"page","link":"https:\/\/humanidades.uprrp.edu\/estudioshispanicos\/?page_id=148","title":{"rendered":"Sobre Nosotros"},"content":{"rendered":"\n<p>El Departamento de Estudios Hisp\u00e1nicos, adscrito a la Facultad de Humanidades de la Universidad de Puerto Rico, Recinto de R\u00edo Piedras, ofrece una especializaci\u00f3n en lengua y literatura hisp\u00e1nicas. Desde su fundaci\u00f3n en enero de 1927, ha sido un lugar de encuentro de creadores, investigadores, ling\u00fcistas y cr\u00edticos literarios provenientes de Puerto Rico, Espa\u00f1a y las Am\u00e9ricas. Ha ejercido una funci\u00f3n rectora en el estudio del fen\u00f3meno literario y ling\u00fc\u00edstico en toda su complejidad, a trav\u00e9s del an\u00e1lisis interdisciplinario que el Departamento ofrece por medio de sus cursos de literatura, ling\u00fc\u00edstica hisp\u00e1nica y los seminarios de investigaci\u00f3n. Ha sido el principal centro acad\u00e9mico del estudio de la cultura, la lengua y las literaturas puertorrique\u00f1a, iberoamericana y espa\u00f1ola. Este Programa cuenta, a su vez, con un Programa Graduado, tanto de maestr\u00eda como de doctorado, de un s\u00f3lido prestigio internacional.<\/p>\n","protected":false},"excerpt":{"rendered":"<p>El Departamento de Estudios Hisp\u00e1nicos, adscrito a la Facultad de Humanidades de la Universidad de Puerto Rico, Recinto de R\u00edo Piedras, ofrece una especializaci\u00f3n en lengua y literatura hisp\u00e1nicas. Desde su fundaci\u00f3n en enero de 1927, ha sido un lugar de encuentro de creadores, investigadores, ling\u00fcistas y cr\u00edticos literarios provenientes de Puerto Rico, Espa\u00f1a y las Am\u00e9ricas. Ha ejercido una funci\u00f3n rectora en el estudio del fen\u00f3meno literario y ling\u00fc\u00edstico en toda su complejidad, a trav\u00e9s del an\u00e1lisis interdisciplinario que<\/p>\n","protected":false},"author":3,"featured_media":0,"parent":0,"menu_order":0,"comment_status":"closed","ping_status":"open","template":"","meta":{"footnotes":""},"class_list":["post-148","page","type-page","status-publish","hentry"],"_links":{"self":[{"href":"https:\/\/humanidades.uprrp.edu\/estudioshispanicos\/index.php?rest_route=\/wp\/v2\/pages\/148","targetHints":{"allow":["GET"]}}],"collection":[{"href":"https:\/\/humanidades.uprrp.edu\/estudioshispanicos\/index.php?rest_route=\/wp\/v2\/pages"}],"about":[{"href":"https:\/\/humanidades.uprrp.edu\/estudioshispanicos\/index.php?rest_route=\/wp\/v2\/types\/page"}],"author":[{"embeddable":true,"href":"https:\/\/humanidades.uprrp.edu\/estudioshispanicos\/index.php?rest_route=\/wp\/v2\/users\/3"}],"replies":[{"embeddable":true,"href":"https:\/\/humanidades.uprrp.edu\/estudioshispanicos\/index.php?rest_route=%2Fwp%2Fv2%2Fcomments&post=148"}],"version-history":[{"count":2,"href":"https:\/\/humanidades.uprrp.edu\/estudioshispanicos\/index.php?rest_route=\/wp\/v2\/pages\/148\/revisions"}],"predecessor-version":[{"id":571,"href":"https:\/\/humanidades.uprrp.edu\/estudioshispanicos\/index.php?rest_route=\/wp\/v2\/pages\/148\/revisions\/571"}],"wp:attachment":[{"href":"https:\/\/humanidades.uprrp.edu\/estudioshispanicos\/index.php?rest_route=%2Fwp%2Fv2%2Fmedia&parent=148"}],"curies":[{"name":"wp","href":"https:\/\/api.w.org\/{rel}","templated":true}]}}