{"id":8,"date":"2021-03-31T19:05:26","date_gmt":"2021-03-31T19:05:26","guid":{"rendered":"https:\/\/humanidades.uprrp.edu\/drama\/?page_id=8"},"modified":"2021-04-07T13:58:46","modified_gmt":"2021-04-07T17:58:46","slug":"mision","status":"publish","type":"page","link":"https:\/\/humanidades.uprrp.edu\/drama\/?page_id=8","title":{"rendered":"Misi\u00f3n"},"content":{"rendered":"\n<p>El Departamento de Drama se propone, a trav\u00e9s de un riguroso programa acad\u00e9mico, fomentar el valor del teatro en la sociedad y su aportaci\u00f3n al desarrollo cultural de Puerto Rico. Tiene como meta dar a conocer a la comunidad universitaria y el p\u00fablico general las obras representativas del teatro universal. Proporciona a los estudiantes de concentraci\u00f3n los conocimientos del arte del teatro y la oportunidad de conocer de primera mano los retos que representa el quehacer teatral en todos sus aspectos. El Departamento es el taller donde se ponen en pr\u00e1ctica, por y para los estudiantes, tanto las t\u00e9cnicas teatrales tradicionales como las experimentales. En esta combinaci\u00f3n de lo tradicional y lo moderno se gesta continuamente la actividad creadora.<\/p>\n","protected":false},"excerpt":{"rendered":"<p>El Departamento de Drama se propone, a trav\u00e9s de un riguroso programa acad\u00e9mico, fomentar el valor del teatro en la sociedad y su aportaci\u00f3n al desarrollo cultural de Puerto Rico. Tiene como meta dar a conocer a la comunidad universitaria y el p\u00fablico general las obras representativas del teatro universal. &#8230;<\/p>\n","protected":false},"author":1,"featured_media":0,"parent":0,"menu_order":0,"comment_status":"closed","ping_status":"closed","template":"","meta":{"footnotes":""},"class_list":["post-8","page","type-page","status-publish","hentry","column","twocol"],"_links":{"self":[{"href":"https:\/\/humanidades.uprrp.edu\/drama\/index.php?rest_route=\/wp\/v2\/pages\/8","targetHints":{"allow":["GET"]}}],"collection":[{"href":"https:\/\/humanidades.uprrp.edu\/drama\/index.php?rest_route=\/wp\/v2\/pages"}],"about":[{"href":"https:\/\/humanidades.uprrp.edu\/drama\/index.php?rest_route=\/wp\/v2\/types\/page"}],"author":[{"embeddable":true,"href":"https:\/\/humanidades.uprrp.edu\/drama\/index.php?rest_route=\/wp\/v2\/users\/1"}],"replies":[{"embeddable":true,"href":"https:\/\/humanidades.uprrp.edu\/drama\/index.php?rest_route=%2Fwp%2Fv2%2Fcomments&post=8"}],"version-history":[{"count":2,"href":"https:\/\/humanidades.uprrp.edu\/drama\/index.php?rest_route=\/wp\/v2\/pages\/8\/revisions"}],"predecessor-version":[{"id":128,"href":"https:\/\/humanidades.uprrp.edu\/drama\/index.php?rest_route=\/wp\/v2\/pages\/8\/revisions\/128"}],"wp:attachment":[{"href":"https:\/\/humanidades.uprrp.edu\/drama\/index.php?rest_route=%2Fwp%2Fv2%2Fmedia&parent=8"}],"curies":[{"name":"wp","href":"https:\/\/api.w.org\/{rel}","templated":true}]}}