{"id":73,"date":"2021-04-05T13:42:24","date_gmt":"2021-04-05T13:42:24","guid":{"rendered":"https:\/\/humanidades.uprrp.edu\/drama\/?page_id=73"},"modified":"2021-04-07T14:08:25","modified_gmt":"2021-04-07T18:08:25","slug":"teatro-universitario","status":"publish","type":"page","link":"https:\/\/humanidades.uprrp.edu\/drama\/?page_id=73","title":{"rendered":"Teatro Universitario"},"content":{"rendered":"\n<p>El Teatro Universitario tiene como meta presentar obras de la dramaturgia universal para el p\u00fablico universitario y general.\u00a0 Desde los cl\u00e1sicos como Eur\u00edpides, S\u00f3focles, Calder\u00f3n, Lope de Vega, Shakespeare, Moliere, Ibsen, Chekhov, Pirandello, Brecht, Beckett, Genet, Giraudoux, Garc\u00eda Lorca, Miller y Williams. Del teatro latinoamericano como las obras de Ar\u00edstides Vargas y Drag\u00fan, entre otros.\u00a0 Del teatro contempor\u00e1neo con obras como <em>D\u00edas importantes<\/em>, <em>El proyecto Laramie<\/em>, <em>Viudas<\/em>, <em>El hombre almohada<\/em>, entre otras.\u00a0 Del teatro puertorrique\u00f1o de autores como Laguerre, Arriv\u00ed, Marqu\u00e9s, S\u00e1nchez y Mar\u00edn.<\/p>\n","protected":false},"excerpt":{"rendered":"<p>El Teatro Universitario tiene como meta presentar obras de la dramaturgia universal para el p\u00fablico universitario y general.\u00a0 Desde los cl\u00e1sicos como Eur\u00edpides, S\u00f3focles, Calder\u00f3n, Lope de Vega, Shakespeare, Moliere, Ibsen, Chekhov, Pirandello, Brecht, Beckett, Genet, Giraudoux, Garc\u00eda Lorca, Miller y Williams. Del teatro latinoamericano como las obras de Ar\u00edstides &#8230;<\/p>\n","protected":false},"author":1,"featured_media":0,"parent":0,"menu_order":0,"comment_status":"closed","ping_status":"closed","template":"","meta":{"footnotes":""},"class_list":["post-73","page","type-page","status-publish","hentry","column","twocol"],"_links":{"self":[{"href":"https:\/\/humanidades.uprrp.edu\/drama\/index.php?rest_route=\/wp\/v2\/pages\/73","targetHints":{"allow":["GET"]}}],"collection":[{"href":"https:\/\/humanidades.uprrp.edu\/drama\/index.php?rest_route=\/wp\/v2\/pages"}],"about":[{"href":"https:\/\/humanidades.uprrp.edu\/drama\/index.php?rest_route=\/wp\/v2\/types\/page"}],"author":[{"embeddable":true,"href":"https:\/\/humanidades.uprrp.edu\/drama\/index.php?rest_route=\/wp\/v2\/users\/1"}],"replies":[{"embeddable":true,"href":"https:\/\/humanidades.uprrp.edu\/drama\/index.php?rest_route=%2Fwp%2Fv2%2Fcomments&post=73"}],"version-history":[{"count":2,"href":"https:\/\/humanidades.uprrp.edu\/drama\/index.php?rest_route=\/wp\/v2\/pages\/73\/revisions"}],"predecessor-version":[{"id":140,"href":"https:\/\/humanidades.uprrp.edu\/drama\/index.php?rest_route=\/wp\/v2\/pages\/73\/revisions\/140"}],"wp:attachment":[{"href":"https:\/\/humanidades.uprrp.edu\/drama\/index.php?rest_route=%2Fwp%2Fv2%2Fmedia&parent=73"}],"curies":[{"name":"wp","href":"https:\/\/api.w.org\/{rel}","templated":true}]}}