{"id":65,"date":"2021-04-05T13:37:19","date_gmt":"2021-04-05T13:37:19","guid":{"rendered":"https:\/\/humanidades.uprrp.edu\/drama\/?page_id=65"},"modified":"2021-04-07T14:07:27","modified_gmt":"2021-04-07T18:07:27","slug":"admisiones","status":"publish","type":"page","link":"https:\/\/humanidades.uprrp.edu\/drama\/?page_id=65","title":{"rendered":"Requisitos de Admisi\u00f3n"},"content":{"rendered":"\n<p>Todo estudiante que solicite admisi\u00f3n a la facultad de humanidades deber\u00e1 cumplir con los requerimientos de admisi\u00f3n a la universidad de Puerto Rico.&nbsp; Adem\u00e1s, el estudiante deber\u00e1 obtener el \u00edndice de ingreso o IGS requerido por el Departamento de Drama.&nbsp; Este \u00edndice var\u00eda de a\u00f1o en a\u00f1o.&nbsp; Favor contactar la p\u00e1gina de admisiones <a href=\"http:\/\/WWW.UPRRP\/ADMISIONES\">www.uprrp\/admisiones<\/a> para la actualizaci\u00f3n del IGS.&nbsp; Cada caso es evaluado a base de sus m\u00e9ritos y la admisi\u00f3n se determina competitivamente, tomando en cuenta el factor de cupo.<\/p>\n\n\n\n<p><strong>Estudiantes provenientes de la Facultad de Estudios Generales:<\/strong><\/p>\n\n\n\n<p>Deber\u00e1n haber aprobado un m\u00ednimo de 30 cr\u00e9ditos en la Facultad de Estudios Generales con un \u00edndice acad\u00e9mico de por lo menos 3.0. Haber aprobado el curso de a\u00f1o de Humanidades (HUMA 3101-3102) o su equivalente.<\/p>\n\n\n\n<p><strong>Estudiantes provenientes de otras facultades del recinto o de otras concentraciones de la facultad<\/strong>:<\/p>\n\n\n\n<p>&nbsp;La visita al Asesor Acad\u00e9mico de su departamento y de la Facultad de Humanidades es indispensable para tomar una decisi\u00f3n acertada. Deber\u00e1 cumplir con lo siguiente: haber tomado un m\u00ednimo de 30 cr\u00e9ditos, haber aprobado los cursos HUMA 3101-3102 o su equivalente y un \u00edndice m\u00ednimo de 3.0. La solicitud de reclasificaci\u00f3n de cambio de concentraci\u00f3n dentro de la misma facultad o una petici\u00f3n para cambiar el \u00e1rea de estudios en otra facultad.<\/p>\n\n\n\n<p><strong>Traslado de estudiantes procedentes de otras unidades del sistema universitario UPR:<\/strong><\/p>\n\n\n\n<p>Haber aprobado un m\u00ednimo de 30 cr\u00e9ditos, incluyendo los cursos HUMA 3101-3102 o su equivalente y un \u00edndice m\u00ednimo de 3.0<\/p>\n\n\n\n<p><strong>Estudiantes provenientes de otras instituciones universitarias:<\/strong><\/p>\n\n\n\n<p>Haber aprobado un m\u00ednimo de 30 cr\u00e9ditos, incluyendo los cursos HUMA 3101-3102 o su equivalente y un \u00edndice m\u00ednimo de 3.0<\/p>\n\n\n\n<p>Las solicitudes de admisi\u00f3n al Recinto de R\u00edo Piedras, Facultad de Humanidades, Departamento de Drama se har\u00e1n por medio de la Oficina de Admisiones del Recinto de R\u00edo Piedras, la cual dictar\u00e1 los tr\u00e1mites y documentos necesarios para admisi\u00f3n.&nbsp;<\/p>\n\n\n\n<p>Las solicitudes de cambio de concentraci\u00f3n o de facultad se har\u00e1n por medio de la Oficina del Registrador.\u00a0 <a href=\"http:\/\/www.uprrp.edu\/registrador\">www.uprrp.edu\/registrador<\/a> \u00a0<\/p>\n","protected":false},"excerpt":{"rendered":"<p>Todo estudiante que solicite admisi\u00f3n a la facultad de humanidades deber\u00e1 cumplir con los requerimientos de admisi\u00f3n a la universidad de Puerto Rico.&nbsp; Adem\u00e1s, el estudiante deber\u00e1 obtener el \u00edndice de ingreso o IGS requerido por el Departamento de Drama.&nbsp; Este \u00edndice var\u00eda de a\u00f1o en a\u00f1o.&nbsp; Favor contactar la &#8230;<\/p>\n","protected":false},"author":1,"featured_media":0,"parent":0,"menu_order":0,"comment_status":"closed","ping_status":"closed","template":"","meta":{"footnotes":""},"class_list":["post-65","page","type-page","status-publish","hentry","column","twocol"],"_links":{"self":[{"href":"https:\/\/humanidades.uprrp.edu\/drama\/index.php?rest_route=\/wp\/v2\/pages\/65","targetHints":{"allow":["GET"]}}],"collection":[{"href":"https:\/\/humanidades.uprrp.edu\/drama\/index.php?rest_route=\/wp\/v2\/pages"}],"about":[{"href":"https:\/\/humanidades.uprrp.edu\/drama\/index.php?rest_route=\/wp\/v2\/types\/page"}],"author":[{"embeddable":true,"href":"https:\/\/humanidades.uprrp.edu\/drama\/index.php?rest_route=\/wp\/v2\/users\/1"}],"replies":[{"embeddable":true,"href":"https:\/\/humanidades.uprrp.edu\/drama\/index.php?rest_route=%2Fwp%2Fv2%2Fcomments&post=65"}],"version-history":[{"count":4,"href":"https:\/\/humanidades.uprrp.edu\/drama\/index.php?rest_route=\/wp\/v2\/pages\/65\/revisions"}],"predecessor-version":[{"id":139,"href":"https:\/\/humanidades.uprrp.edu\/drama\/index.php?rest_route=\/wp\/v2\/pages\/65\/revisions\/139"}],"wp:attachment":[{"href":"https:\/\/humanidades.uprrp.edu\/drama\/index.php?rest_route=%2Fwp%2Fv2%2Fmedia&parent=65"}],"curies":[{"name":"wp","href":"https:\/\/api.w.org\/{rel}","templated":true}]}}