{"id":32,"date":"2021-03-31T19:19:09","date_gmt":"2021-03-31T19:19:09","guid":{"rendered":"https:\/\/humanidades.uprrp.edu\/drama\/?page_id=32"},"modified":"2021-04-05T13:35:18","modified_gmt":"2021-04-05T13:35:18","slug":"bachillerato-en-artes-con-concetracion-en-drama","status":"publish","type":"page","link":"https:\/\/humanidades.uprrp.edu\/drama\/?page_id=32","title":{"rendered":"Bachillerato en Artes con Concetraci\u00f3n en Drama"},"content":{"rendered":"\n<p><\/p>\n\n\n\n<h2 class=\"wp-block-heading\">\u00c1reas de \u00c9nfasis:<\/h2>\n\n\n\n<ul class=\"wp-block-list\"><li><a href=\"https:\/\/humanidades.uprrp.edu\/drama\/?page_id=34\">Actuaci\u00f3n<\/a><\/li><li><a href=\"https:\/\/humanidades.uprrp.edu\/drama\/?page_id=36\">Dise\u00f1o y T\u00e9cnica Teatral<\/a><\/li><li><a href=\"https:\/\/humanidades.uprrp.edu\/drama\/?page_id=38\">Historia, Literatura y Teor\u00eda Dram\u00e1tica<\/a><\/li><li><a href=\"https:\/\/humanidades.uprrp.edu\/drama\/?page_id=40\">Drama General<\/a><\/li><\/ul>\n","protected":false},"excerpt":{"rendered":"<p>\u00c1reas de \u00c9nfasis: Actuaci\u00f3n Dise\u00f1o y T\u00e9cnica Teatral Historia, Literatura y Teor\u00eda Dram\u00e1tica Drama General<\/p>\n","protected":false},"author":1,"featured_media":0,"parent":0,"menu_order":0,"comment_status":"closed","ping_status":"closed","template":"","meta":{"footnotes":""},"class_list":["post-32","page","type-page","status-publish","hentry","column","twocol"],"_links":{"self":[{"href":"https:\/\/humanidades.uprrp.edu\/drama\/index.php?rest_route=\/wp\/v2\/pages\/32","targetHints":{"allow":["GET"]}}],"collection":[{"href":"https:\/\/humanidades.uprrp.edu\/drama\/index.php?rest_route=\/wp\/v2\/pages"}],"about":[{"href":"https:\/\/humanidades.uprrp.edu\/drama\/index.php?rest_route=\/wp\/v2\/types\/page"}],"author":[{"embeddable":true,"href":"https:\/\/humanidades.uprrp.edu\/drama\/index.php?rest_route=\/wp\/v2\/users\/1"}],"replies":[{"embeddable":true,"href":"https:\/\/humanidades.uprrp.edu\/drama\/index.php?rest_route=%2Fwp%2Fv2%2Fcomments&post=32"}],"version-history":[{"count":5,"href":"https:\/\/humanidades.uprrp.edu\/drama\/index.php?rest_route=\/wp\/v2\/pages\/32\/revisions"}],"predecessor-version":[{"id":64,"href":"https:\/\/humanidades.uprrp.edu\/drama\/index.php?rest_route=\/wp\/v2\/pages\/32\/revisions\/64"}],"wp:attachment":[{"href":"https:\/\/humanidades.uprrp.edu\/drama\/index.php?rest_route=%2Fwp%2Fv2%2Fmedia&parent=32"}],"curies":[{"name":"wp","href":"https:\/\/api.w.org\/{rel}","templated":true}]}}