{"id":295,"date":"2021-04-23T11:37:08","date_gmt":"2021-04-23T15:37:08","guid":{"rendered":"https:\/\/humanidades.uprrp.edu\/drama\/?page_id=295"},"modified":"2023-08-23T09:50:14","modified_gmt":"2023-08-23T13:50:14","slug":"carola-garcia","status":"publish","type":"page","link":"https:\/\/humanidades.uprrp.edu\/drama\/?page_id=295","title":{"rendered":"Carola Garc\u00eda"},"content":{"rendered":"\n<div class=\"wp-block-columns is-layout-flex wp-container-core-columns-is-layout-9d6595d7 wp-block-columns-is-layout-flex\">\n<div class=\"wp-block-column is-layout-flow wp-block-column-is-layout-flow\" style=\"flex-basis:33.33%\">\n<figure class=\"wp-block-image size-full\"><img loading=\"lazy\" decoding=\"async\" width=\"200\" height=\"300\" src=\"https:\/\/humanidades.uprrp.edu\/drama\/wp-content\/uploads\/2023\/08\/7046-1.png\" alt=\"\" class=\"wp-image-390\"\/><\/figure>\n<\/div>\n\n\n\n<div class=\"wp-block-column is-layout-flow wp-block-column-is-layout-flow\" style=\"flex-basis:66.66%\">\n<p><strong><strong>Carola Garc\u00eda L\u00f3pez, Ph.D<\/strong><\/strong><br>Catedr\u00e1tica Auxiliar. MA New York University, Ph.D Centro de Estudios Avanzados de Puerto Rico y el Caribe<\/p>\n\n\n\n<p>Voz y Dicci\u00f3n I, II, Actividades Dram\u00e1ticas, I, II<\/p>\n\n\n\n<p>Actriz, Dramaturga, Directora, Locutora, Escritora, Productora, Profesora. <\/p>\n\n\n\n<p>Profesora en el Departamento de Drama por m\u00e1s de 25 a\u00f1os. Posee un Doctorado en Filosof\u00eda y Letras. Su tesis \u201cLa Arquitectura del Caos en el Teatro de Ar\u00edstides Vargas\u201d combina preceptos de la f\u00edsica cu\u00e1ntica vinculados al teatro y al arte como procedimiento. Se ha entrenado dentro y fuera de PR con diferentes Maestros : Jacques Lecoq (Francia) Ar\u00edstides Vargas y Charo Franc\u00e9s (Ecuador) Eugenio Barba (Dinamarca), La Compa\u00f1\u00eda&nbsp; Nacional de Teatro Cl\u00e1sico Espa\u00f1ol (Madrid) entre otros.<\/p>\n\n\n\n<p>Durante diez a\u00f1os dirigi\u00f3 la Compa\u00f1\u00eda Teatro Ir\u00e9. Entre sus producciones encontramos \u201cLa Edad de la Ciruela\u201d de Ar\u00edstides Vargas \u201cVersado\u201d y \u201cLa Dra. Vial y el extra\u00f1o caso del conductor feroz\u201d ambas de su autor\u00eda.&nbsp;<\/p>\n\n\n\n<p>Lleva m\u00e1s de 20 a\u00f1os recorriendo la isla con \u201cLibris una polilla vegetariana que se come los libros con los ojos y no con la boca\u201d y de esta forma estimula el amor por la lectura.<\/p>\n\n\n\n<p>Entre sus trabajos para adultos est\u00e1 \u201cOmbligos un cabaret de palabras y sonido\u201d estrenado en el 2011 en el Teatro Victoria Espinosa. Su \u00faltima pieza teatral \u201cBlanco Temblor\u201d se estren\u00f3 en el 2022 en el Teatro Braulio Castillo y se presentaron recientemente el Festival \u201cDestinos\u201d en Chicago. En ambas piezas escribe, dirige y act\u00faa.<\/p>\n\n\n\n<p>Participa en el Cine activamente entre sus pel\u00edculas recientes est\u00e1n: Las Camelias, Receta no Inclu\u00edda,(Premio del P\u00fablico Festival de Los Angeles) La Pecera,(Sundance 2023) Familia, Al Rev\u00e9s, Segregatio. Es Locutora Profesional hace m\u00e1s de 25 a\u00f1os de Radio,Televisi\u00f3n y Medios Digitales.<\/p>\n<\/div>\n<\/div>\n","protected":false},"excerpt":{"rendered":"<p>Carola Garc\u00eda L\u00f3pez, Ph.DCatedr\u00e1tica Auxiliar. MA New York University, Ph.D Centro de Estudios Avanzados de Puerto Rico y el Caribe Voz y Dicci\u00f3n I, II, Actividades Dram\u00e1ticas, I, II Actriz, Dramaturga, Directora, Locutora, Escritora, Productora, Profesora. Profesora en el Departamento de Drama por m\u00e1s de 25 a\u00f1os. Posee un Doctorado &#8230;<\/p>\n","protected":false},"author":1,"featured_media":0,"parent":0,"menu_order":0,"comment_status":"closed","ping_status":"closed","template":"","meta":{"footnotes":""},"class_list":["post-295","page","type-page","status-publish","hentry","column","twocol"],"_links":{"self":[{"href":"https:\/\/humanidades.uprrp.edu\/drama\/index.php?rest_route=\/wp\/v2\/pages\/295","targetHints":{"allow":["GET"]}}],"collection":[{"href":"https:\/\/humanidades.uprrp.edu\/drama\/index.php?rest_route=\/wp\/v2\/pages"}],"about":[{"href":"https:\/\/humanidades.uprrp.edu\/drama\/index.php?rest_route=\/wp\/v2\/types\/page"}],"author":[{"embeddable":true,"href":"https:\/\/humanidades.uprrp.edu\/drama\/index.php?rest_route=\/wp\/v2\/users\/1"}],"replies":[{"embeddable":true,"href":"https:\/\/humanidades.uprrp.edu\/drama\/index.php?rest_route=%2Fwp%2Fv2%2Fcomments&post=295"}],"version-history":[{"count":4,"href":"https:\/\/humanidades.uprrp.edu\/drama\/index.php?rest_route=\/wp\/v2\/pages\/295\/revisions"}],"predecessor-version":[{"id":421,"href":"https:\/\/humanidades.uprrp.edu\/drama\/index.php?rest_route=\/wp\/v2\/pages\/295\/revisions\/421"}],"wp:attachment":[{"href":"https:\/\/humanidades.uprrp.edu\/drama\/index.php?rest_route=%2Fwp%2Fv2%2Fmedia&parent=295"}],"curies":[{"name":"wp","href":"https:\/\/api.w.org\/{rel}","templated":true}]}}