{"id":290,"date":"2021-04-23T11:34:29","date_gmt":"2021-04-23T15:34:29","guid":{"rendered":"https:\/\/humanidades.uprrp.edu\/drama\/?page_id=290"},"modified":"2021-04-23T11:34:29","modified_gmt":"2021-04-23T15:34:29","slug":"isel-rodriguez","status":"publish","type":"page","link":"https:\/\/humanidades.uprrp.edu\/drama\/?page_id=290","title":{"rendered":"Isel Rodr\u00edguez"},"content":{"rendered":"\n<div class=\"wp-block-columns is-layout-flex wp-container-core-columns-is-layout-9d6595d7 wp-block-columns-is-layout-flex\">\n<div class=\"wp-block-column is-layout-flow wp-block-column-is-layout-flow\" style=\"flex-basis:33.33%\">\n<figure class=\"wp-block-image size-large\"><img loading=\"lazy\" decoding=\"async\" width=\"200\" height=\"300\" src=\"https:\/\/humanidades.uprrp.edu\/drama\/wp-content\/uploads\/2021\/04\/Irodriguez-e1619189155821.png\" alt=\"\" class=\"wp-image-237\"\/><\/figure>\n<\/div>\n\n\n\n<div class=\"wp-block-column is-layout-flow wp-block-column-is-layout-flow\" style=\"flex-basis:66.66%\">\n<p><strong>Isel Rodr\u00edguez<\/strong><br>Instructora. Ph. D. Arizona State University<\/p>\n\n\n\n<p>Apreciaci\u00f3n del Teatro, Historia del Teatro I, II, Actuaci\u00f3n I, II,<\/p>\n\n\n\n<p>Actriz, cantante y pedagoga de teatro y cine. Actualmente es miembro del conocido colectivo de comedia Teatro Breve, y profesora en la Universidad de Puerto Rico en R\u00edo Piedras. Posee un doctorado en Teatro y Performance de las Am\u00e9ricas de Arizona State University, una maestr\u00eda en Educaci\u00f3n Teatral de NYU, y un bachillerato tambi\u00e9n en Educaci\u00f3n Teatral de la Universidad de Puerto Rico. Dirigi\u00f3 sobre 10 piezas teatrales para el Circulo Teatral de la UPR en Carolina, entre ellas <em>Una tempestad<\/em> de Aim\u00e9 Cesaire, <em>En la diestra de Dios<\/em> Padre de Enrique Buenaventura, y <em>Sirviente de dos amos<\/em> de Goldoni. Creadora de diversos personajes como el d\u00fao musical de comedia Luna Y Vecky, Las monjas del cannabis-Las Hermanas Bel\u00e9n y Ver\u00f3nica y el famoso Real Housewives of Miramar como parte del show de comedia de mujeres <em>Noche de Jevas<\/em>.<\/p>\n<\/div>\n<\/div>\n","protected":false},"excerpt":{"rendered":"<p>Isel Rodr\u00edguezInstructora. Ph. D. Arizona State University Apreciaci\u00f3n del Teatro, Historia del Teatro I, II, Actuaci\u00f3n I, II, Actriz, cantante y pedagoga de teatro y cine. Actualmente es miembro del conocido colectivo de comedia Teatro Breve, y profesora en la Universidad de Puerto Rico en R\u00edo Piedras. Posee un doctorado &#8230;<\/p>\n","protected":false},"author":1,"featured_media":0,"parent":0,"menu_order":0,"comment_status":"closed","ping_status":"closed","template":"","meta":{"footnotes":""},"class_list":["post-290","page","type-page","status-publish","hentry","column","twocol"],"_links":{"self":[{"href":"https:\/\/humanidades.uprrp.edu\/drama\/index.php?rest_route=\/wp\/v2\/pages\/290","targetHints":{"allow":["GET"]}}],"collection":[{"href":"https:\/\/humanidades.uprrp.edu\/drama\/index.php?rest_route=\/wp\/v2\/pages"}],"about":[{"href":"https:\/\/humanidades.uprrp.edu\/drama\/index.php?rest_route=\/wp\/v2\/types\/page"}],"author":[{"embeddable":true,"href":"https:\/\/humanidades.uprrp.edu\/drama\/index.php?rest_route=\/wp\/v2\/users\/1"}],"replies":[{"embeddable":true,"href":"https:\/\/humanidades.uprrp.edu\/drama\/index.php?rest_route=%2Fwp%2Fv2%2Fcomments&post=290"}],"version-history":[{"count":1,"href":"https:\/\/humanidades.uprrp.edu\/drama\/index.php?rest_route=\/wp\/v2\/pages\/290\/revisions"}],"predecessor-version":[{"id":291,"href":"https:\/\/humanidades.uprrp.edu\/drama\/index.php?rest_route=\/wp\/v2\/pages\/290\/revisions\/291"}],"wp:attachment":[{"href":"https:\/\/humanidades.uprrp.edu\/drama\/index.php?rest_route=%2Fwp%2Fv2%2Fmedia&parent=290"}],"curies":[{"name":"wp","href":"https:\/\/api.w.org\/{rel}","templated":true}]}}