{"id":283,"date":"2021-04-23T11:30:43","date_gmt":"2021-04-23T15:30:43","guid":{"rendered":"https:\/\/humanidades.uprrp.edu\/drama\/?page_id=283"},"modified":"2021-04-23T11:30:43","modified_gmt":"2021-04-23T15:30:43","slug":"jose-luis-ramos-escobar","status":"publish","type":"page","link":"https:\/\/humanidades.uprrp.edu\/drama\/?page_id=283","title":{"rendered":"Jos\u00e9 Luis Ramos Escobar"},"content":{"rendered":"\n<div class=\"wp-block-columns is-layout-flex wp-container-core-columns-is-layout-9d6595d7 wp-block-columns-is-layout-flex\">\n<div class=\"wp-block-column is-layout-flow wp-block-column-is-layout-flow\" style=\"flex-basis:33.33%\">\n<figure class=\"wp-block-image size-large\"><img loading=\"lazy\" decoding=\"async\" width=\"200\" height=\"300\" src=\"https:\/\/humanidades.uprrp.edu\/drama\/wp-content\/uploads\/2021\/04\/JLramos-e1619189296519.png\" alt=\"JLramos\" class=\"wp-image-234\"\/><\/figure>\n<\/div>\n\n\n\n<div class=\"wp-block-column is-layout-flow wp-block-column-is-layout-flow\" style=\"flex-basis:66.66%\">\n<p><strong>Jos\u00e9 Luis Ramos Escobar<\/strong><br>Catedr\u00e1tico. Ph. D. Brown University<\/p>\n\n\n\n<p>Historia del Teatro, Apreciaci\u00f3n del Teatro I, II, Dramaturgia, Panorama del Teatro Puertorrique\u00f1o.<\/p>\n\n\n\n<p>Obtuvo su Bachillerato en Drama y Literatura Comparada en la Universidad de Puerto Rico, su Maestr\u00eda y Doctorado en Brown University en Providence, Rhode Island, EE.UU. Es Catedr\u00e1tico del Departamento de Drama de la Universidad de Puerto Rico, del cual ha sido director. Fue Decano de la Facultad de Humanidades del Recinto de R\u00edo Piedras de la Universidad de Puerto Rico del 2004 al 2011. En t\u00e9rminos de creaci\u00f3n ha publicado las novelas <em>Sintigo<\/em>, <em>Matador de br\u00fajulas<\/em> y <em>El irresistible mundo de Benedicto<\/em>, el libro de cuentos <em>En la otra orilla<\/em>, las obras <em>Indocumentados<\/em>, <em>Mano dura<\/em>, <em>Gen\u00ed y el Zepel\u00edn<\/em>, <em>El olor del popcorn<\/em>, <em>El salvador del puerto<\/em>, el tomo de tres obras <em>El salvador del puerto, Bohemia 18, altos y Gen\u00ed y el Zepel\u00edn, Salsa gorda<\/em>, <em>\u00a1Puertorrique\u00f1os?<\/em>, <em>Mascarada <\/em>entre much\u00edsimas m\u00e1s. En cuanto a premios, su cuento <em>&#8220;East Side Story&#8221;<\/em> obtuvo el segundo premio en el certamen del C\u00edrculo de escritores y poetas de Nueva York en 1981, su obra <em>Mascarada<\/em> obtuvo el Primer premio del Ateneo de Puerto Rico en 1985, su libro de cuentos <em>En la otra orilla recibi\u00f3<\/em> Menci\u00f3n Honor\u00edfica del Instituto de Literatura Puertorrique\u00f1a en 1993, su obra <em>El olor del popcorn<\/em> fue seleccionada como la mejor obra puertorrique\u00f1a del 1993, por su obra <em>Mano Dura Menci\u00f3n de Honor en el Certamen Letras de Oro de 1994, su obra Gen\u00ed y el Zepel\u00edn<\/em>, obtuvo en agosto de 1993 el I Premio Iberoamericano de Dramaturgia otorgado por la Universidad Santa Mar\u00eda de la R\u00e1bida de Huelva, Espa\u00f1a, en septiembre de 1995 obtiene en Espa\u00f1a el I Premio Extremadura a la creaci\u00f3n, Diego S\u00e1nchez de Badajoz con su obra El salvador del puerto, en 1999 obtiene con su obra <em>\u00a1Puertorrique\u00f1os?<\/em> el Premio a la Dramaturgia Nacional, el tomo de tres obras <em>El salvador del puerto, Gen\u00ed y el Zepel\u00edn y Bohemia 18, altos <\/em>obtuvo el premio de teatro del Pen Club en el 2002 y <em>Salsa gorda<\/em> fue seleccionada la mejor producci\u00f3n de 2003. En el 2007, la Feria Internacional del Libro de Puerto Rico le otorg\u00f3 el Gran Premio Escritor del a\u00f1o por la novela <em>Matador de br\u00fajulas<\/em>. El Instituto de Literatura Puertorrique\u00f1a le otorg\u00f3 en 2011 el Primer Premio a la creaci\u00f3n por su libro <em>Teatro del compromiso<\/em>. Ha publicado ensayos en prestigiosas revistas de M\u00e9xico, Madrid, C\u00e1diz, Estados Unidos, y Chile. &nbsp;<\/p>\n<\/div>\n<\/div>\n","protected":false},"excerpt":{"rendered":"<p>Jos\u00e9 Luis Ramos EscobarCatedr\u00e1tico. Ph. D. Brown University Historia del Teatro, Apreciaci\u00f3n del Teatro I, II, Dramaturgia, Panorama del Teatro Puertorrique\u00f1o. Obtuvo su Bachillerato en Drama y Literatura Comparada en la Universidad de Puerto Rico, su Maestr\u00eda y Doctorado en Brown University en Providence, Rhode Island, EE.UU. Es Catedr\u00e1tico del &#8230;<\/p>\n","protected":false},"author":1,"featured_media":0,"parent":0,"menu_order":0,"comment_status":"closed","ping_status":"closed","template":"","meta":{"footnotes":""},"class_list":["post-283","page","type-page","status-publish","hentry","column","twocol"],"_links":{"self":[{"href":"https:\/\/humanidades.uprrp.edu\/drama\/index.php?rest_route=\/wp\/v2\/pages\/283","targetHints":{"allow":["GET"]}}],"collection":[{"href":"https:\/\/humanidades.uprrp.edu\/drama\/index.php?rest_route=\/wp\/v2\/pages"}],"about":[{"href":"https:\/\/humanidades.uprrp.edu\/drama\/index.php?rest_route=\/wp\/v2\/types\/page"}],"author":[{"embeddable":true,"href":"https:\/\/humanidades.uprrp.edu\/drama\/index.php?rest_route=\/wp\/v2\/users\/1"}],"replies":[{"embeddable":true,"href":"https:\/\/humanidades.uprrp.edu\/drama\/index.php?rest_route=%2Fwp%2Fv2%2Fcomments&post=283"}],"version-history":[{"count":1,"href":"https:\/\/humanidades.uprrp.edu\/drama\/index.php?rest_route=\/wp\/v2\/pages\/283\/revisions"}],"predecessor-version":[{"id":284,"href":"https:\/\/humanidades.uprrp.edu\/drama\/index.php?rest_route=\/wp\/v2\/pages\/283\/revisions\/284"}],"wp:attachment":[{"href":"https:\/\/humanidades.uprrp.edu\/drama\/index.php?rest_route=%2Fwp%2Fv2%2Fmedia&parent=283"}],"curies":[{"name":"wp","href":"https:\/\/api.w.org\/{rel}","templated":true}]}}