{"id":265,"date":"2021-04-23T11:19:12","date_gmt":"2021-04-23T15:19:12","guid":{"rendered":"https:\/\/humanidades.uprrp.edu\/drama\/?page_id=265"},"modified":"2022-12-06T13:05:56","modified_gmt":"2022-12-06T17:05:56","slug":"edgar-m-garcia","status":"publish","type":"page","link":"https:\/\/humanidades.uprrp.edu\/drama\/?page_id=265","title":{"rendered":"Edgar M. Garc\u00eda"},"content":{"rendered":"\n<div class=\"wp-block-columns is-layout-flex wp-container-core-columns-is-layout-9d6595d7 wp-block-columns-is-layout-flex\">\n<div class=\"wp-block-column is-layout-flow wp-block-column-is-layout-flow\" style=\"flex-basis:33.33%\">\n<figure class=\"wp-block-image size-large\"><img loading=\"lazy\" decoding=\"async\" width=\"200\" height=\"300\" src=\"https:\/\/humanidades.uprrp.edu\/drama\/wp-content\/uploads\/2021\/04\/Egarcia-e1619183818753.png\" alt=\"Edgar Garcia\" class=\"wp-image-202\"\/><\/figure>\n<\/div>\n\n\n\n<div class=\"wp-block-column is-layout-flow wp-block-column-is-layout-flow\" style=\"flex-basis:66.66%\">\n<p><strong>Edgar M. Garc\u00eda<\/strong><br>Catedr\u00e1tico Asociado.&nbsp; MFA Actuaci\u00f3n, University of California, Los Angeles<\/p>\n\n\n\n<p>Actuaci\u00f3n, I, II, III, Voz y Dicci\u00f3n, Direcci\u00f3n Esc\u00e9nica I, II<\/p>\n\n\n\n<p>\u00a0Egresado de la Escuela de Cine, Teatro y Televisi\u00f3n de UCLA (Universidad de California, Los \u00c1ngeles).\u00a0\u00a0Comenz\u00f3 su carrera de producci\u00f3n en Great Performances Drama para PBS en NY a la vez que trabajaba como actor entre NY y Puerto Rico.\u00a0\u00a0Fungi\u00f3 como director art\u00edstico de: Educational Theater Programs de Kaiser, Permanente Los \u00c1ngeles, Teatro Repertorio Universidad de Puerto Rico y Teatro Prometeo en Miami.\u00a0\u00a0\u00a0Fue Director Ejecutivo del Teatro de la Universidad en R\u00edo Piedras por ocho a\u00f1os mientras ejerc\u00eda como profesor en el Departamento de Drama.\u00a0\u00a0Algunas obras que Edgar ha dirigido son: <em>Actrices<\/em>, <em>Evita, Into the Woods, Man of la Mancha, Terror y Miserias del Tercer Milenio, Casa Ajena, Gente-Frication, La Verdadera Historia de Pedro Navaja<\/em> y la primera obra que recientemente abri\u00f3 los teatros en Puerto Rico durante marzo 2021, <em>El Huevo del Gallo<\/em>.\u00a0\u00a0\u00a0En t\u00e9rminos de producci\u00f3n, Edgar ha apoyado m\u00e1s de trescientos montajes que se han realizado en el Teatro de la Universidad, colaborando con el Festival Casals entre otros eventos culturales de gran relevancia para la isla.\u00a0\u00a0Edgar dirige cine y televisi\u00f3n consistentemente y su \u00faltimo cortometraje <em>La R\u00e1faga<\/em> ha sido galardonado en todos los continentes, incluyendo premios de mejor pel\u00edcula, mejor actor y mejor gui\u00f3n entre otros laureles.\u00a0\u00a0El profesor es becado por los fondos FIPI (Decanato de Estudios Graduados e Investigaci\u00f3n, UPRRP) para desarrollo en su campo.\u00a0\u00a0Edgar se encuentra en plena creaci\u00f3n del libro de actuaci\u00f3n \u201cDos Sillas y Un Caj\u00f3n: El Actor y la Imaginaci\u00f3n Relativa\u201d que espera tenga publicaci\u00f3n y distribuci\u00f3n durante el 2022.\u00a0\u00a0El profesor Garc\u00eda es miembro activo del Directors and Choreographers Guild of America, The Screen Actors Guild y es parte del comit\u00e9 tim\u00f3n de Higher Education in Theater dentro del grupo Theater Communications Group International.\u00a0Recientemente, Edgar fue uno de los colaboradores para la pel\u00edcula y la banda sonora de West Side Story, dirigida por Steven Spielberg.\u00a0 El musical fue nominado a siete premios Oscar y recibi\u00f3 la codiciada estatuilla por Mejor Actriz de Reparto para la actriz de ascendencia puertorrique\u00f1a, Ariana DeBose.<\/p>\n<\/div>\n<\/div>\n","protected":false},"excerpt":{"rendered":"<p>Edgar M. Garc\u00edaCatedr\u00e1tico Asociado.&nbsp; MFA Actuaci\u00f3n, University of California, Los Angeles Actuaci\u00f3n, I, II, III, Voz y Dicci\u00f3n, Direcci\u00f3n Esc\u00e9nica I, II \u00a0Egresado de la Escuela de Cine, Teatro y Televisi\u00f3n de UCLA (Universidad de California, Los \u00c1ngeles).\u00a0\u00a0Comenz\u00f3 su carrera de producci\u00f3n en Great Performances Drama para PBS en NY &#8230;<\/p>\n","protected":false},"author":1,"featured_media":0,"parent":0,"menu_order":0,"comment_status":"closed","ping_status":"closed","template":"","meta":{"footnotes":""},"class_list":["post-265","page","type-page","status-publish","hentry","column","twocol"],"_links":{"self":[{"href":"https:\/\/humanidades.uprrp.edu\/drama\/index.php?rest_route=\/wp\/v2\/pages\/265","targetHints":{"allow":["GET"]}}],"collection":[{"href":"https:\/\/humanidades.uprrp.edu\/drama\/index.php?rest_route=\/wp\/v2\/pages"}],"about":[{"href":"https:\/\/humanidades.uprrp.edu\/drama\/index.php?rest_route=\/wp\/v2\/types\/page"}],"author":[{"embeddable":true,"href":"https:\/\/humanidades.uprrp.edu\/drama\/index.php?rest_route=\/wp\/v2\/users\/1"}],"replies":[{"embeddable":true,"href":"https:\/\/humanidades.uprrp.edu\/drama\/index.php?rest_route=%2Fwp%2Fv2%2Fcomments&post=265"}],"version-history":[{"count":3,"href":"https:\/\/humanidades.uprrp.edu\/drama\/index.php?rest_route=\/wp\/v2\/pages\/265\/revisions"}],"predecessor-version":[{"id":337,"href":"https:\/\/humanidades.uprrp.edu\/drama\/index.php?rest_route=\/wp\/v2\/pages\/265\/revisions\/337"}],"wp:attachment":[{"href":"https:\/\/humanidades.uprrp.edu\/drama\/index.php?rest_route=%2Fwp%2Fv2%2Fmedia&parent=265"}],"curies":[{"name":"wp","href":"https:\/\/api.w.org\/{rel}","templated":true}]}}