{"id":16,"date":"2021-03-31T19:08:28","date_gmt":"2021-03-31T19:08:28","guid":{"rendered":"https:\/\/humanidades.uprrp.edu\/drama\/?page_id=16"},"modified":"2021-04-05T11:09:37","modified_gmt":"2021-04-05T15:09:37","slug":"contactos","status":"publish","type":"page","link":"https:\/\/humanidades.uprrp.edu\/drama\/?page_id=16","title":{"rendered":"Contactos"},"content":{"rendered":"\n<p>Tel\u00e9fonos:&nbsp; 787 764-0000 extensiones 89442 \u00f3 89469<\/p>\n\n\n\n<p>Correo electr\u00f3nico:&nbsp; <a href=\"mailto:nidia.ramos1@upr.edu\">nidia.ramos1@upr.edu<\/a><\/p>\n\n\n\n<p>P\u00e1gina de Facebook:\u00a0 <a href=\"https:\/\/www.facebook.com\/dramauprrp\">Departamento de Drama-UPRRP<\/a><\/p>\n","protected":false},"excerpt":{"rendered":"<p>Tel\u00e9fonos:&nbsp; 787 764-0000 extensiones 89442 \u00f3 89469 Correo electr\u00f3nico:&nbsp; nidia.ramos1@upr.edu P\u00e1gina de Facebook:\u00a0 Departamento de Drama-UPRRP<\/p>\n","protected":false},"author":1,"featured_media":0,"parent":0,"menu_order":0,"comment_status":"closed","ping_status":"closed","template":"","meta":{"footnotes":""},"class_list":["post-16","page","type-page","status-publish","hentry","column","twocol"],"_links":{"self":[{"href":"https:\/\/humanidades.uprrp.edu\/drama\/index.php?rest_route=\/wp\/v2\/pages\/16","targetHints":{"allow":["GET"]}}],"collection":[{"href":"https:\/\/humanidades.uprrp.edu\/drama\/index.php?rest_route=\/wp\/v2\/pages"}],"about":[{"href":"https:\/\/humanidades.uprrp.edu\/drama\/index.php?rest_route=\/wp\/v2\/types\/page"}],"author":[{"embeddable":true,"href":"https:\/\/humanidades.uprrp.edu\/drama\/index.php?rest_route=\/wp\/v2\/users\/1"}],"replies":[{"embeddable":true,"href":"https:\/\/humanidades.uprrp.edu\/drama\/index.php?rest_route=%2Fwp%2Fv2%2Fcomments&post=16"}],"version-history":[{"count":2,"href":"https:\/\/humanidades.uprrp.edu\/drama\/index.php?rest_route=\/wp\/v2\/pages\/16\/revisions"}],"predecessor-version":[{"id":97,"href":"https:\/\/humanidades.uprrp.edu\/drama\/index.php?rest_route=\/wp\/v2\/pages\/16\/revisions\/97"}],"wp:attachment":[{"href":"https:\/\/humanidades.uprrp.edu\/drama\/index.php?rest_route=%2Fwp%2Fv2%2Fmedia&parent=16"}],"curies":[{"name":"wp","href":"https:\/\/api.w.org\/{rel}","templated":true}]}}