{"id":131,"date":"2021-04-07T14:01:07","date_gmt":"2021-04-07T18:01:07","guid":{"rendered":"https:\/\/humanidades.uprrp.edu\/drama\/?page_id=131"},"modified":"2021-04-23T11:50:48","modified_gmt":"2021-04-23T15:50:48","slug":"teatro-de-la-universidad-de-puerto-rico","status":"publish","type":"page","link":"https:\/\/humanidades.uprrp.edu\/drama\/?page_id=131","title":{"rendered":"Teatro de la Universidad de Puerto Rico"},"content":{"rendered":"\n<p>Aula Magna del Recinto de R\u00edo Piedras es la sala donde nuestro Departamento ha presentado grandes cl\u00e1sicos del teatro al igual que obras contempor\u00e1neas.&nbsp; Desde su fundaci\u00f3n ha sido sede del Departamento de Drama donde su majestuosidad ha sido el espacio id\u00f3neo para la presentaci\u00f3n de obras emblem\u00e1ticas de la dramaturgia universal.<\/p>\n\n\n\n<figure class=\"wp-block-image size-large\"><img loading=\"lazy\" decoding=\"async\" width=\"1024\" height=\"682\" src=\"https:\/\/humanidades.uprrp.edu\/drama\/wp-content\/uploads\/2021\/04\/Teatro-UPR-e1619192831207-1024x682.jpg\" alt=\"\" class=\"wp-image-305\" srcset=\"https:\/\/humanidades.uprrp.edu\/drama\/wp-content\/uploads\/2021\/04\/Teatro-UPR-e1619192831207-1024x682.jpg 1024w, https:\/\/humanidades.uprrp.edu\/drama\/wp-content\/uploads\/2021\/04\/Teatro-UPR-e1619192831207-300x200.jpg 300w, https:\/\/humanidades.uprrp.edu\/drama\/wp-content\/uploads\/2021\/04\/Teatro-UPR-e1619192831207-768x512.jpg 768w, https:\/\/humanidades.uprrp.edu\/drama\/wp-content\/uploads\/2021\/04\/Teatro-UPR-e1619192831207-700x466.jpg 700w, https:\/\/humanidades.uprrp.edu\/drama\/wp-content\/uploads\/2021\/04\/Teatro-UPR-e1619192831207-332x221.jpg 332w, https:\/\/humanidades.uprrp.edu\/drama\/wp-content\/uploads\/2021\/04\/Teatro-UPR-e1619192831207.jpg 1280w\" sizes=\"auto, (max-width: 1024px) 100vw, 1024px\" \/><\/figure>\n","protected":false},"excerpt":{"rendered":"<p>Aula Magna del Recinto de R\u00edo Piedras es la sala donde nuestro Departamento ha presentado grandes cl\u00e1sicos del teatro al igual que obras contempor\u00e1neas.&nbsp; Desde su fundaci\u00f3n ha sido sede del Departamento de Drama donde su majestuosidad ha sido el espacio id\u00f3neo para la presentaci\u00f3n de obras emblem\u00e1ticas de la &#8230;<\/p>\n","protected":false},"author":1,"featured_media":0,"parent":0,"menu_order":0,"comment_status":"closed","ping_status":"closed","template":"","meta":{"footnotes":""},"class_list":["post-131","page","type-page","status-publish","hentry","column","twocol"],"_links":{"self":[{"href":"https:\/\/humanidades.uprrp.edu\/drama\/index.php?rest_route=\/wp\/v2\/pages\/131","targetHints":{"allow":["GET"]}}],"collection":[{"href":"https:\/\/humanidades.uprrp.edu\/drama\/index.php?rest_route=\/wp\/v2\/pages"}],"about":[{"href":"https:\/\/humanidades.uprrp.edu\/drama\/index.php?rest_route=\/wp\/v2\/types\/page"}],"author":[{"embeddable":true,"href":"https:\/\/humanidades.uprrp.edu\/drama\/index.php?rest_route=\/wp\/v2\/users\/1"}],"replies":[{"embeddable":true,"href":"https:\/\/humanidades.uprrp.edu\/drama\/index.php?rest_route=%2Fwp%2Fv2%2Fcomments&post=131"}],"version-history":[{"count":3,"href":"https:\/\/humanidades.uprrp.edu\/drama\/index.php?rest_route=\/wp\/v2\/pages\/131\/revisions"}],"predecessor-version":[{"id":312,"href":"https:\/\/humanidades.uprrp.edu\/drama\/index.php?rest_route=\/wp\/v2\/pages\/131\/revisions\/312"}],"wp:attachment":[{"href":"https:\/\/humanidades.uprrp.edu\/drama\/index.php?rest_route=%2Fwp%2Fv2%2Fmedia&parent=131"}],"curies":[{"name":"wp","href":"https:\/\/api.w.org\/{rel}","templated":true}]}}