{"id":12,"date":"2021-03-31T19:07:10","date_gmt":"2021-03-31T19:07:10","guid":{"rendered":"https:\/\/humanidades.uprrp.edu\/drama\/?page_id=12"},"modified":"2021-04-23T11:49:21","modified_gmt":"2021-04-23T15:49:21","slug":"teatrito","status":"publish","type":"page","link":"https:\/\/humanidades.uprrp.edu\/drama\/?page_id=12","title":{"rendered":"Teatrito"},"content":{"rendered":"\n<p>Con un cupo de 62 butacas, este espacio es el sal\u00f3n laboratorio para los estudiantes del Departamento de Drama.&nbsp; Se ofrecen los cursos de Actuaci\u00f3n, Direcci\u00f3n, Dicci\u00f3n, Dise\u00f1o de Iluminaci\u00f3n y Teatro Experimental.&nbsp; Es el espacio donde los estudiantes del Departamento ensayan escenas y obras teatrales y presentan producciones estudiantiles a la comunidad universitaria.<\/p>\n\n\n\n<figure class=\"wp-block-image size-large\"><img loading=\"lazy\" decoding=\"async\" width=\"935\" height=\"952\" src=\"https:\/\/humanidades.uprrp.edu\/drama\/wp-content\/uploads\/2021\/04\/Teatrito-e1619192781804.jpg\" alt=\"\" class=\"wp-image-303\" srcset=\"https:\/\/humanidades.uprrp.edu\/drama\/wp-content\/uploads\/2021\/04\/Teatrito-e1619192781804.jpg 935w, https:\/\/humanidades.uprrp.edu\/drama\/wp-content\/uploads\/2021\/04\/Teatrito-e1619192781804-295x300.jpg 295w, https:\/\/humanidades.uprrp.edu\/drama\/wp-content\/uploads\/2021\/04\/Teatrito-e1619192781804-768x782.jpg 768w, https:\/\/humanidades.uprrp.edu\/drama\/wp-content\/uploads\/2021\/04\/Teatrito-e1619192781804-700x713.jpg 700w, https:\/\/humanidades.uprrp.edu\/drama\/wp-content\/uploads\/2021\/04\/Teatrito-e1619192781804-332x338.jpg 332w\" sizes=\"auto, (max-width: 935px) 100vw, 935px\" \/><\/figure>\n","protected":false},"excerpt":{"rendered":"<p>Con un cupo de 62 butacas, este espacio es el sal\u00f3n laboratorio para los estudiantes del Departamento de Drama.&nbsp; Se ofrecen los cursos de Actuaci\u00f3n, Direcci\u00f3n, Dicci\u00f3n, Dise\u00f1o de Iluminaci\u00f3n y Teatro Experimental.&nbsp; Es el espacio donde los estudiantes del Departamento ensayan escenas y obras teatrales y presentan producciones estudiantiles &#8230;<\/p>\n","protected":false},"author":1,"featured_media":0,"parent":0,"menu_order":0,"comment_status":"closed","ping_status":"closed","template":"","meta":{"footnotes":""},"class_list":["post-12","page","type-page","status-publish","hentry","column","twocol"],"_links":{"self":[{"href":"https:\/\/humanidades.uprrp.edu\/drama\/index.php?rest_route=\/wp\/v2\/pages\/12","targetHints":{"allow":["GET"]}}],"collection":[{"href":"https:\/\/humanidades.uprrp.edu\/drama\/index.php?rest_route=\/wp\/v2\/pages"}],"about":[{"href":"https:\/\/humanidades.uprrp.edu\/drama\/index.php?rest_route=\/wp\/v2\/types\/page"}],"author":[{"embeddable":true,"href":"https:\/\/humanidades.uprrp.edu\/drama\/index.php?rest_route=\/wp\/v2\/users\/1"}],"replies":[{"embeddable":true,"href":"https:\/\/humanidades.uprrp.edu\/drama\/index.php?rest_route=%2Fwp%2Fv2%2Fcomments&post=12"}],"version-history":[{"count":4,"href":"https:\/\/humanidades.uprrp.edu\/drama\/index.php?rest_route=\/wp\/v2\/pages\/12\/revisions"}],"predecessor-version":[{"id":310,"href":"https:\/\/humanidades.uprrp.edu\/drama\/index.php?rest_route=\/wp\/v2\/pages\/12\/revisions\/310"}],"wp:attachment":[{"href":"https:\/\/humanidades.uprrp.edu\/drama\/index.php?rest_route=%2Fwp%2Fv2%2Fmedia&parent=12"}],"curies":[{"name":"wp","href":"https:\/\/api.w.org\/{rel}","templated":true}]}}