{"id":10,"date":"2021-03-31T19:06:42","date_gmt":"2021-03-31T19:06:42","guid":{"rendered":"https:\/\/humanidades.uprrp.edu\/drama\/?page_id=10"},"modified":"2021-04-23T11:48:44","modified_gmt":"2021-04-23T15:48:44","slug":"teatro-experimental-julia-de-burgos","status":"publish","type":"page","link":"https:\/\/humanidades.uprrp.edu\/drama\/?page_id=10","title":{"rendered":"Teatro Experimental Julia de Burgos"},"content":{"rendered":"\n<p>Redise\u00f1ado en 1985 como teatro experimental, este teatro tiene capacidad para 180 personas.&nbsp; Siendo el teatro oficial para las representaciones del Departamento de Drama, resulta el espacio id\u00f3neo para representar tanto obras contempor\u00e1neas como los grandes cl\u00e1sicos.&nbsp; Adem\u00e1s de ser espacio de representaci\u00f3n, el Julia es el sal\u00f3n de clases para cursos como Direcci\u00f3n, Actuaci\u00f3n y Dicci\u00f3n.<\/p>\n\n\n\n<figure class=\"wp-block-image size-large\"><img loading=\"lazy\" decoding=\"async\" width=\"1024\" height=\"966\" src=\"https:\/\/humanidades.uprrp.edu\/drama\/wp-content\/uploads\/2021\/04\/Teatro-Julia-de-Burgos-e1619192803644-1024x966.jpg\" alt=\"\" class=\"wp-image-304\" srcset=\"https:\/\/humanidades.uprrp.edu\/drama\/wp-content\/uploads\/2021\/04\/Teatro-Julia-de-Burgos-e1619192803644-1024x966.jpg 1024w, https:\/\/humanidades.uprrp.edu\/drama\/wp-content\/uploads\/2021\/04\/Teatro-Julia-de-Burgos-e1619192803644-300x283.jpg 300w, https:\/\/humanidades.uprrp.edu\/drama\/wp-content\/uploads\/2021\/04\/Teatro-Julia-de-Burgos-e1619192803644-768x724.jpg 768w, https:\/\/humanidades.uprrp.edu\/drama\/wp-content\/uploads\/2021\/04\/Teatro-Julia-de-Burgos-e1619192803644-1536x1449.jpg 1536w, https:\/\/humanidades.uprrp.edu\/drama\/wp-content\/uploads\/2021\/04\/Teatro-Julia-de-Burgos-e1619192803644-700x660.jpg 700w, https:\/\/humanidades.uprrp.edu\/drama\/wp-content\/uploads\/2021\/04\/Teatro-Julia-de-Burgos-e1619192803644-332x313.jpg 332w, https:\/\/humanidades.uprrp.edu\/drama\/wp-content\/uploads\/2021\/04\/Teatro-Julia-de-Burgos-e1619192803644.jpg 1932w\" sizes=\"auto, (max-width: 1024px) 100vw, 1024px\" \/><\/figure>\n","protected":false},"excerpt":{"rendered":"<p>Redise\u00f1ado en 1985 como teatro experimental, este teatro tiene capacidad para 180 personas.&nbsp; Siendo el teatro oficial para las representaciones del Departamento de Drama, resulta el espacio id\u00f3neo para representar tanto obras contempor\u00e1neas como los grandes cl\u00e1sicos.&nbsp; Adem\u00e1s de ser espacio de representaci\u00f3n, el Julia es el sal\u00f3n de clases &#8230;<\/p>\n","protected":false},"author":1,"featured_media":0,"parent":0,"menu_order":0,"comment_status":"closed","ping_status":"closed","template":"","meta":{"footnotes":""},"class_list":["post-10","page","type-page","status-publish","hentry","column","twocol"],"_links":{"self":[{"href":"https:\/\/humanidades.uprrp.edu\/drama\/index.php?rest_route=\/wp\/v2\/pages\/10","targetHints":{"allow":["GET"]}}],"collection":[{"href":"https:\/\/humanidades.uprrp.edu\/drama\/index.php?rest_route=\/wp\/v2\/pages"}],"about":[{"href":"https:\/\/humanidades.uprrp.edu\/drama\/index.php?rest_route=\/wp\/v2\/types\/page"}],"author":[{"embeddable":true,"href":"https:\/\/humanidades.uprrp.edu\/drama\/index.php?rest_route=\/wp\/v2\/users\/1"}],"replies":[{"embeddable":true,"href":"https:\/\/humanidades.uprrp.edu\/drama\/index.php?rest_route=%2Fwp%2Fv2%2Fcomments&post=10"}],"version-history":[{"count":3,"href":"https:\/\/humanidades.uprrp.edu\/drama\/index.php?rest_route=\/wp\/v2\/pages\/10\/revisions"}],"predecessor-version":[{"id":308,"href":"https:\/\/humanidades.uprrp.edu\/drama\/index.php?rest_route=\/wp\/v2\/pages\/10\/revisions\/308"}],"wp:attachment":[{"href":"https:\/\/humanidades.uprrp.edu\/drama\/index.php?rest_route=%2Fwp%2Fv2%2Fmedia&parent=10"}],"curies":[{"name":"wp","href":"https:\/\/api.w.org\/{rel}","templated":true}]}}