{"id":36,"date":"2024-09-19T13:18:52","date_gmt":"2024-09-19T17:18:52","guid":{"rendered":"https:\/\/humanidades.uprrp.edu\/bellasartes\/?page_id=36"},"modified":"2024-10-11T14:11:11","modified_gmt":"2024-10-11T18:11:11","slug":"oferta-academica","status":"publish","type":"page","link":"https:\/\/humanidades.uprrp.edu\/bellasartes\/oferta-academica\/","title":{"rendered":"Oferta Acad\u00e9mica"},"content":{"rendered":"\n<p>El Departamento de Bellas Artes ofrecer\u00e1 dos bachilleratos a partir de agosto 2024. Primero: <strong>Bachillerato en Artes con \u00e9nfasis en Pr\u00e1cticas de las Artes Pl\u00e1sticas Contempor\u00e1neas.<\/strong> Este bachillerato ofrece la oportunidad de tomar cursos en diversas disciplinas tales como: dibujo, pintura, grabado, escultura. Segundo: <strong>Bachillerato en Artes, con \u00e9nfasis en Dise\u00f1o y Tecnolog\u00edas de la Imagen. <\/strong>Este bachillerato ofrece la oportunidad de tomar cursos en diversas disciplinas tales como: fotograf\u00eda, video digital, arte s\u00f3nico y animaci\u00f3n digital.<\/p>\n\n\n\n<p>* El\/la estudiante puede combinar las electivas dirigidas entre ambas \u00e1reas de \u00e9nfasis.<\/p>\n\n\n\n<h3 class=\"wp-block-heading\">Bachillerato en Artes con \u00e9nfasis en Pr\u00e1cticas de las Artes Pl\u00e1sticas Contempor\u00e1neas<\/h3>\n\n\n\n<ul class=\"wp-block-list\">\n<li><a href=\"https:\/\/drive.google.com\/file\/d\/1RAd2ew3hna9rGGTb0-BkoIZDifIic2t_\/view?usp=sharing\">Curr\u00edculo<\/a><\/li>\n\n\n\n<li><a href=\"https:\/\/drive.google.com\/file\/d\/1PA-t5dxG152Au16pGzJN0HCFUB4B1Gya\/view?usp=sharing\">Secuencia curricular sugerida<\/a><\/li>\n<\/ul>\n\n\n\n<h3 class=\"wp-block-heading\">Bachillerato en Artes, con \u00e9nfasis en Dise\u00f1o y Tecnolog\u00edas de la Imagen<\/h3>\n\n\n\n<ul class=\"wp-block-list\">\n<li><a href=\"https:\/\/drive.google.com\/file\/d\/1g7KjWGU1PYOW4IWmfPYAKTe5bGEtxVNc\/view?usp=sharing\">Curr\u00edculo<\/a><\/li>\n\n\n\n<li><a href=\"https:\/\/drive.google.com\/file\/d\/16B29hONtiLALKlmDbkygWJI8KEni7Y_a\/view?usp=sharing\">Secuencia curricular sugerida<\/a><\/li>\n<\/ul>\n","protected":false},"excerpt":{"rendered":"<p>El Departamento de Bellas Artes ofrecer\u00e1 dos bachilleratos a partir de agosto 2024. Primero: Bachillerato en Artes con \u00e9nfasis en Pr\u00e1cticas de las Artes Pl\u00e1sticas Contempor\u00e1neas. Este bachillerato ofrece la oportunidad de tomar cursos en diversas disciplinas tales como: dibujo, pintura, grabado, escultura. Segundo: Bachillerato en Artes, con \u00e9nfasis en &#8230;<\/p>\n","protected":false},"author":2,"featured_media":0,"parent":0,"menu_order":0,"comment_status":"closed","ping_status":"closed","template":"template-full-width.php","meta":{"_eb_attr":"","_monsterinsights_skip_tracking":false,"_monsterinsights_sitenote_active":false,"_monsterinsights_sitenote_note":"","_monsterinsights_sitenote_category":0,"footnotes":""},"class_list":["post-36","page","type-page","status-publish","hentry","column","twocol"],"_links":{"self":[{"href":"https:\/\/humanidades.uprrp.edu\/bellasartes\/wp-json\/wp\/v2\/pages\/36","targetHints":{"allow":["GET"]}}],"collection":[{"href":"https:\/\/humanidades.uprrp.edu\/bellasartes\/wp-json\/wp\/v2\/pages"}],"about":[{"href":"https:\/\/humanidades.uprrp.edu\/bellasartes\/wp-json\/wp\/v2\/types\/page"}],"author":[{"embeddable":true,"href":"https:\/\/humanidades.uprrp.edu\/bellasartes\/wp-json\/wp\/v2\/users\/2"}],"replies":[{"embeddable":true,"href":"https:\/\/humanidades.uprrp.edu\/bellasartes\/wp-json\/wp\/v2\/comments?post=36"}],"version-history":[{"count":5,"href":"https:\/\/humanidades.uprrp.edu\/bellasartes\/wp-json\/wp\/v2\/pages\/36\/revisions"}],"predecessor-version":[{"id":84,"href":"https:\/\/humanidades.uprrp.edu\/bellasartes\/wp-json\/wp\/v2\/pages\/36\/revisions\/84"}],"wp:attachment":[{"href":"https:\/\/humanidades.uprrp.edu\/bellasartes\/wp-json\/wp\/v2\/media?parent=36"}],"curies":[{"name":"wp","href":"https:\/\/api.w.org\/{rel}","templated":true}]}}