{"id":34,"date":"2024-09-19T13:18:02","date_gmt":"2024-09-19T17:18:02","guid":{"rendered":"https:\/\/humanidades.uprrp.edu\/bellasartes\/?page_id=34"},"modified":"2024-09-19T15:37:20","modified_gmt":"2024-09-19T19:37:20","slug":"requisitos-de-admision","status":"publish","type":"page","link":"https:\/\/humanidades.uprrp.edu\/bellasartes\/requisitos-de-admision\/","title":{"rendered":"Requisitos de Admisi\u00f3n"},"content":{"rendered":"\n<h3 class=\"wp-block-heading\">M\u00e9todo tradicional:<\/h3>\n\n\n\n<p>Para solicitar admisi\u00f3n al Departamento de Bellas Artes el\/la estudiante debe cumplir con lo siguiente: &nbsp;requisitos de admisi\u00f3n al Recinto de R\u00edo Piedras, los requisitos espec\u00edficos de la Facultad de Humanidades (IGS de 250 y GPA m\u00ednimo de 2.50), que son los mismos del Departamento de Bellas Artes.<\/p>\n\n\n\n<h3 class=\"wp-block-heading\">M\u00e9todo no tradicional:<\/h3>\n\n\n\n<p>Los solicitantes presentar\u00e1n un portafolio art\u00edstico que contenga 15 im\u00e1genes de trabajos realizados en el medio de su preferencia para ser evaluado por un profesor del Departamento de Bellas.<\/p>\n","protected":false},"excerpt":{"rendered":"<p>M\u00e9todo tradicional: Para solicitar admisi\u00f3n al Departamento de Bellas Artes el\/la estudiante debe cumplir con lo siguiente: &nbsp;requisitos de admisi\u00f3n al Recinto de R\u00edo Piedras, los requisitos espec\u00edficos de la Facultad de Humanidades (IGS de 250 y GPA m\u00ednimo de 2.50), que son los mismos del Departamento de Bellas Artes. &#8230;<\/p>\n","protected":false},"author":2,"featured_media":0,"parent":0,"menu_order":0,"comment_status":"closed","ping_status":"closed","template":"template-full-width.php","meta":{"_eb_attr":"","_monsterinsights_skip_tracking":false,"_monsterinsights_sitenote_active":false,"_monsterinsights_sitenote_note":"","_monsterinsights_sitenote_category":0,"footnotes":""},"class_list":["post-34","page","type-page","status-publish","hentry","column","twocol"],"_links":{"self":[{"href":"https:\/\/humanidades.uprrp.edu\/bellasartes\/wp-json\/wp\/v2\/pages\/34","targetHints":{"allow":["GET"]}}],"collection":[{"href":"https:\/\/humanidades.uprrp.edu\/bellasartes\/wp-json\/wp\/v2\/pages"}],"about":[{"href":"https:\/\/humanidades.uprrp.edu\/bellasartes\/wp-json\/wp\/v2\/types\/page"}],"author":[{"embeddable":true,"href":"https:\/\/humanidades.uprrp.edu\/bellasartes\/wp-json\/wp\/v2\/users\/2"}],"replies":[{"embeddable":true,"href":"https:\/\/humanidades.uprrp.edu\/bellasartes\/wp-json\/wp\/v2\/comments?post=34"}],"version-history":[{"count":1,"href":"https:\/\/humanidades.uprrp.edu\/bellasartes\/wp-json\/wp\/v2\/pages\/34\/revisions"}],"predecessor-version":[{"id":35,"href":"https:\/\/humanidades.uprrp.edu\/bellasartes\/wp-json\/wp\/v2\/pages\/34\/revisions\/35"}],"wp:attachment":[{"href":"https:\/\/humanidades.uprrp.edu\/bellasartes\/wp-json\/wp\/v2\/media?parent=34"}],"curies":[{"name":"wp","href":"https:\/\/api.w.org\/{rel}","templated":true}]}}