{"id":645,"date":"2013-09-18T15:42:26","date_gmt":"2013-09-18T15:42:26","guid":{"rendered":"https:\/\/humanidades.uprrp.edu\/asuntosestudiantiles\/?page_id=645"},"modified":"2026-01-28T15:01:19","modified_gmt":"2026-01-28T19:01:19","slug":"curriculos-2","status":"publish","type":"page","link":"https:\/\/humanidades.uprrp.edu\/asuntosestudiantiles\/curriculos-2\/","title":{"rendered":"Ofrecimientos Acad\u00e9micos de la Facultad de Humanidades"},"content":{"rendered":"\n<h4 class=\"wp-block-heading\"><strong><span style=\"color: #ff0000;\">Bachillerato en Artes Pl\u00e1sticas con \u00e1reas de \u00e9nfasis en:<\/span><\/strong><\/h4>\n\n\n\n<ul class=\"wp-block-list\">\n<li><a href=\"https:\/\/drive.google.com\/file\/d\/1RAd2ew3hna9rGGTb0-BkoIZDifIic2t_\/view?usp=sharing\">Pr\u00e1cticas de las Artes Pl\u00e1sticas Contempor\u00e1neas<\/a><\/li>\n\n\n\n<li><a href=\"https:\/\/drive.google.com\/file\/d\/1g7KjWGU1PYOW4IWmfPYAKTe5bGEtxVNc\/view?usp=sharing\">Dise\u00f1o y Tecnolog\u00edas de la Imagen<\/a><\/li>\n<\/ul>\n\n\n\n<h4 class=\"wp-block-heading\"><strong><span style=\"color: #ff0000;\">Bachillerato en Drama con \u00e1reas de \u00e9nfasis en:<\/span><\/strong><\/h4>\n\n\n\n<ul class=\"wp-block-list\">\n<li><a href=\"https:\/\/drive.google.com\/file\/d\/13uFqhL6XRM1ZeiG6ilND4TQBqif09AYx\/view?usp=sharing\">Actuaci\u00f3n<\/a><\/li>\n\n\n\n<li><a href=\"https:\/\/drive.google.com\/file\/d\/1CAU3KmZGOTrhoDqJo_72K2OyRYXeRQpy\/view?usp=sharing\">Dise\u00f1o y T\u00e9cnica Teatral<\/a><\/li>\n\n\n\n<li><a href=\"https:\/\/drive.google.com\/file\/d\/1F97sfyG827_s5yG5GZMkx5MAvFm694tz\/view?usp=sharing\">Drama General<\/a><\/li>\n\n\n\n<li><a href=\"https:\/\/drive.google.com\/file\/d\/1wWR3K7dMw2G3qE_ziAKAX7-SJh0WlF7a\/view?usp=sharing\">Historia, Literatura y Teor\u00eda Dram\u00e1tica<\/a><\/li>\n<\/ul>\n\n\n\n<h4 class=\"wp-block-heading\"><strong><span style=\"color: #ff0000;\">Bachillerato en Estudios Hisp\u00e1nicos con \u00e1reas de \u00e9nfasis en:<\/span><\/strong><\/h4>\n\n\n\n<ul class=\"wp-block-list\">\n<li><a href=\"https:\/\/drive.google.com\/file\/d\/17cUn0JKbclGxoj-KEVfodDjrbQIJOBkN\/view?usp=sharing\">Estudios Hisp\u00e1nicos General<\/a><\/li>\n\n\n\n<li><a href=\"https:\/\/drive.google.com\/file\/d\/14Q8qLlJHFVrihoyfeM5_uoY-DS_SnfJz\/view?usp=sharing\">Ling\u00fc\u00edstica Hisp\u00e1nica<\/a><\/li>\n\n\n\n<li><a href=\"https:\/\/drive.google.com\/file\/d\/1MzBupbUWvD16UlPpkIAymOgUVdT7SsKV\/view?usp=sharing\">Literatura Espa\u00f1ola<\/a><\/li>\n\n\n\n<li><a href=\"https:\/\/drive.google.com\/file\/d\/1a0G3wy8I9K-nrJG48hbSwLf55b_y4QTg\/view?usp=sharing\">Literatura Hispanoamericana\/Puertorrique\u00f1a<\/a><\/li>\n<\/ul>\n\n\n\n<h4 class=\"wp-block-heading\"><strong><span style=\"color: #ff0000;\">Bachillerato en Estudios Interdisciplinarios con \u00e1reas de \u00e9nfasis en:<\/span><\/strong><\/h4>\n\n\n\n<ul class=\"wp-block-list\">\n<li><a href=\"https:\/\/drive.google.com\/file\/d\/1ci9ViUjh50AQqiR6-gflpSyIndhkX38b\/view?usp=sharing\">Estudios de Cine y Audiovisual<\/a>&#8211; para estudiantes admitidos <mark><mark style=\"background-color:#ffffff\" class=\"has-inline-color\">a partir de Agosto 2021<\/mark><\/mark><\/li>\n\n\n\n<li><a href=\"https:\/\/drive.google.com\/file\/d\/1DfGipG6NS1SR5peXznretRE_rc2BaL7f\/view?usp=drive_link\">Estudios en Escritura Creativa<\/a> &#8211; <mark><mark style=\"background-color:#ffffff\" class=\"has-inline-color\">para estudiantes admitidos a partir de Agosto 2021<\/mark><\/mark>\n<ul class=\"wp-block-list\">\n<li><a href=\"https:\/\/drive.google.com\/file\/d\/1aG0xnokNPe_wpDSnOc07QdTNT0VD9zCZ\/view?usp=sharing\">Opciones de cursos a escoger Escritura Creativa<\/a><br><\/li>\n<\/ul>\n<\/li>\n\n\n\n<li><a href=\"https:\/\/drive.google.com\/file\/d\/1q9BSJf__jEh9jprssqwHRbZlocTNzbuf\/view?usp=drive_link\">Estudios Individualizados<\/a> &#8211; <mark><mark style=\"background-color:#ffffff\" class=\"has-inline-color\">para estudiantes admitidos a partir de Agosto 2021<\/mark><\/mark><\/li>\n\n\n\n<li><a href=\"https:\/\/drive.google.com\/file\/d\/19SQT4YUeCEOI8m_jvF4v2dIMGTBPhLkW\/view?usp=drive_link\">Estudios Prejur\u00eddicos <\/a>&#8211; <mark><mark style=\"background-color:#ffffff\" class=\"has-inline-color\">para estudiantes admitidos a partir de Agosto 2021<\/mark><\/mark>\n<ul class=\"wp-block-list\">\n<li><a href=\"https:\/\/drive.google.com\/file\/d\/1JJ2l5h6bRdI8MZGIim93zX_LETvcQLDt\/view?usp=sharing\">Opciones de cursos a escoger Estudios Prejur\u00eddicos<\/a><\/li>\n<\/ul>\n<\/li>\n<\/ul>\n\n\n\n<h4 class=\"wp-block-heading\"><strong><span style=\"color: #ff0000;\">Bachillerato en Filosof\u00eda<\/span><\/strong><\/h4>\n\n\n\n<ul class=\"wp-block-list\">\n<li><a href=\"https:\/\/drive.google.com\/file\/d\/177reC2qPzh6_VDsyWFqmpVHnojwFR6Gx\/view?usp=sharing\">Filosof\u00eda<\/a> <\/li>\n<\/ul>\n\n\n\n<h4 class=\"wp-block-heading\"><strong><span style=\"color: #ff0000;\">Bachillerato en Historia<br><\/span><\/strong><\/h4>\n\n\n\n<ul class=\"wp-block-list\">\n<li><a href=\"https:\/\/drive.google.com\/file\/d\/1njvlI2TTPAqFfSs7CNUv3ClnPdbUEGPb\/view?usp=sharing\">Historia<\/a> <\/li>\n<\/ul>\n\n\n\n<h4 class=\"wp-block-heading\"><strong><span style=\"color: #ff0000;\">Bachillerato en Historia del Arte con \u00e1reas de \u00e9nfasis en:<\/span><\/strong><\/h4>\n\n\n\n<ul class=\"wp-block-list\">\n<li><a href=\"https:\/\/drive.google.com\/file\/d\/16QMTnMmdy2Q5sSxKt1FjV7uXmDtOVPBl\/view?usp=sharing\">Arte del Caribe y Am\u00e9rica Latina<\/a><\/li>\n\n\n\n<li><a href=\"https:\/\/drive.google.com\/file\/d\/1VqgsJs5oR1M2tZnON42HGmHMN_aGJldI\/view?usp=sharing\">Historia General del Arte Occidental<\/a><\/li>\n<\/ul>\n\n\n\n<h4 class=\"wp-block-heading\"><strong><span style=\"color: #ff0000;\">Bachillerato en Ingl\u00e9s:<\/span><\/strong><\/h4>\n\n\n\n<ul class=\"wp-block-list\">\n<li><a href=\"https:\/\/drive.google.com\/file\/d\/1BfOwxiaq5eFsja-kN-ranYkpYx_yRQR0\/view?usp=sharing\">Ling\u00fc\u00edstica y Comunicaci\u00f3n en Ingl\u00e9s<\/a> <\/li>\n\n\n\n<li><a href=\"https:\/\/drive.google.com\/file\/d\/1EfqjzGSgOrzuXUj-8wNMYSiEEbi1d2bI\/view?usp=sharing\">Literatura en Ingl\u00e9s <\/a><\/li>\n<\/ul>\n\n\n\n<h4 class=\"wp-block-heading\"><strong><span style=\"color: #ff0000;\">Bachillerato en Lenguas Modernas con \u00e1reas de \u00e9nfasis en:<\/span><\/strong><\/h4>\n\n\n\n<ul class=\"wp-block-list\">\n<li><a href=\"https:\/\/drive.google.com\/file\/d\/1rGVuJeUPp8Onz69DgMALh0t1oW72zpZ_\/view?usp=sharing\">Dos Lenguas<\/a> (escoger entre: Franc\u00e9s, Italiano, Portugu\u00e9s, Alem\u00e1n o Chino)<\/li>\n\n\n\n<li><a href=\"https:\/\/drive.google.com\/file\/d\/1tdNjtVzYcOyN2vYgEfO2JAUbAz801MoY\/view?usp=sharing\">Estudios Franceses y Franc\u00f3fonos<\/a><\/li>\n\n\n\n<li><a href=\"https:\/\/drive.google.com\/file\/d\/1f0ZQ_qtYKDBBBODuQj_O_vUZQCWlYh-y\/view?usp=sharing\">Estudios Italianos<\/a><\/li>\n\n\n\n<li><a href=\"https:\/\/drive.google.com\/file\/d\/19Y5Z459OQaV5uQvXN1-Q1NlesCjqGRHe\/view?usp=sharing\">Estudios Lus\u00f3fonos<\/a><\/li>\n<\/ul>\n\n\n\n<h4 class=\"wp-block-heading\"><strong><span style=\"color: #ff0000;\">Bachillerato en Literatura Comparada<\/span><\/strong><\/h4>\n\n\n\n<ul class=\"wp-block-list\">\n<li><a href=\"https:\/\/drive.google.com\/file\/d\/1AWHDj05iW9D5JyHQFFyonNQeSH6LkP4C\/view?usp=sharing\">Literatura Comparada<\/a> <\/li>\n<\/ul>\n\n\n\n<h4 class=\"wp-block-heading\"><strong><span style=\"color: #ff0000;\">Bachillerato en M\u00fasica<\/span><\/strong><\/h4>\n\n\n\n<ul class=\"wp-block-list\">\n<li><a href=\"https:\/\/drive.google.com\/file\/d\/1cKe5jdDobaCBhYHOBDChp8MOUdVMbIsZ\/view?usp=sharing\">M\u00fasica<\/a> <\/li>\n<\/ul>\n\n\n\n<h4 class=\"wp-block-heading\"><strong><span style=\"color: #ff0000;\">Grados combinados (Ruta Acelerada) <\/span><\/strong><\/h4>\n\n\n\n<ul class=\"wp-block-list\">\n<li><a href=\"https:\/\/humanidades.uprrp.edu\/filosofia\/?page_id=1008\">Bachillerato y Maestr\u00eda en Filosof\u00eda<\/a><\/li>\n\n\n\n<li><a href=\"https:\/\/humanidades.uprrp.edu\/literaturacomparada\/programa-combinado-ba-y-ma\/\">Bachillerato y Maestr\u00eda en Literatura Comparada<\/a><\/li>\n\n\n\n<li><a href=\"https:\/\/humanidades.uprrp.edu\/estudioshispanicos\/wp-content\/uploads\/2026\/01\/Manual-de-estudiante-revisado-21-enero-2026.pdf\">Bachillerato y Maestr\u00eda-Doctorado en Estudios Hisp\u00e1nicos<\/a><\/li>\n<\/ul>\n\n\n\n<h4 class=\"wp-block-heading\"><a href=\"http:\/\/humanidades.uprrp.edu\/graduados\/?page_id=191\"><strong><span style=\"color: #ff0000;\">Programas de Maestr\u00eda<\/span><\/strong><\/a><\/h4>\n\n\n\n<ul class=\"wp-block-list\">\n<li>Maestr\u00eda en Estudios Hisp\u00e1nicos<\/li>\n\n\n\n<li>Maestr\u00eda en Filosof\u00eda<\/li>\n\n\n\n<li>Maestr\u00eda en Gesti\u00f3n y Administraci\u00f3n Cultural<\/li>\n\n\n\n<li>Maestr\u00eda en Historia<\/li>\n\n\n\n<li>Maestr\u00eda en Ingl\u00e9s<\/li>\n\n\n\n<li>Maestr\u00eda en Ling\u00fc\u00edstica<\/li>\n\n\n\n<li>Maestr\u00eda en Literatura Comparada<\/li>\n\n\n\n<li>Maestr\u00eda en Traducci\u00f3n<\/li>\n<\/ul>\n\n\n\n<h4 class=\"wp-block-heading\"><span style=\"color: #ff0000;\"><a style=\"color: #ff0000;\" href=\"http:\/\/humanidades.uprrp.edu\/graduados\/?page_id=168\"><strong>Programas Doctorales<\/strong><\/a><\/span><\/h4>\n\n\n\n<ul class=\"wp-block-list\">\n<li>Doctorado en Filosof\u00eda y Letras&nbsp;en&nbsp;Estudios Hisp\u00e1nicos<\/li>\n\n\n\n<li>Doctorado en Filosof\u00eda y Letras&nbsp;en&nbsp;Historia<\/li>\n\n\n\n<li>Doctorado en Filosof\u00eda y Letras&nbsp;en&nbsp;Ingl\u00e9s<\/li>\n<\/ul>\n\n\n\n<p><\/p>\n","protected":false},"excerpt":{"rendered":"<p>Bachillerato en Artes Pl\u00e1sticas con \u00e1reas de \u00e9nfasis en: Bachillerato en Drama con \u00e1reas de \u00e9nfasis en: Bachillerato en Estudios Hisp\u00e1nicos con \u00e1reas de \u00e9nfasis en: Bachillerato en Estudios Interdisciplinarios con \u00e1reas de \u00e9nfasis en: Bachillerato en Filosof\u00eda Bachillerato en Historia Bachillerato en Historia del Arte con \u00e1reas de \u00e9nfasis &#8230;<\/p>\n","protected":false},"author":3,"featured_media":860,"parent":0,"menu_order":0,"comment_status":"closed","ping_status":"closed","template":"","meta":{"footnotes":""},"class_list":["post-645","page","type-page","status-publish","has-post-thumbnail","hentry","column","onecol","has-thumbnail"],"_links":{"self":[{"href":"https:\/\/humanidades.uprrp.edu\/asuntosestudiantiles\/wp-json\/wp\/v2\/pages\/645","targetHints":{"allow":["GET"]}}],"collection":[{"href":"https:\/\/humanidades.uprrp.edu\/asuntosestudiantiles\/wp-json\/wp\/v2\/pages"}],"about":[{"href":"https:\/\/humanidades.uprrp.edu\/asuntosestudiantiles\/wp-json\/wp\/v2\/types\/page"}],"author":[{"embeddable":true,"href":"https:\/\/humanidades.uprrp.edu\/asuntosestudiantiles\/wp-json\/wp\/v2\/users\/3"}],"replies":[{"embeddable":true,"href":"https:\/\/humanidades.uprrp.edu\/asuntosestudiantiles\/wp-json\/wp\/v2\/comments?post=645"}],"version-history":[{"count":126,"href":"https:\/\/humanidades.uprrp.edu\/asuntosestudiantiles\/wp-json\/wp\/v2\/pages\/645\/revisions"}],"predecessor-version":[{"id":2956,"href":"https:\/\/humanidades.uprrp.edu\/asuntosestudiantiles\/wp-json\/wp\/v2\/pages\/645\/revisions\/2956"}],"wp:featuredmedia":[{"embeddable":true,"href":"https:\/\/humanidades.uprrp.edu\/asuntosestudiantiles\/wp-json\/wp\/v2\/media\/860"}],"wp:attachment":[{"href":"https:\/\/humanidades.uprrp.edu\/asuntosestudiantiles\/wp-json\/wp\/v2\/media?parent=645"}],"curies":[{"name":"wp","href":"https:\/\/api.w.org\/{rel}","templated":true}]}}