{"id":644,"date":"2013-09-18T15:42:18","date_gmt":"2013-09-18T15:42:18","guid":{"rendered":"https:\/\/humanidades.uprrp.edu\/asuntosestudiantiles\/?page_id=644"},"modified":"2024-10-11T15:29:16","modified_gmt":"2024-10-11T19:29:16","slug":"enlaces-de-interes-2","status":"publish","type":"page","link":"https:\/\/humanidades.uprrp.edu\/asuntosestudiantiles\/enlaces-de-interes-2\/","title":{"rendered":"Enlaces de inter\u00e9s"},"content":{"rendered":"<h4><a href=\"http:\/\/humanidades.uprrp.edu\" target=\"_blank\" rel=\"noopener\">Facultad de Humanidades<\/a><\/h4>\n<ul>\n<li><a href=\"https:\/\/humanidades.uprrp.edu\/asuntosestudiantiles\/?page_id=642\">Organizaciones estudiantiles Facultad de Humanidades<\/a><\/li>\n<\/ul>\n<h4 style=\"text-align: left;\"><a href=\"http:\/\/estudiantes.uprrp.edu\/\">Decanato de Estudiantes Recinto de R\u00edo Piedras<\/a><\/h4>\n<ul>\n<li><a href=\"http:\/\/pae.uprrp.edu\" target=\"_blank\" rel=\"noopener\">Asistencia Econ\u00f3mica<\/a><\/li>\n<li><a href=\"http:\/\/estudiantes.uprrp.edu\/servicios-al-estudiante\/servicios-medicos\/\" target=\"_blank\" rel=\"noopener\">Servicios m\u00e9dicos<\/a><\/li>\n<li><a href=\"http:\/\/internacionales.uprrp.edu\/\">Decanato Auxiliar de Relaciones Internacionales\u00a0<\/a><\/li>\n<li><a href=\"http:\/\/www.arv.pr.gov\/\">Oficina de Rehabilitaci\u00f3n Vocacional<\/a><\/li>\n<li><a href=\"http:\/\/estudiantes.uprrp.edu\/?page_id=75\">Oficina de Asuntos para las Personas con Impedimentos (OAPI)<\/a><\/li>\n<\/ul>\n<h4><a href=\"http:\/\/uprrp.edu\/registrador\/\" target=\"_blank\" rel=\"noopener\">Registrador<\/a><\/h4>\n<ul>\n<li><a href=\"https:\/\/www.uprrp.edu\/oficina-registrador\/calendarios-academicos\/\">Calendarios Acad\u00e9micos<\/a><\/li>\n<li style=\"text-align: left;\"><a href=\"https:\/\/miupi.uprrp.edu\" target=\"_blank\" rel=\"noopener\">Miupi<\/a><\/li>\n<\/ul>\n<h4><a href=\"http:\/\/seguridad.uprrp.edu\" target=\"_blank\" rel=\"noopener\">Seguridad<\/a><\/h4>\n","protected":false},"excerpt":{"rendered":"<p>Facultad de Humanidades Organizaciones estudiantiles Facultad de Humanidades Decanato de Estudiantes Recinto de R\u00edo Piedras Asistencia Econ\u00f3mica Servicios m\u00e9dicos Decanato Auxiliar de Relaciones Internacionales\u00a0 Oficina de Rehabilitaci\u00f3n Vocacional Oficina de Asuntos para las Personas con Impedimentos (OAPI) Registrador Calendarios Acad\u00e9micos Miupi Seguridad<\/p>\n","protected":false},"author":3,"featured_media":0,"parent":0,"menu_order":0,"comment_status":"closed","ping_status":"closed","template":"","meta":{"footnotes":""},"class_list":["post-644","page","type-page","status-publish","hentry","column","onecol"],"_links":{"self":[{"href":"https:\/\/humanidades.uprrp.edu\/asuntosestudiantiles\/wp-json\/wp\/v2\/pages\/644","targetHints":{"allow":["GET"]}}],"collection":[{"href":"https:\/\/humanidades.uprrp.edu\/asuntosestudiantiles\/wp-json\/wp\/v2\/pages"}],"about":[{"href":"https:\/\/humanidades.uprrp.edu\/asuntosestudiantiles\/wp-json\/wp\/v2\/types\/page"}],"author":[{"embeddable":true,"href":"https:\/\/humanidades.uprrp.edu\/asuntosestudiantiles\/wp-json\/wp\/v2\/users\/3"}],"replies":[{"embeddable":true,"href":"https:\/\/humanidades.uprrp.edu\/asuntosestudiantiles\/wp-json\/wp\/v2\/comments?post=644"}],"version-history":[{"count":57,"href":"https:\/\/humanidades.uprrp.edu\/asuntosestudiantiles\/wp-json\/wp\/v2\/pages\/644\/revisions"}],"predecessor-version":[{"id":2918,"href":"https:\/\/humanidades.uprrp.edu\/asuntosestudiantiles\/wp-json\/wp\/v2\/pages\/644\/revisions\/2918"}],"wp:attachment":[{"href":"https:\/\/humanidades.uprrp.edu\/asuntosestudiantiles\/wp-json\/wp\/v2\/media?parent=644"}],"curies":[{"name":"wp","href":"https:\/\/api.w.org\/{rel}","templated":true}]}}