{"id":637,"date":"2013-09-18T15:41:03","date_gmt":"2013-09-18T15:41:03","guid":{"rendered":"https:\/\/humanidades.uprrp.edu\/asuntosestudiantiles\/?page_id=637"},"modified":"2018-09-11T13:59:11","modified_gmt":"2018-09-11T17:59:11","slug":"sobre-nosotros-4","status":"publish","type":"page","link":"https:\/\/humanidades.uprrp.edu\/asuntosestudiantiles\/sobre-nosotros-4\/","title":{"rendered":"Sobre nosotros"},"content":{"rendered":"<p style=\"text-align: left;\"><span style=\"color: #000000;\">La Facultad de Humanidades es diversa y rica en actividades acad\u00e9micas, culturales y extracurriculares. Se caracteriza por ser interdisciplinaria y muy creativa.\u00a0 En ella se estudia arte, literatura, filosof\u00eda, historia, lenguas, m\u00fasica, teatro, ling\u00fc\u00edstica, entre otras disciplinas.\u00a0 Forma en los fundamentos del saber human\u00edstico; prepara para proseguir estudios graduados en una gran variedad de campos, y abre las puertas a un abanico de profesiones vitales para el pa\u00eds.<\/span><\/p>\n<p style=\"text-align: left;\"><span style=\"color: #000000;\">El\u00a0Decanato Auxiliar en Asuntos Estudiantiles tiene como objetivo coordinar todos los servicios que les son ofrecidos a los estudiantes como complemento a su preparaci\u00f3n acad\u00e9mica.<\/span><\/p>\n<div dir=\"ltr\">\n<p><span style=\"color: #000000;\">Aqu\u00ed tambi\u00e9n se llevan a cabo todos los tr\u00e1mites relacionados con los asuntos acad\u00e9micos de los estudiantes, tales como: los procesos de prematr\u00edcula y matr\u00edcula; bajas parciales y totales; autorizaci\u00f3n de los permisos especiales; readmisiones y otros. El Decanato Auxiliar de Asuntos Estudiantiles act\u00faa, adem\u00e1s, como intermediario y coordinador de otros asuntos y servicios relacionados con la vida estudiantil universitaria de la poblaci\u00f3n de estudiantes adscritos a la Facultad de Humanidades.<\/span><\/p>\n<p><span style=\"color: #000000;\">Nuestra misi\u00f3n es proveer servicios de excelencia al estudiantado en general, con \u00e9nfasis en los candidatos a universitarios, estudiantes y egresados de la Facultad de Humanidades, que contribuyan a satisfacer sus necesidades y que aporten a su desarrollo integral y a la obtenci\u00f3n de su meta acad\u00e9mica.<\/span><\/p>\n<\/div>\n","protected":false},"excerpt":{"rendered":"<p>La Facultad de Humanidades es diversa y rica en actividades acad\u00e9micas, culturales y extracurriculares. Se caracteriza por ser interdisciplinaria y muy creativa.\u00a0 En ella se estudia arte, literatura, filosof\u00eda, historia, lenguas, m\u00fasica, teatro, ling\u00fc\u00edstica, entre otras disciplinas.\u00a0 Forma en los fundamentos del saber human\u00edstico; prepara para proseguir estudios graduados en &#8230;<\/p>\n","protected":false},"author":3,"featured_media":661,"parent":0,"menu_order":0,"comment_status":"closed","ping_status":"closed","template":"","meta":{"footnotes":""},"class_list":["post-637","page","type-page","status-publish","has-post-thumbnail","hentry","column","onecol","has-thumbnail"],"_links":{"self":[{"href":"https:\/\/humanidades.uprrp.edu\/asuntosestudiantiles\/wp-json\/wp\/v2\/pages\/637","targetHints":{"allow":["GET"]}}],"collection":[{"href":"https:\/\/humanidades.uprrp.edu\/asuntosestudiantiles\/wp-json\/wp\/v2\/pages"}],"about":[{"href":"https:\/\/humanidades.uprrp.edu\/asuntosestudiantiles\/wp-json\/wp\/v2\/types\/page"}],"author":[{"embeddable":true,"href":"https:\/\/humanidades.uprrp.edu\/asuntosestudiantiles\/wp-json\/wp\/v2\/users\/3"}],"replies":[{"embeddable":true,"href":"https:\/\/humanidades.uprrp.edu\/asuntosestudiantiles\/wp-json\/wp\/v2\/comments?post=637"}],"version-history":[{"count":23,"href":"https:\/\/humanidades.uprrp.edu\/asuntosestudiantiles\/wp-json\/wp\/v2\/pages\/637\/revisions"}],"predecessor-version":[{"id":2085,"href":"https:\/\/humanidades.uprrp.edu\/asuntosestudiantiles\/wp-json\/wp\/v2\/pages\/637\/revisions\/2085"}],"wp:featuredmedia":[{"embeddable":true,"href":"https:\/\/humanidades.uprrp.edu\/asuntosestudiantiles\/wp-json\/wp\/v2\/media\/661"}],"wp:attachment":[{"href":"https:\/\/humanidades.uprrp.edu\/asuntosestudiantiles\/wp-json\/wp\/v2\/media?parent=637"}],"curies":[{"name":"wp","href":"https:\/\/api.w.org\/{rel}","templated":true}]}}