{"id":2711,"date":"2021-04-27T18:58:44","date_gmt":"2021-04-27T22:58:44","guid":{"rendered":"https:\/\/humanidades.uprrp.edu\/asuntosestudiantiles\/?page_id=2711"},"modified":"2024-10-11T14:35:43","modified_gmt":"2024-10-11T18:35:43","slug":"directorio-de-ayuda-para-matricula","status":"publish","type":"page","link":"https:\/\/humanidades.uprrp.edu\/asuntosestudiantiles\/directorio-de-ayuda-para-matricula\/","title":{"rendered":"Directorio de la Facultad de Humanidades"},"content":{"rendered":"\n<div class=\"wp-block-columns is-layout-flex wp-container-core-columns-is-layout-9d6595d7 wp-block-columns-is-layout-flex\">\n<div class=\"wp-block-column is-layout-flow wp-block-column-is-layout-flow\" style=\"flex-basis:100%\">\n<p><strong>Decanato Auxiliar de Asuntos Estudiantiles<\/strong><br>Julissa Rodr\u00edguez Rivera &#8211; Decana Auxiliar&nbsp;&nbsp;&nbsp;&nbsp;&nbsp;&nbsp; &nbsp;<br><a href=\"mailto:julissa.rodriguez2@upr.edu\">julissa.rodriguez2@upr.edu<\/a><\/p>\n\n\n\n<div class=\"wp-block-group\"><div class=\"wp-block-group__inner-container is-layout-constrained wp-block-group-is-layout-constrained\">\n<p>Nidia Liz Ramos Garc\u00eda &#8211; Oficial de Asuntos Estudiantiles <br><a href=\"mailto:nidia.ramos1@upr.edu\">nidia.ramos1@upr.edu <\/a><\/p>\n<\/div><\/div>\n<\/div>\n<\/div>\n\n\n\n<p><strong>Departamento de Bellas Artes\u00a0<\/strong><br>Prof. Raymond Cruz Corchado &#8211; Coordinador <br><a href=\"mailto:raymond.cruz2@upr.edu\">raymond.cruz2@upr.edu\u00a0<\/a><\/p>\n\n\n\n<p><strong>Departamento de Drama\u00a0<\/strong><br>Prof. Nicol\u00e1s Luzzi \u2013 Director<br><a href=\"mailto:nicolas.luzzi@upr.edu\">nicolas.luzzi@upr.edu<\/a>\u00a0<\/p>\n\n\n\n<p><strong>Departamento de Estudios Hisp\u00e1nicos\u00a0<\/strong><br>Prof. Emilio R. B\u00e1ez &#8211; Director <br><a href=\"mailto:emilio.baez3@upr.edu\">emilio.baez3@upr.edu<\/a>\u00a0<\/p>\n\n\n\n<p>Sally Rodr\u00edguez \u2013 Asistente Administrativo<br><a href=\"mailto:sally.rodriguez@upr.edu\" data-type=\"mailto\" data-id=\"mailto:sally.rodriguez@upr.edu\">sally.rodriguez@upr.edu\u00a0<\/a><\/p>\n\n\n\n<p><strong>Departamento de Filosof\u00eda\u00a0<\/strong><br>Prof. Dialitza Col\u00f3n \u2013 Directora <br><a href=\"mail:dialitza.colon@upr.edu\">dialitza.colon@upr.edu\u00a0<\/a><\/p>\n\n\n\n<p><strong>Departamento de Historia\u00a0<\/strong><br>Prof. Marcial Ocasio \u2013 Director <br><a href=\"mailto:marcial.ocasio@upr.edu\" data-type=\"mailto\" data-id=\"mailto:marcial.ocasio@upr.edu\">marcial.ocasio@upr.edu\u00a0<\/a><\/p>\n\n\n\n<p>Zoraida Hidalgo \u2013 Asistente Administrativo<br><a href=\"mailto:\">zoraida.hidalgo1@upr.edu\u00a0<\/a><\/p>\n\n\n\n<p><strong>Departamento de Historia del Arte\u00a0<\/strong><br>Prof. Mercedes Trelles &#8211; Directora <br><a href=\"mailto:merce\" data-type=\"mailto\" data-id=\"mailto:merce\">mercedes.trelles@upr.edu\u00a0<\/a><\/p>\n\n\n\n<p>\u00c1ngel Acevedo \u2013 Asistente Administrativo<br><a href=\"mailto:angel.acevedo13@upr.edu\">angel.acevedo13@upr.edu<\/a>\u00a0<\/p>\n\n\n\n<p><strong>Departamento de Ingl\u00e9s\u00a0<\/strong><br>Prof. Richard Swope &#8211; Director<br><a href=\"https:\/\/humanidades.uprrp.edu\/asuntosestudiantiles\/?page_id=2909\" data-type=\"page\" data-id=\"2909\">richard.swope1@upr.edu\u00a0<\/a><\/p>\n\n\n\n<p>Sandra Echevarr\u00eda \u2013 Oficial Administrativo<br><a href=\"mailto:sandra.echevarria1@upr.edu\">sandra.echevarria1@upr.edu<\/a>\u00a0<\/p>\n\n\n\n<p><strong>Departamento de Lenguas Modernas\u00a0<\/strong><br>Prof. Mar\u00eda D. Villan\u00faa &#8211; Directora <br><a href=\"https:\/\/humanidades.uprrp.edu\/asuntosestudiantiles\/?page_id=2910\" data-type=\"page\" data-id=\"2910\">maria.villanua@upr.edu\u00a0<\/a><\/p>\n\n\n\n<p>\u00c1ngel Acevedo \u2013 Asistente Administrativo<br><a href=\"https:\/\/humanidades.uprrp.edu\/asuntosestudiantiles\/?page_id=2911\" data-type=\"page\" data-id=\"2911\">angel.acevedo13@upr.edu\u00a0<\/a><\/p>\n\n\n\n<p><strong>Departamento de Literatura Comparada\u00a0<\/strong><br>Prof. Marian Polhill \u2013 Directora <br><a href=\"https:\/\/humanidades.uprrp.edu\/asuntosestudiantiles\/?page_id=2912\" data-type=\"page\" data-id=\"2912\">marian.polhill1@upr.edu\u00a0<\/a><\/p>\n\n\n\n<p><strong>Departamento de M\u00fasica\u00a0<\/strong><br>Prof. Irvin Santiago &#8211; Director <br><a href=\"https:\/\/humanidades.uprrp.edu\/asuntosestudiantiles\/?page_id=2913\" data-type=\"page\" data-id=\"2913\">irvin.santiago@upr.edu\u00a0<\/a><\/p>\n\n\n\n<p>H\u00e9ctor Reyes \u2013 Asistente Administrativo <br><a href=\"mailto:hector.reyes6@upr.edu\">hector.reyes6@upr.edu<\/a>\u00a0<\/p>\n\n\n\n<p><strong>Programa en Estudios Interdisciplinarios (PREI)\u00a0<\/strong><br>Prof. Sunny Cabrera &#8211; Directora <br><a href=\"mailto:sunny.cabrera@upr.edu\">sunny.cabrera@upr.edu<\/a>\u00a0<\/p>\n\n\n\n<p>Magdaly Pastrana \u2013 Asistente Administrativo<br><a href=\"mailto:magdaly.pastrana@upr.edu\">magdaly.pastrana@upr.edu<\/a>\u00a0<\/p>\n\n\n\n<p><strong>Maestr\u00eda en Gesti\u00f3n y Administraci\u00f3n Cultural\u00a0<\/strong><br>Prof. Mareia Quintero- Coordinadora <br><a href=\"mailto:mareia.quintero2@upr.edu\">mareia.quintero2@upr.edu<\/a>\u00a0<\/p>\n\n\n\n<p><strong>Programa Graduado de Traducci\u00f3n\u00a0<\/strong><br>Prof. Zaira Rivera &#8211; Coordinadora<br><a href=\"mailto:zaira.rivera@upr.edu\">zaira.rivera@upr.edu<\/a>\u00a0<\/p>\n\n\n\n<p><strong>Programa Graduado de Ling\u00fc\u00edstica\u00a0<\/strong><br>Prof. Alma Simounet &#8211; Coordinadora<br><a href=\"mailto:alma.simounet@upr.edu\">alma.simounet@upr.edu<\/a>\u00a0<\/p>\n\n\n\n<p><strong>Programa Graduado de Estudios Hisp\u00e1nicos\u00a0<\/strong><br>Prof. Mar\u00eda L. Lugo &#8211; Coordinadora<br><a href=\"mailto:maria.lugo2@upr.edu\">maria.lugo2@upr.edu<\/a>\u00a0<\/p>\n\n\n\n<p><strong>Programa Graduado de Ingl\u00e9s\u00a0<\/strong><br>Prof. Patrick Mather &#8211; Coordinador<br><a href=\"mailto:patrick.mather@upr.edu\">patrick.mather@upr.edu<\/a>\u00a0<\/p>\n","protected":false},"excerpt":{"rendered":"<p>Decanato Auxiliar de Asuntos EstudiantilesJulissa Rodr\u00edguez Rivera &#8211; Decana Auxiliar&nbsp;&nbsp;&nbsp;&nbsp;&nbsp;&nbsp; &nbsp;julissa.rodriguez2@upr.edu Nidia Liz Ramos Garc\u00eda &#8211; Oficial de Asuntos Estudiantiles nidia.ramos1@upr.edu Departamento de Bellas Artes\u00a0Prof. Raymond Cruz Corchado &#8211; Coordinador raymond.cruz2@upr.edu\u00a0 Departamento de Drama\u00a0Prof. Nicol\u00e1s Luzzi \u2013 Directornicolas.luzzi@upr.edu\u00a0 Departamento de Estudios Hisp\u00e1nicos\u00a0Prof. Emilio R. B\u00e1ez &#8211; Director emilio.baez3@upr.edu\u00a0 Sally Rodr\u00edguez &#8230;<\/p>\n","protected":false},"author":3,"featured_media":0,"parent":0,"menu_order":0,"comment_status":"closed","ping_status":"closed","template":"","meta":{"footnotes":""},"class_list":["post-2711","page","type-page","status-publish","hentry","column","onecol"],"_links":{"self":[{"href":"https:\/\/humanidades.uprrp.edu\/asuntosestudiantiles\/wp-json\/wp\/v2\/pages\/2711","targetHints":{"allow":["GET"]}}],"collection":[{"href":"https:\/\/humanidades.uprrp.edu\/asuntosestudiantiles\/wp-json\/wp\/v2\/pages"}],"about":[{"href":"https:\/\/humanidades.uprrp.edu\/asuntosestudiantiles\/wp-json\/wp\/v2\/types\/page"}],"author":[{"embeddable":true,"href":"https:\/\/humanidades.uprrp.edu\/asuntosestudiantiles\/wp-json\/wp\/v2\/users\/3"}],"replies":[{"embeddable":true,"href":"https:\/\/humanidades.uprrp.edu\/asuntosestudiantiles\/wp-json\/wp\/v2\/comments?post=2711"}],"version-history":[{"count":17,"href":"https:\/\/humanidades.uprrp.edu\/asuntosestudiantiles\/wp-json\/wp\/v2\/pages\/2711\/revisions"}],"predecessor-version":[{"id":2914,"href":"https:\/\/humanidades.uprrp.edu\/asuntosestudiantiles\/wp-json\/wp\/v2\/pages\/2711\/revisions\/2914"}],"wp:attachment":[{"href":"https:\/\/humanidades.uprrp.edu\/asuntosestudiantiles\/wp-json\/wp\/v2\/media?parent=2711"}],"curies":[{"name":"wp","href":"https:\/\/api.w.org\/{rel}","templated":true}]}}