{"id":2705,"date":"2021-04-27T14:03:24","date_gmt":"2021-04-27T18:03:24","guid":{"rendered":"https:\/\/humanidades.uprrp.edu\/asuntosestudiantiles\/?page_id=2705"},"modified":"2024-11-13T16:07:47","modified_gmt":"2024-11-13T20:07:47","slug":"servicios-al-estudiante","status":"publish","type":"page","link":"https:\/\/humanidades.uprrp.edu\/asuntosestudiantiles\/servicios-al-estudiante\/","title":{"rendered":"Servicios al Estudiante"},"content":{"rendered":"\n<p><a href=\"https:\/\/miupi.uprrp.edu\/\">Portal Miupi<\/a><\/p>\n\n\n\n<p><a href=\"https:\/\/portal.upr.edu\/uprrp\/portal.php?a=rea_login\">Portal UPR<\/a><\/p>\n\n\n\n<p><a href=\"https:\/\/online.uprrp.edu\/\">Moodle<\/a><\/p>\n\n\n\n<p><a href=\"https:\/\/estudiantes.uprrp.edu\/\">Decanato de Estudiantes<\/a><\/p>\n\n\n\n<p><a href=\"https:\/\/www.uprrp.edu\/oficina-registrador\/\">Oficina del Registrador<\/a><\/p>\n\n\n\n<p><a href=\"https:\/\/dtaa.uprrp.edu\/\">Divisi\u00f3n de Tecnolog\u00edas Acad\u00e9micas (DTAA)<\/a><\/p>\n\n\n\n<p><a href=\"https:\/\/youtu.be\/B6m8zHaNeKU?si=VQwGmL2ssbFyDT6L\">Configuraci\u00f3n inicial y acceso a las plataformas institucionales del Recinto de R\u00edo Piedras<\/a><\/p>\n","protected":false},"excerpt":{"rendered":"<p>Portal Miupi Portal UPR Moodle Decanato de Estudiantes Oficina del Registrador Divisi\u00f3n de Tecnolog\u00edas Acad\u00e9micas (DTAA) Configuraci\u00f3n inicial y acceso a las plataformas institucionales del Recinto de R\u00edo Piedras<\/p>\n","protected":false},"author":3,"featured_media":0,"parent":0,"menu_order":0,"comment_status":"closed","ping_status":"closed","template":"","meta":{"footnotes":""},"class_list":["post-2705","page","type-page","status-publish","hentry","column","onecol"],"_links":{"self":[{"href":"https:\/\/humanidades.uprrp.edu\/asuntosestudiantiles\/wp-json\/wp\/v2\/pages\/2705","targetHints":{"allow":["GET"]}}],"collection":[{"href":"https:\/\/humanidades.uprrp.edu\/asuntosestudiantiles\/wp-json\/wp\/v2\/pages"}],"about":[{"href":"https:\/\/humanidades.uprrp.edu\/asuntosestudiantiles\/wp-json\/wp\/v2\/types\/page"}],"author":[{"embeddable":true,"href":"https:\/\/humanidades.uprrp.edu\/asuntosestudiantiles\/wp-json\/wp\/v2\/users\/3"}],"replies":[{"embeddable":true,"href":"https:\/\/humanidades.uprrp.edu\/asuntosestudiantiles\/wp-json\/wp\/v2\/comments?post=2705"}],"version-history":[{"count":3,"href":"https:\/\/humanidades.uprrp.edu\/asuntosestudiantiles\/wp-json\/wp\/v2\/pages\/2705\/revisions"}],"predecessor-version":[{"id":2937,"href":"https:\/\/humanidades.uprrp.edu\/asuntosestudiantiles\/wp-json\/wp\/v2\/pages\/2705\/revisions\/2937"}],"wp:attachment":[{"href":"https:\/\/humanidades.uprrp.edu\/asuntosestudiantiles\/wp-json\/wp\/v2\/media?parent=2705"}],"curies":[{"name":"wp","href":"https:\/\/api.w.org\/{rel}","templated":true}]}}