{"id":2696,"date":"2021-04-27T13:51:59","date_gmt":"2021-04-27T17:51:59","guid":{"rendered":"https:\/\/humanidades.uprrp.edu\/asuntosestudiantiles\/?page_id=2696"},"modified":"2026-04-14T14:28:32","modified_gmt":"2026-04-14T18:28:32","slug":"matricula","status":"publish","type":"page","link":"https:\/\/humanidades.uprrp.edu\/asuntosestudiantiles\/matricula\/","title":{"rendered":"Matr\u00edcula"},"content":{"rendered":"\n<p><a href=\"https:\/\/www.uprrp.edu\/oficina-registrador\/calendarios-academicos\/\">Calendarios acad\u00e9micos<\/a><\/p>\n\n\n\n<p><a href=\"https:\/\/drive.google.com\/file\/d\/1sSiuOLq037NjF2eqOuyR-ZM4tRVECW2m\/view?usp=drive_link\">Oferta Acad\u00e9mica &#8211; Verano 2026<\/a><\/p>\n\n\n\n<p>Distribuci\u00f3n de turnos de Matr\u00edcula &#8211; Verano 2026<\/p>\n\n\n\n<p><a href=\"https:\/\/drive.google.com\/file\/d\/18j45hjcComUgTsPX45wxhH8bQZ01W5l6\/view?usp=drive_link\">Oferta Acad\u00e9mica &#8211; Agosto 2026<\/a><\/p>\n\n\n\n<p>Distribuci\u00f3n de turnos de Matr\u00edcula &#8211; Agosto 2026<\/p>\n\n\n\n<p><a href=\"https:\/\/humanidades.uprrp.edu\/asuntosestudiantiles\/?page_id=2711\">Directorio de ayuda para matr\u00edcula<\/a><\/p>\n\n\n\n<p><a href=\"https:\/\/matricula.uprrp.edu\/\">Sistema de matr\u00edcula UPR &#8211; Recinto de R\u00edo Piedras<\/a><\/p>\n\n\n\n<p><a href=\"https:\/\/drive.google.com\/file\/d\/1wNri33kWWU-r2a_a0lrertT89WrB-NnH\/view?usp=sharing\">Instrucciones para la selecci\u00f3n de cursos a trav\u00e9s del Portal Miupi<\/a><\/p>\n\n\n\n<p><a href=\"https:\/\/nam02.safelinks.protection.outlook.com\/?url=https%3A%2F%2Fwww.youtube.com%2Fwatch%3Fv%3D6ghWlfMy2HM%26list%3DPLcvIp2tBwB8AMu0fVnJw9skQ4GVoVgI54%26index%3D2%26t%3D146s&amp;data=04%7C01%7Cjulissa.rodriguez2%40upr.edu%7C87ae3a78437f4db9aa9b08d926c55f33%7C0dfa5dc0036f461599e494af822f2b84%7C0%7C0%7C637583451415919825%7CUnknown%7CTWFpbGZsb3d8eyJWIjoiMC4wLjAwMDAiLCJQIjoiV2luMzIiLCJBTiI6Ik1haWwiLCJXVCI6Mn0%3D%7C1000&amp;sdata=QLcy1X0cwgEHT80jZ%2FgCj5BWKOp04OHmLgNRHLm%2BknU%3D&amp;reserved=0\">Proceso para acceder al SIE (video)<\/a><\/p>\n\n\n\n<p><a href=\"https:\/\/nam02.safelinks.protection.outlook.com\/?url=https%3A%2F%2Fwww.youtube.com%2Fwatch%3Fv%3DqgwdVeaoa90%26list%3DPLcvIp2tBwB8AMu0fVnJw9skQ4GVoVgI54%26index%3D1&amp;data=04%7C01%7Cjulissa.rodriguez2%40upr.edu%7C87ae3a78437f4db9aa9b08d926c55f33%7C0dfa5dc0036f461599e494af822f2b84%7C0%7C0%7C637583451415919825%7CUnknown%7CTWFpbGZsb3d8eyJWIjoiMC4wLjAwMDAiLCJQIjoiV2luMzIiLCJBTiI6Ik1haWwiLCJXVCI6Mn0%3D%7C1000&amp;sdata=nfddCUrFFt5alzOrPbOZ%2FVq287nTlYrcmEJiuDo7SSM%3D&amp;reserved=0\">Modalidad, Secciones y Cursos<\/a> (video)<\/p>\n","protected":false},"excerpt":{"rendered":"<p>Calendarios acad\u00e9micos Oferta Acad\u00e9mica &#8211; Verano 2026 Distribuci\u00f3n de turnos de Matr\u00edcula &#8211; Verano 2026 Oferta Acad\u00e9mica &#8211; Agosto 2026 Distribuci\u00f3n de turnos de Matr\u00edcula &#8211; Agosto 2026 Directorio de ayuda para matr\u00edcula Sistema de matr\u00edcula UPR &#8211; Recinto de R\u00edo Piedras Instrucciones para la selecci\u00f3n de cursos a trav\u00e9s &#8230;<\/p>\n","protected":false},"author":3,"featured_media":0,"parent":0,"menu_order":0,"comment_status":"closed","ping_status":"closed","template":"","meta":{"footnotes":""},"class_list":["post-2696","page","type-page","status-publish","hentry","column","onecol"],"_links":{"self":[{"href":"https:\/\/humanidades.uprrp.edu\/asuntosestudiantiles\/wp-json\/wp\/v2\/pages\/2696","targetHints":{"allow":["GET"]}}],"collection":[{"href":"https:\/\/humanidades.uprrp.edu\/asuntosestudiantiles\/wp-json\/wp\/v2\/pages"}],"about":[{"href":"https:\/\/humanidades.uprrp.edu\/asuntosestudiantiles\/wp-json\/wp\/v2\/types\/page"}],"author":[{"embeddable":true,"href":"https:\/\/humanidades.uprrp.edu\/asuntosestudiantiles\/wp-json\/wp\/v2\/users\/3"}],"replies":[{"embeddable":true,"href":"https:\/\/humanidades.uprrp.edu\/asuntosestudiantiles\/wp-json\/wp\/v2\/comments?post=2696"}],"version-history":[{"count":42,"href":"https:\/\/humanidades.uprrp.edu\/asuntosestudiantiles\/wp-json\/wp\/v2\/pages\/2696\/revisions"}],"predecessor-version":[{"id":2961,"href":"https:\/\/humanidades.uprrp.edu\/asuntosestudiantiles\/wp-json\/wp\/v2\/pages\/2696\/revisions\/2961"}],"wp:attachment":[{"href":"https:\/\/humanidades.uprrp.edu\/asuntosestudiantiles\/wp-json\/wp\/v2\/media?parent=2696"}],"curies":[{"name":"wp","href":"https:\/\/api.w.org\/{rel}","templated":true}]}}