{"id":2689,"date":"2021-04-27T13:35:43","date_gmt":"2021-04-27T17:35:43","guid":{"rendered":"https:\/\/humanidades.uprrp.edu\/asuntosestudiantiles\/?page_id=2689"},"modified":"2024-10-11T13:42:10","modified_gmt":"2024-10-11T17:42:10","slug":"concentracion-menor","status":"publish","type":"page","link":"https:\/\/humanidades.uprrp.edu\/asuntosestudiantiles\/concentracion-menor\/","title":{"rendered":"Concentraci\u00f3n Menor"},"content":{"rendered":"\n<p>Cualquier estudiante puede solicitar una concentraci\u00f3n menor en la Facultad de Humanidades. Constan de quince (15) a dieciocho (18) cr\u00e9ditos los cuales una vez se completen los cursos, se certificar\u00e1n en el expediente del estudiante.<\/p>\n\n\n\n<p>Los requisitos para solicitar la concentraci\u00f3n menor son los siguientes:<\/p>\n\n\n\n<ul class=\"wp-block-list\">\n<li>Tener aprobados como m\u00ednimo treinta (30) cr\u00e9ditos al momento de solicitar la concentraci\u00f3n menor.<\/li>\n<\/ul>\n\n\n\n<ul class=\"wp-block-list\">\n<li>Tener un promedio m\u00ednimo de 2.50. Para las concentraciones menores en Lenguas Modernas el promedio m\u00ednimo es 3.00.<\/li>\n<\/ul>\n\n\n\n<h4 class=\"wp-block-heading\"><a href=\"https:\/\/services.portal.upr.edu\/\">Formulario de solicitud de concentraci\u00f3n menor<\/a><\/h4>\n","protected":false},"excerpt":{"rendered":"<p>Cualquier estudiante puede solicitar una concentraci\u00f3n menor en la Facultad de Humanidades. Constan de quince (15) a dieciocho (18) cr\u00e9ditos los cuales una vez se completen los cursos, se certificar\u00e1n en el expediente del estudiante. Los requisitos para solicitar la concentraci\u00f3n menor son los siguientes: Formulario de solicitud de concentraci\u00f3n &#8230;<\/p>\n","protected":false},"author":3,"featured_media":0,"parent":0,"menu_order":0,"comment_status":"closed","ping_status":"closed","template":"","meta":{"footnotes":""},"class_list":["post-2689","page","type-page","status-publish","hentry","column","onecol"],"_links":{"self":[{"href":"https:\/\/humanidades.uprrp.edu\/asuntosestudiantiles\/wp-json\/wp\/v2\/pages\/2689","targetHints":{"allow":["GET"]}}],"collection":[{"href":"https:\/\/humanidades.uprrp.edu\/asuntosestudiantiles\/wp-json\/wp\/v2\/pages"}],"about":[{"href":"https:\/\/humanidades.uprrp.edu\/asuntosestudiantiles\/wp-json\/wp\/v2\/types\/page"}],"author":[{"embeddable":true,"href":"https:\/\/humanidades.uprrp.edu\/asuntosestudiantiles\/wp-json\/wp\/v2\/users\/3"}],"replies":[{"embeddable":true,"href":"https:\/\/humanidades.uprrp.edu\/asuntosestudiantiles\/wp-json\/wp\/v2\/comments?post=2689"}],"version-history":[{"count":2,"href":"https:\/\/humanidades.uprrp.edu\/asuntosestudiantiles\/wp-json\/wp\/v2\/pages\/2689\/revisions"}],"predecessor-version":[{"id":2897,"href":"https:\/\/humanidades.uprrp.edu\/asuntosestudiantiles\/wp-json\/wp\/v2\/pages\/2689\/revisions\/2897"}],"wp:attachment":[{"href":"https:\/\/humanidades.uprrp.edu\/asuntosestudiantiles\/wp-json\/wp\/v2\/media?parent=2689"}],"curies":[{"name":"wp","href":"https:\/\/api.w.org\/{rel}","templated":true}]}}