{"id":2682,"date":"2021-04-27T13:29:15","date_gmt":"2021-04-27T17:29:15","guid":{"rendered":"https:\/\/humanidades.uprrp.edu\/asuntosestudiantiles\/?page_id=2682"},"modified":"2024-10-11T13:36:31","modified_gmt":"2024-10-11T17:36:31","slug":"reclasificacion","status":"publish","type":"page","link":"https:\/\/humanidades.uprrp.edu\/asuntosestudiantiles\/reclasificacion\/","title":{"rendered":"Reclasificaci\u00f3n"},"content":{"rendered":"\n<p>La solicitud de reclasificaci\u00f3n es un cambio de concentraci\u00f3n dentro de la misma facultad o un cambio a otra facultad.&nbsp; Los requisitos para ser admitido a la Facultad de Humanidades son los siguientes:<\/p>\n\n\n\n<ul class=\"wp-block-list\">\n<li>Tener aprobados como m\u00ednimo treinta (30) cr\u00e9ditos al momento de solicitar la reclasificaci\u00f3n.<\/li>\n<\/ul>\n\n\n\n<ul class=\"wp-block-list\">\n<li>Haber aprobado seis (6) cr\u00e9ditos en los cursos de humanidades de la Facultad de Estudios Generales (HUMA 3101-3102 o su equivalente).<\/li>\n<\/ul>\n\n\n\n<ul class=\"wp-block-list\">\n<li>Haber mantenido un promedio m\u00ednimo de 2.50, <strong>excepto<\/strong> para los bachilleratos en Estudios Interdisciplinarios (PREI) que requieren un promedio m\u00ednimo de 2.80, y los bachilleratos en Drama y Lenguas Modernas que requieren un promedio m\u00ednimo de 3.00&nbsp;<\/li>\n<\/ul>\n\n\n\n<p>Departamento de M\u00fasica &#8211; Adem\u00e1s de cumplir con los requisitos arriba indicados, el estudiante debe tener aprobados los cursos MUSI 3175 Introducci\u00f3n a la Lectura y Dictado I y MUSI 3176 Introducci\u00f3n a la Lectura y Dictado II.\u00a0 <\/p>\n\n\n\n<h4 class=\"wp-block-heading\"><a href=\"https:\/\/services.portal.upr.edu\/\">Formulario de cambio de facultad o concentraci\u00f3n<\/a><\/h4>\n","protected":false},"excerpt":{"rendered":"<p>La solicitud de reclasificaci\u00f3n es un cambio de concentraci\u00f3n dentro de la misma facultad o un cambio a otra facultad.&nbsp; Los requisitos para ser admitido a la Facultad de Humanidades son los siguientes: Departamento de M\u00fasica &#8211; Adem\u00e1s de cumplir con los requisitos arriba indicados, el estudiante debe tener aprobados &#8230;<\/p>\n","protected":false},"author":3,"featured_media":0,"parent":0,"menu_order":0,"comment_status":"closed","ping_status":"closed","template":"","meta":{"footnotes":""},"class_list":["post-2682","page","type-page","status-publish","hentry","column","onecol"],"_links":{"self":[{"href":"https:\/\/humanidades.uprrp.edu\/asuntosestudiantiles\/wp-json\/wp\/v2\/pages\/2682","targetHints":{"allow":["GET"]}}],"collection":[{"href":"https:\/\/humanidades.uprrp.edu\/asuntosestudiantiles\/wp-json\/wp\/v2\/pages"}],"about":[{"href":"https:\/\/humanidades.uprrp.edu\/asuntosestudiantiles\/wp-json\/wp\/v2\/types\/page"}],"author":[{"embeddable":true,"href":"https:\/\/humanidades.uprrp.edu\/asuntosestudiantiles\/wp-json\/wp\/v2\/users\/3"}],"replies":[{"embeddable":true,"href":"https:\/\/humanidades.uprrp.edu\/asuntosestudiantiles\/wp-json\/wp\/v2\/comments?post=2682"}],"version-history":[{"count":4,"href":"https:\/\/humanidades.uprrp.edu\/asuntosestudiantiles\/wp-json\/wp\/v2\/pages\/2682\/revisions"}],"predecessor-version":[{"id":2890,"href":"https:\/\/humanidades.uprrp.edu\/asuntosestudiantiles\/wp-json\/wp\/v2\/pages\/2682\/revisions\/2890"}],"wp:attachment":[{"href":"https:\/\/humanidades.uprrp.edu\/asuntosestudiantiles\/wp-json\/wp\/v2\/media?parent=2682"}],"curies":[{"name":"wp","href":"https:\/\/api.w.org\/{rel}","templated":true}]}}