{"id":2679,"date":"2021-04-27T13:27:59","date_gmt":"2021-04-27T17:27:59","guid":{"rendered":"https:\/\/humanidades.uprrp.edu\/asuntosestudiantiles\/?page_id=2679"},"modified":"2024-10-11T13:39:24","modified_gmt":"2024-10-11T17:39:24","slug":"transferencia","status":"publish","type":"page","link":"https:\/\/humanidades.uprrp.edu\/asuntosestudiantiles\/transferencia\/","title":{"rendered":"Transferencia"},"content":{"rendered":"\n<p>El estudiante de transferencia es el que procede de universidades privadas que no forman parte del sistema universitario de la Universidad de Puerto Rico.&nbsp; Para estos, los requisitos de admisi\u00f3n son los siguientes:<\/p>\n\n\n\n<ul class=\"wp-block-list\">\n<li>Tener aprobados como m\u00ednimo treinta (30) cr\u00e9ditos al momento de solicitar la transferencia.<\/li>\n<\/ul>\n\n\n\n<ul class=\"wp-block-list\">\n<li>Haber mantenido un promedio m\u00ednimo de 2.50, <strong>excepto<\/strong> para los bachilleratos en Estudios Interdisciplinarios que requieren un promedio m\u00ednimo de 2.80, el bachillerato en Drama que requiere un promedio m\u00ednimo de 3.00, y el bachillerato en Lenguas Modernas que requiere un promedio m\u00ednimo de 3.00<\/li>\n<\/ul>\n\n\n\n<p><strong>NOTA<\/strong>: Cuando el estudiante procede de una instituci\u00f3n privada, los cr\u00e9ditos tomados en esa instituci\u00f3n no son convalidados autom\u00e1ticamente, para esto, el estudiante tiene que aprobar primero doce (12) cr\u00e9ditos en el Recinto de R\u00edo Piedras y luego solicitar la convalidaci\u00f3n en el Decanato Auxiliar de Asuntos Estudiantiles de la Facultad de Humanidades.&nbsp; El m\u00e1ximo de cr\u00e9ditos a convalidar son treinta (30) cr\u00e9ditos.<\/p>\n\n\n\n<h4 class=\"wp-block-heading\"><a href=\"https:\/\/www.uprrp.edu\/admisiones\/requisitos-generales\/\">Formulario de solicitud de transferencia<\/a><\/h4>\n","protected":false},"excerpt":{"rendered":"<p>El estudiante de transferencia es el que procede de universidades privadas que no forman parte del sistema universitario de la Universidad de Puerto Rico.&nbsp; Para estos, los requisitos de admisi\u00f3n son los siguientes: NOTA: Cuando el estudiante procede de una instituci\u00f3n privada, los cr\u00e9ditos tomados en esa instituci\u00f3n no son &#8230;<\/p>\n","protected":false},"author":3,"featured_media":0,"parent":0,"menu_order":0,"comment_status":"closed","ping_status":"closed","template":"","meta":{"footnotes":""},"class_list":["post-2679","page","type-page","status-publish","hentry","column","onecol"],"_links":{"self":[{"href":"https:\/\/humanidades.uprrp.edu\/asuntosestudiantiles\/wp-json\/wp\/v2\/pages\/2679","targetHints":{"allow":["GET"]}}],"collection":[{"href":"https:\/\/humanidades.uprrp.edu\/asuntosestudiantiles\/wp-json\/wp\/v2\/pages"}],"about":[{"href":"https:\/\/humanidades.uprrp.edu\/asuntosestudiantiles\/wp-json\/wp\/v2\/types\/page"}],"author":[{"embeddable":true,"href":"https:\/\/humanidades.uprrp.edu\/asuntosestudiantiles\/wp-json\/wp\/v2\/users\/3"}],"replies":[{"embeddable":true,"href":"https:\/\/humanidades.uprrp.edu\/asuntosestudiantiles\/wp-json\/wp\/v2\/comments?post=2679"}],"version-history":[{"count":3,"href":"https:\/\/humanidades.uprrp.edu\/asuntosestudiantiles\/wp-json\/wp\/v2\/pages\/2679\/revisions"}],"predecessor-version":[{"id":2892,"href":"https:\/\/humanidades.uprrp.edu\/asuntosestudiantiles\/wp-json\/wp\/v2\/pages\/2679\/revisions\/2892"}],"wp:attachment":[{"href":"https:\/\/humanidades.uprrp.edu\/asuntosestudiantiles\/wp-json\/wp\/v2\/media?parent=2679"}],"curies":[{"name":"wp","href":"https:\/\/api.w.org\/{rel}","templated":true}]}}