{"id":2674,"date":"2021-04-27T13:25:31","date_gmt":"2021-04-27T17:25:31","guid":{"rendered":"https:\/\/humanidades.uprrp.edu\/asuntosestudiantiles\/?page_id=2674"},"modified":"2024-10-11T13:34:28","modified_gmt":"2024-10-11T17:34:28","slug":"readmision","status":"publish","type":"page","link":"https:\/\/humanidades.uprrp.edu\/asuntosestudiantiles\/readmision\/","title":{"rendered":"Readmisi\u00f3n"},"content":{"rendered":"\n<p>El estudiante que ha interrumpido sus estudios por un semestre o m\u00e1s en el Recinto de R\u00edo Piedras, deber\u00e1 llenar una solicitud de readmisi\u00f3n. Adem\u00e1s, aquellos estudiantes que han completado un grado y desean aprobar cursos para obtener una especialidad o cursos prerrequisitos para un programa graduado deber\u00e1n solicitar tambi\u00e9n una readmisi\u00f3n. Los requisitos son los siguientes: &nbsp;<\/p>\n\n\n\n<ul class=\"wp-block-list\">\n<li>Haber mantenido un promedio m\u00ednimo de 2.50<\/li>\n<\/ul>\n\n\n\n<ul class=\"wp-block-list\">\n<li>El Programa en Estudios Interdisciplinarios (PREI) requiere un promedio m\u00ednimo de 2.80<\/li>\n<\/ul>\n\n\n\n<p>Los departamentos de Drama y Lenguas Modernas requieren un promedio m\u00ednimo de 3.00<\/p>\n\n\n\n<h4 class=\"wp-block-heading\"><a href=\"https:\/\/services.portal.upr.edu\/\">Formulario de Solicitud de Readmisi\u00f3n<\/a><\/h4>\n","protected":false},"excerpt":{"rendered":"<p>El estudiante que ha interrumpido sus estudios por un semestre o m\u00e1s en el Recinto de R\u00edo Piedras, deber\u00e1 llenar una solicitud de readmisi\u00f3n. Adem\u00e1s, aquellos estudiantes que han completado un grado y desean aprobar cursos para obtener una especialidad o cursos prerrequisitos para un programa graduado deber\u00e1n solicitar tambi\u00e9n &#8230;<\/p>\n","protected":false},"author":3,"featured_media":0,"parent":0,"menu_order":0,"comment_status":"closed","ping_status":"closed","template":"","meta":{"footnotes":""},"class_list":["post-2674","page","type-page","status-publish","hentry","column","onecol"],"_links":{"self":[{"href":"https:\/\/humanidades.uprrp.edu\/asuntosestudiantiles\/wp-json\/wp\/v2\/pages\/2674","targetHints":{"allow":["GET"]}}],"collection":[{"href":"https:\/\/humanidades.uprrp.edu\/asuntosestudiantiles\/wp-json\/wp\/v2\/pages"}],"about":[{"href":"https:\/\/humanidades.uprrp.edu\/asuntosestudiantiles\/wp-json\/wp\/v2\/types\/page"}],"author":[{"embeddable":true,"href":"https:\/\/humanidades.uprrp.edu\/asuntosestudiantiles\/wp-json\/wp\/v2\/users\/3"}],"replies":[{"embeddable":true,"href":"https:\/\/humanidades.uprrp.edu\/asuntosestudiantiles\/wp-json\/wp\/v2\/comments?post=2674"}],"version-history":[{"count":2,"href":"https:\/\/humanidades.uprrp.edu\/asuntosestudiantiles\/wp-json\/wp\/v2\/pages\/2674\/revisions"}],"predecessor-version":[{"id":2886,"href":"https:\/\/humanidades.uprrp.edu\/asuntosestudiantiles\/wp-json\/wp\/v2\/pages\/2674\/revisions\/2886"}],"wp:attachment":[{"href":"https:\/\/humanidades.uprrp.edu\/asuntosestudiantiles\/wp-json\/wp\/v2\/media?parent=2674"}],"curies":[{"name":"wp","href":"https:\/\/api.w.org\/{rel}","templated":true}]}}