{"id":2253,"date":"2019-01-31T09:00:35","date_gmt":"2019-01-31T13:00:35","guid":{"rendered":"https:\/\/humanidades.uprrp.edu\/asuntosestudiantiles\/?page_id=2253"},"modified":"2022-09-08T15:15:56","modified_gmt":"2022-09-08T19:15:56","slug":"concentraciones-menores","status":"publish","type":"page","link":"https:\/\/humanidades.uprrp.edu\/asuntosestudiantiles\/concentraciones-menores\/","title":{"rendered":"Concentraciones Menores"},"content":{"rendered":"<h4 style=\"text-align: left;\"><strong><span style=\"color: #ff0000;\">Curr\u00edculos de las Concentraciones Menores<\/span><\/strong><\/h4>\n<p><strong>Departamento de Estudios Hisp\u00e1nicos<\/strong><br \/>\n<a href=\"https:\/\/drive.google.com\/file\/d\/1tD7UoSqL9ndjCbiPq0DwyARgcF4R2tbS\/view?usp=sharing\">Ling\u00fc\u00edstica Hisp\u00e1nica<\/a><\/p>\n<p><strong>Departamento de Ingl\u00e9s<\/strong><br \/>\n<a href=\"https:\/\/drive.google.com\/file\/d\/1BB0mDcme8tKqBMxnVzmlaPrh9894v3TN\/view?usp=sharing\">Exploraci\u00f3n de la literatura a trav\u00e9s del cine<\/a><br \/>\n<a href=\"https:\/\/drive.google.com\/file\/d\/1BSS5uxTU-08q0y_cjxytBrImMZN-zDWI\/view?usp=sharing\">Exploraci\u00f3n de un mundo de literatura en ingl\u00e9s<\/a><br \/>\n<a href=\"https:\/\/drive.google.com\/file\/d\/1TbZx5FwYgLUKS6kjVuo1rSWOsS9XRhMX\/view?usp=sharing\">Drama y la representaci\u00f3n intercultural<\/a><br \/>\n<a href=\"https:\/\/drive.google.com\/file\/d\/1qmLAoZiTHnNK04neNx81Mzucc_1E1JNe\/view?usp=sharing\">Exploraci\u00f3n del campo de la ling\u00fc\u00edstica<\/a><br \/>\n<a href=\"https:\/\/drive.google.com\/file\/d\/1rsNcgFw5Zf0yWaGD4o6hrNwpC4TL2dni\/view?usp=sharing\">Ingl\u00e9s para los estudiantes de ciencias<\/a><br \/>\n<a href=\"https:\/\/drive.google.com\/file\/d\/1apGvqzhXHo20w08b3BuJq7vKYnWntfhJ\/view?usp=sharing\">Ingl\u00e9s como segundo idioma niveles I y II<\/a><br \/>\n<a href=\"https:\/\/drive.google.com\/file\/d\/1RCUbqiAD4dayjWKLs74md7fYF8BZ8mVz\/view?usp=sharing\">Ingl\u00e9s como segundo idioma niveles III y IV<\/a><br \/>\n<a href=\"https:\/\/drive.google.com\/file\/d\/1VzBKV0BOJz24zyGEsRZVd3-FP2sMDlOB\/view?usp=sharing\">Ingl\u00e9s como segundo idioma nivel V<\/a><\/p>\n<p><strong>Departamento de Lenguas Modernas<br \/>\n<\/strong><a href=\"https:\/\/drive.google.com\/file\/d\/13hivyP_YuMgbupAuzv4RdZF4ADqXt2RA\/view?usp=sharing\">Alem\u00e1n<\/a><br \/>\n<a href=\"https:\/\/drive.google.com\/file\/d\/1jz0ySy0UTVdmKsQf0mXhJEcKAKtmv3gY\/view?usp=sharing\">Chino Mandar\u00edn<\/a><br \/>\n<a href=\"https:\/\/drive.google.com\/file\/d\/1daeDT3nhFNF3TiQ-Vx-rqiwOYH-7rXzl\/view?usp=sharing\">Franc\u00e9s<\/a><br \/>\n<a href=\"https:\/\/drive.google.com\/file\/d\/1Rw-CFVV_BssVFu9msr-TP4WV401VS3US\/view?usp=sharing\">Italiano<\/a><br \/>\n<a href=\"https:\/\/drive.google.com\/file\/d\/1Xj6dg6Kmnts4mbo-H1pxXjGl_MbL0_6Y\/view?usp=sharing\">Portugu\u00e9s<\/a><\/p>\n<p><strong>Programa en Estudios Interdisciplinarios<\/strong><br \/>\n<a href=\"https:\/\/drive.google.com\/file\/d\/1iS39jmBmiR1wxujhQKLNgVSdSqXYlZu0\/view?usp=sharing\">Humanidades M\u00e9dicas y de la Salud<\/a><\/p>\n","protected":false},"excerpt":{"rendered":"<p>Curr\u00edculos de las Concentraciones Menores Departamento de Estudios Hisp\u00e1nicos Ling\u00fc\u00edstica Hisp\u00e1nica Departamento de Ingl\u00e9s Exploraci\u00f3n de la literatura a trav\u00e9s del cine Exploraci\u00f3n de un mundo de literatura en ingl\u00e9s Drama y la representaci\u00f3n intercultural Exploraci\u00f3n del campo de la ling\u00fc\u00edstica Ingl\u00e9s para los estudiantes de ciencias Ingl\u00e9s como segundo &#8230;<\/p>\n","protected":false},"author":3,"featured_media":0,"parent":0,"menu_order":0,"comment_status":"closed","ping_status":"closed","template":"","meta":{"footnotes":""},"class_list":["post-2253","page","type-page","status-publish","hentry","column","onecol"],"_links":{"self":[{"href":"https:\/\/humanidades.uprrp.edu\/asuntosestudiantiles\/wp-json\/wp\/v2\/pages\/2253","targetHints":{"allow":["GET"]}}],"collection":[{"href":"https:\/\/humanidades.uprrp.edu\/asuntosestudiantiles\/wp-json\/wp\/v2\/pages"}],"about":[{"href":"https:\/\/humanidades.uprrp.edu\/asuntosestudiantiles\/wp-json\/wp\/v2\/types\/page"}],"author":[{"embeddable":true,"href":"https:\/\/humanidades.uprrp.edu\/asuntosestudiantiles\/wp-json\/wp\/v2\/users\/3"}],"replies":[{"embeddable":true,"href":"https:\/\/humanidades.uprrp.edu\/asuntosestudiantiles\/wp-json\/wp\/v2\/comments?post=2253"}],"version-history":[{"count":13,"href":"https:\/\/humanidades.uprrp.edu\/asuntosestudiantiles\/wp-json\/wp\/v2\/pages\/2253\/revisions"}],"predecessor-version":[{"id":2773,"href":"https:\/\/humanidades.uprrp.edu\/asuntosestudiantiles\/wp-json\/wp\/v2\/pages\/2253\/revisions\/2773"}],"wp:attachment":[{"href":"https:\/\/humanidades.uprrp.edu\/asuntosestudiantiles\/wp-json\/wp\/v2\/media?parent=2253"}],"curies":[{"name":"wp","href":"https:\/\/api.w.org\/{rel}","templated":true}]}}