{"id":1543,"date":"2014-03-27T12:19:54","date_gmt":"2014-03-27T16:19:54","guid":{"rendered":"https:\/\/humanidades.uprrp.edu\/asuntosestudiantiles\/?page_id=1543"},"modified":"2021-04-27T13:36:54","modified_gmt":"2021-04-27T17:36:54","slug":"requisitos-de-admision","status":"publish","type":"page","link":"https:\/\/humanidades.uprrp.edu\/asuntosestudiantiles\/requisitos-de-admision\/","title":{"rendered":"Requisitos de Admisi\u00f3n"},"content":{"rendered":"<p><a href=\"https:\/\/humanidades.uprrp.edu\/asuntosestudiantiles\/?page_id=2674\">Readmisi\u00f3n<\/a><\/p>\n<p><a href=\"https:\/\/humanidades.uprrp.edu\/asuntosestudiantiles\/?page_id=2676\">Traslado<\/a><\/p>\n<p><a href=\"https:\/\/humanidades.uprrp.edu\/asuntosestudiantiles\/?page_id=2679\">Transferencia<\/a><\/p>\n<p><a href=\"https:\/\/humanidades.uprrp.edu\/asuntosestudiantiles\/?page_id=2682\">Reclasificaci\u00f3n<\/a> (cambio de facultad o cambio de concentraci\u00f3n)<\/p>\n<p><a href=\"https:\/\/humanidades.uprrp.edu\/asuntosestudiantiles\/?page_id=2685\">Segunda Concentraci\u00f3n<\/a><\/p>\n<p><a href=\"https:\/\/humanidades.uprrp.edu\/asuntosestudiantiles\/?page_id=2689\">Concentraci\u00f3n Menor<\/a><\/p>\n\n\n<p><\/p>\n","protected":false},"excerpt":{"rendered":"<p>Readmisi\u00f3n Traslado Transferencia Reclasificaci\u00f3n (cambio de facultad o cambio de concentraci\u00f3n) Segunda Concentraci\u00f3n Concentraci\u00f3n Menor<\/p>\n","protected":false},"author":3,"featured_media":0,"parent":0,"menu_order":0,"comment_status":"closed","ping_status":"closed","template":"","meta":{"footnotes":""},"class_list":["post-1543","page","type-page","status-publish","hentry","column","onecol"],"_links":{"self":[{"href":"https:\/\/humanidades.uprrp.edu\/asuntosestudiantiles\/wp-json\/wp\/v2\/pages\/1543","targetHints":{"allow":["GET"]}}],"collection":[{"href":"https:\/\/humanidades.uprrp.edu\/asuntosestudiantiles\/wp-json\/wp\/v2\/pages"}],"about":[{"href":"https:\/\/humanidades.uprrp.edu\/asuntosestudiantiles\/wp-json\/wp\/v2\/types\/page"}],"author":[{"embeddable":true,"href":"https:\/\/humanidades.uprrp.edu\/asuntosestudiantiles\/wp-json\/wp\/v2\/users\/3"}],"replies":[{"embeddable":true,"href":"https:\/\/humanidades.uprrp.edu\/asuntosestudiantiles\/wp-json\/wp\/v2\/comments?post=1543"}],"version-history":[{"count":32,"href":"https:\/\/humanidades.uprrp.edu\/asuntosestudiantiles\/wp-json\/wp\/v2\/pages\/1543\/revisions"}],"predecessor-version":[{"id":2693,"href":"https:\/\/humanidades.uprrp.edu\/asuntosestudiantiles\/wp-json\/wp\/v2\/pages\/1543\/revisions\/2693"}],"wp:attachment":[{"href":"https:\/\/humanidades.uprrp.edu\/asuntosestudiantiles\/wp-json\/wp\/v2\/media?parent=1543"}],"curies":[{"name":"wp","href":"https:\/\/api.w.org\/{rel}","templated":true}]}}