{"id":1481,"date":"2014-02-28T14:08:50","date_gmt":"2014-02-28T18:08:50","guid":{"rendered":"https:\/\/humanidades.uprrp.edu\/asuntosestudiantiles\/?page_id=1481"},"modified":"2024-10-11T16:16:12","modified_gmt":"2024-10-11T20:16:12","slug":"segundas-concentraciones","status":"publish","type":"page","link":"https:\/\/humanidades.uprrp.edu\/asuntosestudiantiles\/segundas-concentraciones\/","title":{"rendered":"Curr\u00edculos Segundas Concentraciones"},"content":{"rendered":"<div class=\"wp-block-image\">\n<figure class=\"alignright\"><img loading=\"lazy\" decoding=\"async\" width=\"290\" height=\"290\" src=\"https:\/\/humanidades.uprrp.edu\/asuntosestudiantiles\/wp-content\/uploads\/bellasartes-290x290.jpg\" alt=\"bellasartes\" class=\"wp-image-1284\"\/><\/figure><\/div>\n\n\n<h4 class=\"wp-block-heading\"><strong><span style=\"color: #ff0000;\">Bellas Artes<\/span><\/strong><\/h4>\n\n\n\n<p class=\"has-text-align-left\"><a href=\"https:\/\/drive.google.com\/file\/d\/1AdGXzE9clgkIRqHtHcO_LE7pxgH8Mj-7\/view?usp=sharing\">Pr\u00e1cticas de las Artes Pl\u00e1sticas Contempor\u00e1neas<\/a><br><a href=\"https:\/\/drive.google.com\/file\/d\/1zq69y_6DqSzObSeGPthpOiV3c0ig-9u3\/view?usp=sharing\">Dise\u00f1o y Tecnolog\u00eda de la Imagen<\/a><\/p>\n\n\n\n<h4 class=\"wp-block-heading\"><strong><span style=\"color: #ff0000;\">Drama<\/span><\/strong><\/h4>\n\n\n\n<p class=\"has-text-align-left\"><a href=\"https:\/\/drive.google.com\/file\/d\/1fkByyfkw6L2NOAp4nsNAX-fWFdxSA-LD\/view?usp=sharing\">Actuaci\u00f3n<\/a><br><a href=\"https:\/\/drive.google.com\/file\/d\/1LliERiWsdfbTFXXclfqbHbmv9Towwh8O\/view?usp=sharing\">Dise\u00f1o y T\u00e9cnica Teatral<\/a><br><a href=\"https:\/\/drive.google.com\/file\/d\/1bmmzg3ruL5w3KiUWZt-k37mLF19az-fr\/view?usp=sharing\">General<\/a><br><a href=\"https:\/\/drive.google.com\/file\/d\/1ncGfxFwtkQ8AexEFCo-SUOxoYrAORxzI\/view?usp=sharing\">Historia, Literatura y Teor\u00eda Dram\u00e1tica<\/a><\/p>\n\n\n\n<h4 class=\"wp-block-heading\"><strong><span style=\"color: #ff0000;\">Estudios Hisp\u00e1nicos<\/span><\/strong><\/h4>\n\n\n\n<p class=\"has-text-align-left\"><a href=\"https:\/\/drive.google.com\/file\/d\/12Yn32Nr1-aOWBUoMm9-4CysHtYwlsa2S\/view?usp=sharing\">General<\/a><br><a href=\"https:\/\/drive.google.com\/file\/d\/1IjfK9CRLVFuhQSZ9jQIVeduOR6j6JN5w\/view?usp=sharing\">Ling\u00fc\u00edstica Hisp\u00e1nica<\/a><br><a href=\"https:\/\/drive.google.com\/file\/d\/1x5DSFYGxUDq1ni4M5EQ5BuxCoRHIcl9D\/view?usp=sharing\">Literatura Espa\u00f1ola<\/a><br><a href=\"https:\/\/drive.google.com\/file\/d\/1_KCcODLYdzCDuALSN_KpgavrmepNbL_U\/view?usp=sharing\">Literatura Hispanoamericana \/ Puertorrique\u00f1a<\/a><\/p>\n\n\n\n<h4 class=\"wp-block-heading has-vivid-red-color has-text-color has-link-color wp-elements-d239df4fad58a9922d9cda862e7a9d50\"><span style=\"font-size: 18px;\"><span style=\"font-family: helvetica;\"><span style=\"color: #ff0000;\"><strong>Filosof\u00eda<\/strong><\/span><\/span><\/span><\/h4>\n\n\n\n<p><a href=\"https:\/\/drive.google.com\/file\/d\/18FWTBj3jEk0j3RLz8uTE7UbuZ_JYBudn\/view?usp=sharing\">Filosof\u00eda<\/a><\/p>\n\n\n\n<h4 class=\"wp-block-heading\"><strong><span style=\"color: #ff0000;\">Historia<\/span><\/strong><\/h4>\n\n\n\n<p class=\"has-text-align-left\"><a href=\"https:\/\/drive.google.com\/file\/d\/1h32_dkvbz-bhlOw6V83kymP99Xl0WvZv\/view?usp=sharing\">Historia<\/a> <\/p>\n\n\n\n<h4 class=\"wp-block-heading\"><strong><span style=\"color: #ff0000;\">Historia del Arte<\/span><\/strong><\/h4>\n\n\n\n<p class=\"has-text-align-left\"><a href=\"https:\/\/drive.google.com\/file\/d\/1yk5_XrwRgCiErQBIpBdIxlv4GpuevGhC\/view?usp=sharing\">Arte del Caribe<\/a><br><a href=\"https:\/\/drive.google.com\/file\/d\/1r-rJE1OPEqao86YyCJB0ow8R6SUJrRzJ\/view?usp=sharing\">Arte Occidental<\/a><\/p>\n\n\n\n<p><strong><span style=\"color: #ff0000;\">Ingl\u00e9s<\/span><\/strong><br><a href=\"https:\/\/drive.google.com\/file\/d\/1yA0QxuA4iyz3ayKssTLBKbhIiK70hz3Z\/view?usp=sharing\">Ling\u00fc\u00edstica y Comunicaci\u00f3n<\/a> <br><a href=\"https:\/\/drive.google.com\/file\/d\/1cJv21UWXQLXSmVDH4NpdyOa2N_ghRawo\/view?usp=sharing\">Literatura<\/a> <\/p>\n\n\n\n<h4 class=\"wp-block-heading\"><strong><span style=\"color: #ff0000;\">Lenguas Modernas<\/span><\/strong><\/h4>\n\n\n\n<p class=\"has-text-align-left\"><a href=\"https:\/\/drive.google.com\/file\/d\/1SwwJG6JYOcPWbgfb1v2iyHqEXxXJfmzp\/view?usp=sharing\">Dos Lenguas<\/a><br><a href=\"https:\/\/drive.google.com\/file\/d\/1_DcEJw_MTWFuvich2uDJMz31NysHhYFP\/view?usp=sharing\">Estudios Franceses<\/a><br><a href=\"https:\/\/drive.google.com\/file\/d\/1dLn6Thytaf2m7flR0bcMHN6n268EQ4zC\/view?usp=sharing\">Estudios Italianos<\/a><br><a href=\"https:\/\/drive.google.com\/file\/d\/1qNS7QrRe8GMJIk6PnqX1pMBGnKAIgTAB\/view?usp=sharing\">Estudios Lus\u00f3fonos<\/a> (Portugu\u00e9s)<\/p>\n\n\n\n<h4 class=\"wp-block-heading\"><strong><span style=\"color: #ff0000;\">Literatura<\/span><\/strong><\/h4>\n\n\n\n<p class=\"has-text-align-left\"><a href=\"https:\/\/drive.google.com\/file\/d\/1C9oELOwCsrvxnio7-tYtuXA0_ClUmKZe\/view?usp=sharing\">Literatura Comparada<\/a> <\/p>\n\n\n\n<h4 class=\"wp-block-heading\"><strong><span style=\"color: #ff0000;\">M\u00fasica<\/span><\/strong><\/h4>\n\n\n\n<p class=\"has-text-align-left\"><a href=\"https:\/\/drive.google.com\/file\/d\/12FuxxunjGCSfeUy4pMMEvfoauzbhiPXI\/view?usp=sharing\">M\u00fasica<\/a> <\/p>\n","protected":false},"excerpt":{"rendered":"<p>Bellas Artes Pr\u00e1cticas de las Artes Pl\u00e1sticas Contempor\u00e1neasDise\u00f1o y Tecnolog\u00eda de la Imagen Drama Actuaci\u00f3nDise\u00f1o y T\u00e9cnica TeatralGeneralHistoria, Literatura y Teor\u00eda Dram\u00e1tica Estudios Hisp\u00e1nicos GeneralLing\u00fc\u00edstica Hisp\u00e1nicaLiteratura Espa\u00f1olaLiteratura Hispanoamericana \/ Puertorrique\u00f1a Filosof\u00eda Filosof\u00eda Historia Historia Historia del Arte Arte del CaribeArte Occidental Ingl\u00e9sLing\u00fc\u00edstica y Comunicaci\u00f3n Literatura Lenguas Modernas Dos LenguasEstudios FrancesesEstudios &#8230;<\/p>\n","protected":false},"author":3,"featured_media":0,"parent":0,"menu_order":0,"comment_status":"closed","ping_status":"closed","template":"","meta":{"footnotes":""},"class_list":["post-1481","page","type-page","status-publish","hentry","column","onecol"],"_links":{"self":[{"href":"https:\/\/humanidades.uprrp.edu\/asuntosestudiantiles\/wp-json\/wp\/v2\/pages\/1481","targetHints":{"allow":["GET"]}}],"collection":[{"href":"https:\/\/humanidades.uprrp.edu\/asuntosestudiantiles\/wp-json\/wp\/v2\/pages"}],"about":[{"href":"https:\/\/humanidades.uprrp.edu\/asuntosestudiantiles\/wp-json\/wp\/v2\/types\/page"}],"author":[{"embeddable":true,"href":"https:\/\/humanidades.uprrp.edu\/asuntosestudiantiles\/wp-json\/wp\/v2\/users\/3"}],"replies":[{"embeddable":true,"href":"https:\/\/humanidades.uprrp.edu\/asuntosestudiantiles\/wp-json\/wp\/v2\/comments?post=1481"}],"version-history":[{"count":49,"href":"https:\/\/humanidades.uprrp.edu\/asuntosestudiantiles\/wp-json\/wp\/v2\/pages\/1481\/revisions"}],"predecessor-version":[{"id":2928,"href":"https:\/\/humanidades.uprrp.edu\/asuntosestudiantiles\/wp-json\/wp\/v2\/pages\/1481\/revisions\/2928"}],"wp:attachment":[{"href":"https:\/\/humanidades.uprrp.edu\/asuntosestudiantiles\/wp-json\/wp\/v2\/media?parent=1481"}],"curies":[{"name":"wp","href":"https:\/\/api.w.org\/{rel}","templated":true}]}}